{"id":535931,"date":"2025-09-05T00:03:25","date_gmt":"2025-09-04T21:03:25","guid":{"rendered":"https:\/\/nbg.eu\/product\/utg-pro-monolithic-m-lok-handguard-for-mp5k\/"},"modified":"2026-01-21T12:27:14","modified_gmt":"2026-01-21T09:27:14","slug":"utg-pro-monolithic-m-lok-handguard-for-mp5k","status":"publish","type":"product","link":"https:\/\/nbg.eu\/fr\/produit\/utg-pro-monolithic-m-lok-handguard-for-mp5k\/","title":{"rendered":"UTG PRO?\u00ae MONOLITHIC M-LOK\u00ae HANDGUARD FOR MP5K"},"content":{"rendered":"<div class=\"product-description\">\n<h2>Garde-main monolithique M-LOK\u00ae UTG PRO\u00ae pour MP5K<\/h2>\n<p>Le garde-main monolithique M-LOK\u00ae UTG PRO\u00ae pour MP5K offre :<\/p>\n<ul>\n<li>Construction en aluminium pour l\u00e9g\u00e8ret\u00e9 et r\u00e9sistance<\/li>\n<li>Emplacements compatibles M-LOK\u00ae pour le montage d&rsquo;accessoires<\/li>\n<li>Conception \u00e0 profil bas pour l&rsquo;ergonomie<\/li>\n<li>Installation facile sans n\u00e9cessit\u00e9 d&rsquo;un armurier<\/li>\n<li>Am\u00e9lioration de la dissipation thermique<\/li>\n<li>Fabriqu\u00e9 aux \u00c9tats-Unis avec garantie \u00e0 vie<\/li>\n<\/ul>\n<p>Le garde-main monolithique M-LOK\u00ae UTG PRO\u00ae offre fonctionnalit\u00e9 et style pour les forces de l&rsquo;ordre, les tireurs sportifs et les amateurs d&rsquo;armes \u00e0 feu.<\/p>\n<\/div>\n","protected":false},"excerpt":{"rendered":"<p>Garde-main UTG PRO M-LOK : Am\u00e9lioration \u00e9l\u00e9gante et durable pour le MP5K.<\/p>\n","protected":false},"featured_media":745241,"template":"","meta":{"_acf_changed":false},"product_brand":[14398],"product_cat":[12193,14797,12207,12154],"product_tag":[],"class_list":{"0":"post-535931","1":"product","2":"type-product","3":"status-publish","4":"has-post-thumbnail","6":"product_brand-leapers-inc","7":"product_cat-fusil","8":"product_cat-protege-mains","9":"product_cat-rails","10":"product_cat-tuning-fusil","12":"first","13":"instock","14":"taxable","15":"shipping-taxable","16":"purchasable","17":"product-type-simple"},"acf":[],"_links":{"self":[{"href":"https:\/\/nbg.eu\/fr\/wp-json\/wp\/v2\/product\/535931","targetHints":{"allow":["GET"]}}],"collection":[{"href":"https:\/\/nbg.eu\/fr\/wp-json\/wp\/v2\/product"}],"about":[{"href":"https:\/\/nbg.eu\/fr\/wp-json\/wp\/v2\/types\/product"}],"wp:featuredmedia":[{"embeddable":true,"href":"https:\/\/nbg.eu\/fr\/wp-json\/wp\/v2\/media\/745241"}],"wp:attachment":[{"href":"https:\/\/nbg.eu\/fr\/wp-json\/wp\/v2\/media?parent=535931"}],"wp:term":[{"taxonomy":"product_brand","embeddable":true,"href":"https:\/\/nbg.eu\/fr\/wp-json\/wp\/v2\/product_brand?post=535931"},{"taxonomy":"product_cat","embeddable":true,"href":"https:\/\/nbg.eu\/fr\/wp-json\/wp\/v2\/product_cat?post=535931"},{"taxonomy":"product_tag","embeddable":true,"href":"https:\/\/nbg.eu\/fr\/wp-json\/wp\/v2\/product_tag?post=535931"}],"curies":[{"name":"wp","href":"https:\/\/api.w.org\/{rel}","templated":true}]}}