{"id":536043,"date":"2025-09-05T00:03:25","date_gmt":"2025-09-04T21:03:25","guid":{"rendered":"https:\/\/nbg.eu\/product\/utg-pro-monolithic-m-lok-handguard-for-mp5-extended-length\/"},"modified":"2026-02-27T15:51:13","modified_gmt":"2026-02-27T12:51:13","slug":"utg-pro-monolithic-m-lok-handguard-for-mp5-extended-length","status":"publish","type":"product","link":"https:\/\/nbg.eu\/fr\/produit\/utg-pro-monolithic-m-lok-handguard-for-mp5-extended-length\/","title":{"rendered":"UTG PRO\u00ae Monolithic M-LOK\u00ae Handguard, for MP5\u00ae, Extended Length"},"content":{"rendered":"<div class=\"product-description\">\n<h2>Garde-main monolithique M-LOK\u00ae UTG PRO\u00ae pour MP5\u00ae, longueur \u00e9tendue<\/h2>\n<p>Am\u00e9liorez votre MP5\u00ae avec le garde-main monolithique M-LOK\u00ae UTG PRO\u00ae. Ce garde-main de longueur \u00e9tendue comprend :<\/p>\n<ul>\n<li>Construction en aluminium pour l\u00e9g\u00e8ret\u00e9 et solidit\u00e9<\/li>\n<li>Emplacements compatibles M-LOK\u00ae pour le montage d&rsquo;accessoires<\/li>\n<li>Longueur \u00e9tendue pour une meilleure prise en main<\/li>\n<li>Conception monolithique<\/li>\n<li>Installation facile avec le mat\u00e9riel inclus<\/li>\n<li>Propri\u00e9t\u00e9s de dissipation de la chaleur pour une utilisation prolong\u00e9e<\/li>\n<\/ul>\n<p>Ce garde-main transforme votre MP5\u00ae en une plateforme adaptable. Am\u00e9liorez la pr\u00e9cision et la maniabilit\u00e9 avec le garde-main monolithique M-LOK\u00ae UTG PRO\u00ae.<\/p>\n<\/div>\n","protected":false},"excerpt":{"rendered":"<p>Garde-main UTG PRO\u00ae \u00e9tendu M-LOK\u00ae pour MP5\u00ae : Durable, polyvalent, con\u00e7u avec pr\u00e9cision.<\/p>\n","protected":false},"featured_media":745409,"template":"","meta":{"_acf_changed":false},"product_brand":[14398],"product_cat":[12193,14797,12207,12154],"product_tag":[],"class_list":{"0":"post-536043","1":"product","2":"type-product","3":"status-publish","4":"has-post-thumbnail","6":"product_brand-leapers-inc","7":"product_cat-fusil","8":"product_cat-protege-mains","9":"product_cat-rails","10":"product_cat-tuning-fusil","12":"first","13":"instock","14":"taxable","15":"shipping-taxable","16":"purchasable","17":"product-type-simple"},"acf":[],"_links":{"self":[{"href":"https:\/\/nbg.eu\/fr\/wp-json\/wp\/v2\/product\/536043","targetHints":{"allow":["GET"]}}],"collection":[{"href":"https:\/\/nbg.eu\/fr\/wp-json\/wp\/v2\/product"}],"about":[{"href":"https:\/\/nbg.eu\/fr\/wp-json\/wp\/v2\/types\/product"}],"wp:featuredmedia":[{"embeddable":true,"href":"https:\/\/nbg.eu\/fr\/wp-json\/wp\/v2\/media\/745409"}],"wp:attachment":[{"href":"https:\/\/nbg.eu\/fr\/wp-json\/wp\/v2\/media?parent=536043"}],"wp:term":[{"taxonomy":"product_brand","embeddable":true,"href":"https:\/\/nbg.eu\/fr\/wp-json\/wp\/v2\/product_brand?post=536043"},{"taxonomy":"product_cat","embeddable":true,"href":"https:\/\/nbg.eu\/fr\/wp-json\/wp\/v2\/product_cat?post=536043"},{"taxonomy":"product_tag","embeddable":true,"href":"https:\/\/nbg.eu\/fr\/wp-json\/wp\/v2\/product_tag?post=536043"}],"curies":[{"name":"wp","href":"https:\/\/api.w.org\/{rel}","templated":true}]}}