{"id":536258,"date":"2025-09-05T00:15:54","date_gmt":"2025-09-04T21:15:54","guid":{"rendered":"https:\/\/nbg.eu\/product\/dillon-aluminum-roller-handle\/"},"modified":"2026-01-21T11:59:38","modified_gmt":"2026-01-21T08:59:38","slug":"dillon-aluminum-roller-handle","status":"publish","type":"product","link":"https:\/\/nbg.eu\/fr\/produit\/dillon-aluminum-roller-handle\/","title":{"rendered":"Dillon Aluminum Roller Handle"},"content":{"rendered":"<div class=\"product-description\">\n<h2>Poign\u00e9e \u00e0 rouleau en aluminium Dillon<\/h2>\n<p>Poign\u00e9e accessoire Dillon Precision. Cette poign\u00e9e \u00e0 rouleau en aluminium est con\u00e7ue pour am\u00e9liorer le confort et l&rsquo;efficacit\u00e9 lors des sessions de rechargement prolong\u00e9es.<\/p>\n<ul>\n<li>Compatible avec les chargeurs RL550, XL750 et 650<\/li>\n<li>R\u00e9duit la fatigue de l&rsquo;op\u00e9rateur<\/li>\n<li>Am\u00e9liore la facilit\u00e9 d&rsquo;insertion des amorces<\/li>\n<li>Construction en aluminium robuste et durable<\/li>\n<li>Disponible en bleu Dillon<\/li>\n<\/ul>\n<p>Cet accessoire am\u00e9liore le processus de rechargement.<\/p>\n<\/div>\n","protected":false},"excerpt":{"rendered":"<p>Poign\u00e9e ergonomique en aluminium pour un rechargement plus fluide. Compatible avec RL550\/XL750\/650.<\/p>\n","protected":false},"featured_media":496387,"template":"","meta":{"_acf_changed":false},"product_brand":[14343],"product_cat":[12168,12179],"product_tag":[],"class_list":{"0":"post-536258","1":"product","2":"type-product","3":"status-publish","4":"has-post-thumbnail","6":"product_brand-dillon-precision","7":"product_cat-accessoires-de-rechargement","8":"product_cat-rechargement","10":"first","11":"outofstock","12":"taxable","13":"shipping-taxable","14":"purchasable","15":"product-type-simple"},"acf":[],"_links":{"self":[{"href":"https:\/\/nbg.eu\/fr\/wp-json\/wp\/v2\/product\/536258","targetHints":{"allow":["GET"]}}],"collection":[{"href":"https:\/\/nbg.eu\/fr\/wp-json\/wp\/v2\/product"}],"about":[{"href":"https:\/\/nbg.eu\/fr\/wp-json\/wp\/v2\/types\/product"}],"wp:featuredmedia":[{"embeddable":true,"href":"https:\/\/nbg.eu\/fr\/wp-json\/wp\/v2\/media\/496387"}],"wp:attachment":[{"href":"https:\/\/nbg.eu\/fr\/wp-json\/wp\/v2\/media?parent=536258"}],"wp:term":[{"taxonomy":"product_brand","embeddable":true,"href":"https:\/\/nbg.eu\/fr\/wp-json\/wp\/v2\/product_brand?post=536258"},{"taxonomy":"product_cat","embeddable":true,"href":"https:\/\/nbg.eu\/fr\/wp-json\/wp\/v2\/product_cat?post=536258"},{"taxonomy":"product_tag","embeddable":true,"href":"https:\/\/nbg.eu\/fr\/wp-json\/wp\/v2\/product_tag?post=536258"}],"curies":[{"name":"wp","href":"https:\/\/api.w.org\/{rel}","templated":true}]}}