{"id":536368,"date":"2025-09-05T00:16:15","date_gmt":"2025-09-04T21:16:15","guid":{"rendered":"https:\/\/nbg.eu\/product\/ar-15-a2-pistol-grip\/"},"modified":"2026-01-21T11:34:07","modified_gmt":"2026-01-21T08:34:07","slug":"ar-15-a2-pistol-grip","status":"publish","type":"product","link":"https:\/\/nbg.eu\/fr\/produit\/ar-15-a2-pistol-grip\/","title":{"rendered":"AR-15 A2 PISTOL GRIP"},"content":{"rendered":"<h1>CZ Shadow 2 Orange &#8211; Pistolet de comp\u00e9tition<\/h1>\n<p>Le CZ Shadow 2 Orange pr\u00e9sente les caract\u00e9ristiques suivantes :<\/p>\n<ul>\n<li>Bague de canon ajust\u00e9e en usine<\/li>\n<li>D\u00e9tente ajust\u00e9e avec rupture nette et r\u00e9armement court<\/li>\n<li>Culasse et carcasse ajust\u00e9es manuellement<\/li>\n<li>Poign\u00e9es sp\u00e9cifiques et bouton de d\u00e9verrouillage du chargeur allong\u00e9<\/li>\n<li>Bouton de d\u00e9verrouillage du chargeur r\u00e9glable avec trois positions<\/li>\n<li>Finition nitrur\u00e9e avec rev\u00eatement suppl\u00e9mentaire sur la carcasse<\/li>\n<li>Poign\u00e9es fines en aluminium avec texture<\/li>\n<li>Guidon en fibre optique et hausse HAJO r\u00e9glable<\/li>\n<li>S\u00fbret\u00e9 manuelle ambidextre<\/li>\n<\/ul>\n<p>Chambr\u00e9 en 9mm Luger avec une capacit\u00e9 de 17+1 cartouches, ce pistolet \u00e0 carcasse en acier de 1318 g est con\u00e7u pour les tireurs de comp\u00e9tition.<\/p>\n","protected":false},"excerpt":{"rendered":"<p>Poign\u00e9e classique AR-15. Conception ergonomique. Construction en polym\u00e8re durable.<\/p>\n","protected":false},"featured_media":496410,"template":"","meta":{"_acf_changed":false},"product_brand":[],"product_cat":[12193,12154],"product_tag":[],"class_list":{"0":"post-536368","1":"product","2":"type-product","3":"status-publish","4":"has-post-thumbnail","6":"product_cat-fusil","7":"product_cat-tuning-fusil","9":"first","10":"outofstock","11":"taxable","12":"shipping-taxable","13":"purchasable","14":"product-type-simple"},"acf":[],"_links":{"self":[{"href":"https:\/\/nbg.eu\/fr\/wp-json\/wp\/v2\/product\/536368","targetHints":{"allow":["GET"]}}],"collection":[{"href":"https:\/\/nbg.eu\/fr\/wp-json\/wp\/v2\/product"}],"about":[{"href":"https:\/\/nbg.eu\/fr\/wp-json\/wp\/v2\/types\/product"}],"wp:featuredmedia":[{"embeddable":true,"href":"https:\/\/nbg.eu\/fr\/wp-json\/wp\/v2\/media\/496410"}],"wp:attachment":[{"href":"https:\/\/nbg.eu\/fr\/wp-json\/wp\/v2\/media?parent=536368"}],"wp:term":[{"taxonomy":"product_brand","embeddable":true,"href":"https:\/\/nbg.eu\/fr\/wp-json\/wp\/v2\/product_brand?post=536368"},{"taxonomy":"product_cat","embeddable":true,"href":"https:\/\/nbg.eu\/fr\/wp-json\/wp\/v2\/product_cat?post=536368"},{"taxonomy":"product_tag","embeddable":true,"href":"https:\/\/nbg.eu\/fr\/wp-json\/wp\/v2\/product_tag?post=536368"}],"curies":[{"name":"wp","href":"https:\/\/api.w.org\/{rel}","templated":true}]}}