{"id":539250,"date":"2025-09-05T17:38:16","date_gmt":"2025-09-05T14:38:16","guid":{"rendered":"https:\/\/nbg.eu\/product\/zero-compromise-optic-zc527-10mil-mpct2x\/"},"modified":"2026-01-21T11:29:43","modified_gmt":"2026-01-21T08:29:43","slug":"zero-compromise-optic-zc527-10mil-mpct2x","status":"publish","type":"product","link":"https:\/\/nbg.eu\/fr\/produit\/zero-compromise-optic-zc527-10mil-mpct2x\/","title":{"rendered":"Zero Compromise Optic ZC527 10MIL MPCT2X"},"content":{"rendered":"<h1>Zero Compromise Optic ZC527 10MIL MPCT2X<\/h1>\n<p>Le ZC527 est une lunette de vis\u00e9e qui mesure 387 mm de long et p\u00e8se 1122 g. Elle offre :<\/p>\n<ul>\n<li>R\u00e9glage en \u00e9l\u00e9vation de 35 mil<\/li>\n<li>R\u00e9glage en d\u00e9rive de 20 mil<\/li>\n<li>Champ de vision de 7m\/100m<\/li>\n<li>Transmission de la lumi\u00e8re<\/li>\n<li>R\u00e9solution<\/li>\n<\/ul>\n<p>Le ZC527 est fabriqu\u00e9 avec des mat\u00e9riaux et des techniques. Il est disponible en finition standard ou en peinture FDE (flat dark earth).<\/p>\n<p>Le Zero Compromise Optic ZC527 est une lunette de vis\u00e9e.<\/p>\n","protected":false},"excerpt":{"rendered":"<p>Lunette de vis\u00e9e haut de gamme : Clart\u00e9 in\u00e9gal\u00e9e, large champ de vision, r\u00e9glages pr\u00e9cis.<\/p>\n","protected":false},"featured_media":497386,"template":"","meta":{"_acf_changed":false},"product_brand":[15192],"product_cat":[12157,12144],"product_tag":[],"class_list":{"0":"post-539250","1":"product","2":"type-product","3":"status-publish","4":"has-post-thumbnail","6":"product_brand-zero-compromise-optics","7":"product_cat-optiques-grossissantes","8":"product_cat-visee","10":"first","11":"outofstock","12":"taxable","13":"shipping-taxable","14":"purchasable","15":"product-type-simple"},"acf":[],"_links":{"self":[{"href":"https:\/\/nbg.eu\/fr\/wp-json\/wp\/v2\/product\/539250","targetHints":{"allow":["GET"]}}],"collection":[{"href":"https:\/\/nbg.eu\/fr\/wp-json\/wp\/v2\/product"}],"about":[{"href":"https:\/\/nbg.eu\/fr\/wp-json\/wp\/v2\/types\/product"}],"wp:featuredmedia":[{"embeddable":true,"href":"https:\/\/nbg.eu\/fr\/wp-json\/wp\/v2\/media\/497386"}],"wp:attachment":[{"href":"https:\/\/nbg.eu\/fr\/wp-json\/wp\/v2\/media?parent=539250"}],"wp:term":[{"taxonomy":"product_brand","embeddable":true,"href":"https:\/\/nbg.eu\/fr\/wp-json\/wp\/v2\/product_brand?post=539250"},{"taxonomy":"product_cat","embeddable":true,"href":"https:\/\/nbg.eu\/fr\/wp-json\/wp\/v2\/product_cat?post=539250"},{"taxonomy":"product_tag","embeddable":true,"href":"https:\/\/nbg.eu\/fr\/wp-json\/wp\/v2\/product_tag?post=539250"}],"curies":[{"name":"wp","href":"https:\/\/api.w.org\/{rel}","templated":true}]}}