{"id":539766,"date":"2025-09-05T17:40:49","date_gmt":"2025-09-05T14:40:49","guid":{"rendered":"https:\/\/nbg.eu\/product\/scope-mount-30mm-vortex-pro-series-low-pr30-l\/"},"modified":"2026-01-21T12:26:39","modified_gmt":"2026-01-21T09:26:39","slug":"scope-mount-30mm-vortex-pro-series-low-pr30-l","status":"publish","type":"product","link":"https:\/\/nbg.eu\/fr\/produit\/scope-mount-30mm-vortex-pro-series-low-pr30-l\/","title":{"rendered":"Scope mount 30mm Vortex Pro Series LOW PR30-l"},"content":{"rendered":"<h1>Anneaux de lunette Vortex Pro 30mm Bas (0,90&Prime;) PR30-L<\/h1>\n<p>Les anneaux Vortex Pro Series 30mm de hauteur basse sont con\u00e7us pour monter votre lunette. Usin\u00e9s avec pr\u00e9cision \u00e0 partir d&rsquo;aluminium 6061 de qualit\u00e9 a\u00e9ronautique, ces anneaux offrent fiabilit\u00e9 et solidit\u00e9.<\/p>\n<h2>Caract\u00e9ristiques principales :<\/h2>\n<ul>\n<li>Finition anodis\u00e9e noire mate<\/li>\n<li>Sp\u00e9cifications de couple grav\u00e9es au laser<\/li>\n<li>Fixations #8 pour un montage s\u00fbr<\/li>\n<li>Ergot anti-recul int\u00e9gr\u00e9 pour plus de stabilit\u00e9<\/li>\n<li>Compatible avec les rails Weaver ou Picatinny<\/li>\n<li>Conception l\u00e9g\u00e8re de 44,7 grammes<\/li>\n<\/ul>\n<p>Les anneaux Vortex Pro PR30-L maintiennent votre lunette en place. Ils sont con\u00e7us pour la pr\u00e9cision et la durabilit\u00e9.<\/p>\n","protected":false},"excerpt":{"rendered":"<p>Anneaux de lunette bas de 30 mm durables pour rails Weaver\/Picatinny. Usin\u00e9s avec pr\u00e9cision.<\/p>\n","protected":false},"featured_media":497570,"template":"","meta":{"_acf_changed":false},"product_brand":[11958],"product_cat":[12169,12144],"product_tag":[],"class_list":{"0":"post-539766","1":"product","2":"type-product","3":"status-publish","4":"has-post-thumbnail","6":"product_brand-vortex","7":"product_cat-accessoires-de-visee","8":"product_cat-visee","10":"first","11":"outofstock","12":"taxable","13":"shipping-taxable","14":"purchasable","15":"product-type-simple"},"acf":[],"_links":{"self":[{"href":"https:\/\/nbg.eu\/fr\/wp-json\/wp\/v2\/product\/539766","targetHints":{"allow":["GET"]}}],"collection":[{"href":"https:\/\/nbg.eu\/fr\/wp-json\/wp\/v2\/product"}],"about":[{"href":"https:\/\/nbg.eu\/fr\/wp-json\/wp\/v2\/types\/product"}],"wp:featuredmedia":[{"embeddable":true,"href":"https:\/\/nbg.eu\/fr\/wp-json\/wp\/v2\/media\/497570"}],"wp:attachment":[{"href":"https:\/\/nbg.eu\/fr\/wp-json\/wp\/v2\/media?parent=539766"}],"wp:term":[{"taxonomy":"product_brand","embeddable":true,"href":"https:\/\/nbg.eu\/fr\/wp-json\/wp\/v2\/product_brand?post=539766"},{"taxonomy":"product_cat","embeddable":true,"href":"https:\/\/nbg.eu\/fr\/wp-json\/wp\/v2\/product_cat?post=539766"},{"taxonomy":"product_tag","embeddable":true,"href":"https:\/\/nbg.eu\/fr\/wp-json\/wp\/v2\/product_tag?post=539766"}],"curies":[{"name":"wp","href":"https:\/\/api.w.org\/{rel}","templated":true}]}}