{"id":539877,"date":"2025-09-05T17:40:49","date_gmt":"2025-09-05T14:40:49","guid":{"rendered":"https:\/\/nbg.eu\/product\/badger-ordnance-c1-coaxial-laser-integration-fixture-9-slot-rail-black-700-20b\/"},"modified":"2026-01-21T12:07:04","modified_gmt":"2026-01-21T09:07:04","slug":"badger-ordnance-c1-coaxial-laser-integration-fixture-9-slot-rail-black-700-20b","status":"publish","type":"product","link":"https:\/\/nbg.eu\/fr\/produit\/badger-ordnance-c1-coaxial-laser-integration-fixture-9-slot-rail-black-700-20b\/","title":{"rendered":"BADGER ORDNANCE C1 COAXIAL LASER INTEGRATION FIXTURE 9 SLOT RAIL BLACK (700-20B)"},"content":{"rendered":"<div class=\"product-description\">\n<h2>BADGER ORDNANCE C1 DISPOSITIF D&rsquo;INT\u00c9GRATION LASER COAXIAL RAIL 9 EMPLACEMENTS NOIR (700-20B)<\/h2>\n<p>Accessoire con\u00e7u pour une utilisation avec les supports Condition One de Badger, permettant l&rsquo;int\u00e9gration de t\u00e9l\u00e9m\u00e8tres laser mont\u00e9s sur armes.<\/p>\n<ul>\n<li>Compatible avec ARC pour monter des lasers et t\u00e9l\u00e9m\u00e8tres au-dessus de l&rsquo;optique<\/li>\n<li>Se fixe sans retirer le capuchon de l&rsquo;anneau d&rsquo;accessoire C1, maintenant le r\u00e9glage d&rsquo;origine de l&rsquo;optique principale<\/li>\n<li>Conception de rail \u00e0 9 emplacements pour diverses options de montage<\/li>\n<li>Finition noire<\/li>\n<li>R\u00e9f\u00e9rence : 700-20B<\/li>\n<\/ul>\n<p>En stock et pr\u00eat \u00e0 \u00eatre exp\u00e9di\u00e9.<\/p>\n<\/div>\n","protected":false},"excerpt":{"rendered":"<p>BADGER ORDNANCE C1 CLIF : rail de 9 emplacements pour l&rsquo;int\u00e9gration de laser sur les optiques.<\/p>\n","protected":false},"featured_media":497593,"template":"","meta":{"_acf_changed":false},"product_brand":[11080],"product_cat":[12169,14901,12144],"product_tag":[],"class_list":{"0":"post-539877","1":"product","2":"type-product","3":"status-publish","4":"has-post-thumbnail","6":"product_brand-badger-ordnance","7":"product_cat-accessoires-de-visee","8":"product_cat-mounts-fr","9":"product_cat-visee","11":"first","12":"instock","13":"taxable","14":"shipping-taxable","15":"purchasable","16":"product-type-simple"},"acf":[],"_links":{"self":[{"href":"https:\/\/nbg.eu\/fr\/wp-json\/wp\/v2\/product\/539877","targetHints":{"allow":["GET"]}}],"collection":[{"href":"https:\/\/nbg.eu\/fr\/wp-json\/wp\/v2\/product"}],"about":[{"href":"https:\/\/nbg.eu\/fr\/wp-json\/wp\/v2\/types\/product"}],"wp:featuredmedia":[{"embeddable":true,"href":"https:\/\/nbg.eu\/fr\/wp-json\/wp\/v2\/media\/497593"}],"wp:attachment":[{"href":"https:\/\/nbg.eu\/fr\/wp-json\/wp\/v2\/media?parent=539877"}],"wp:term":[{"taxonomy":"product_brand","embeddable":true,"href":"https:\/\/nbg.eu\/fr\/wp-json\/wp\/v2\/product_brand?post=539877"},{"taxonomy":"product_cat","embeddable":true,"href":"https:\/\/nbg.eu\/fr\/wp-json\/wp\/v2\/product_cat?post=539877"},{"taxonomy":"product_tag","embeddable":true,"href":"https:\/\/nbg.eu\/fr\/wp-json\/wp\/v2\/product_tag?post=539877"}],"curies":[{"name":"wp","href":"https:\/\/api.w.org\/{rel}","templated":true}]}}