{"id":540018,"date":"2025-09-05T17:41:43","date_gmt":"2025-09-05T14:41:43","guid":{"rendered":"https:\/\/nbg.eu\/product\/dillon-750-650-550-machine-strong-mount\/"},"modified":"2026-01-21T12:05:05","modified_gmt":"2026-01-21T09:05:05","slug":"dillon-750-650-550-machine-strong-mount","status":"publish","type":"product","link":"https:\/\/nbg.eu\/fr\/produit\/dillon-750-650-550-machine-strong-mount\/","title":{"rendered":"Dillon 750\/650\/550 Machine Strong Mount"},"content":{"rendered":"<h2>Support robuste pour machine Dillon 750\/650\/550<\/h2>\n<p>Le support robuste pour Dillon 750\/650\/550 est un accessoire con\u00e7u pour am\u00e9liorer votre banc de rechargement, offrant plus de confort et de stabilit\u00e9 pour votre presse Dillon.<\/p>\n<ul>\n<li>Compatible avec les mod\u00e8les RL550, RL550B, RL550C, XL650 et XL750<\/li>\n<li>Augmente la hauteur de la presse de 21,5 cm pour une meilleure ergonomie<\/li>\n<li>Base plus large r\u00e9duit les vibrations et l&rsquo;oscillation pour un rechargement pr\u00e9cis<\/li>\n<li>Recommand\u00e9 pour tous les utilisateurs de 550, 650 et 750<\/li>\n<\/ul>\n<p>La hauteur accrue et la base plus large du support robuste cr\u00e9ent une position d&rsquo;utilisation plus confortable tout en r\u00e9duisant consid\u00e9rablement le mouvement de la presse. Cette stabilit\u00e9 est importante pour obtenir des rechargements coh\u00e9rents et de haute qualit\u00e9.<\/p>\n","protected":false},"excerpt":{"rendered":"<p>\u00c9levez et stabilisez votre presse Dillon pour un confort de rechargement am\u00e9lior\u00e9.<\/p>\n","protected":false},"featured_media":497616,"template":"","meta":{"_acf_changed":false},"product_brand":[14343],"product_cat":[12168,12126,12179],"product_tag":[],"class_list":{"0":"post-540018","1":"product","2":"type-product","3":"status-publish","4":"has-post-thumbnail","6":"product_brand-dillon-precision","7":"product_cat-accessoires-de-rechargement","8":"product_cat-machines-de-rechargement","9":"product_cat-rechargement","11":"first","12":"outofstock","13":"taxable","14":"shipping-taxable","15":"purchasable","16":"product-type-simple"},"acf":[],"_links":{"self":[{"href":"https:\/\/nbg.eu\/fr\/wp-json\/wp\/v2\/product\/540018","targetHints":{"allow":["GET"]}}],"collection":[{"href":"https:\/\/nbg.eu\/fr\/wp-json\/wp\/v2\/product"}],"about":[{"href":"https:\/\/nbg.eu\/fr\/wp-json\/wp\/v2\/types\/product"}],"wp:featuredmedia":[{"embeddable":true,"href":"https:\/\/nbg.eu\/fr\/wp-json\/wp\/v2\/media\/497616"}],"wp:attachment":[{"href":"https:\/\/nbg.eu\/fr\/wp-json\/wp\/v2\/media?parent=540018"}],"wp:term":[{"taxonomy":"product_brand","embeddable":true,"href":"https:\/\/nbg.eu\/fr\/wp-json\/wp\/v2\/product_brand?post=540018"},{"taxonomy":"product_cat","embeddable":true,"href":"https:\/\/nbg.eu\/fr\/wp-json\/wp\/v2\/product_cat?post=540018"},{"taxonomy":"product_tag","embeddable":true,"href":"https:\/\/nbg.eu\/fr\/wp-json\/wp\/v2\/product_tag?post=540018"}],"curies":[{"name":"wp","href":"https:\/\/api.w.org\/{rel}","templated":true}]}}