{"id":545066,"date":"2025-09-05T18:09:58","date_gmt":"2025-09-05T15:09:58","guid":{"rendered":"https:\/\/nbg.eu\/product\/muzzle-break-vanward-pro-break-for-qd55\/"},"modified":"2026-01-21T12:12:15","modified_gmt":"2026-01-21T09:12:15","slug":"frein-de-bouche-vanward-pro-break-pour-qd55","status":"publish","type":"product","link":"https:\/\/nbg.eu\/fr\/produit\/frein-de-bouche-vanward-pro-break-pour-qd55\/","title":{"rendered":"Frein de bouche Vanward Pro-Break pour QD55"},"content":{"rendered":"<div class=\"product-description\">\n<h2>Frein de bouche Vanward Pro-Break pour QD55<\/h2>\n<p>Le Vanward Pro-Brake est une version am\u00e9lior\u00e9e du Fafnir de Salamander Tactical. Ce frein de bouche offre :<\/p>\n<ul>\n<li>R\u00e9duction du recul de 78% (test\u00e9 par Vaapentidingen)<\/li>\n<li>Compatibilit\u00e9 avec le silencieux Vanward QD55<\/li>\n<li>Montage et indexation facilit\u00e9s par un \u00e9crou de blocage inclus<\/li>\n<li>Poids l\u00e9ger de 174 grammes<\/li>\n<\/ul>\n<p>Il peut maintenir en \u00e9quilibre une douille lors d&rsquo;un tir en calibre 6.5&#215;47. Con\u00e7u pour les tireurs de pr\u00e9cision recherchant de bonnes performances et une compatibilit\u00e9 avec les silencieux. Le Vanward Pro-Brake est disponible d\u00e8s maintenant.<\/p>\n<\/div>\n","protected":false},"excerpt":{"rendered":"<p>Frein de recul avanc\u00e9 pour QD55, r\u00e9duction de 78%. Compatible avec silencieux.<\/p>\n","protected":false},"featured_media":498973,"template":"","meta":{"_acf_changed":false},"product_brand":[11938],"product_cat":[514],"product_tag":[],"class_list":{"0":"post-545066","1":"product","2":"type-product","3":"status-publish","4":"has-post-thumbnail","6":"product_brand-vanward","7":"product_cat-rifle-grips","9":"first","10":"outofstock","11":"taxable","12":"shipping-taxable","13":"product-type-simple"},"acf":[],"_links":{"self":[{"href":"https:\/\/nbg.eu\/fr\/wp-json\/wp\/v2\/product\/545066","targetHints":{"allow":["GET"]}}],"collection":[{"href":"https:\/\/nbg.eu\/fr\/wp-json\/wp\/v2\/product"}],"about":[{"href":"https:\/\/nbg.eu\/fr\/wp-json\/wp\/v2\/types\/product"}],"wp:featuredmedia":[{"embeddable":true,"href":"https:\/\/nbg.eu\/fr\/wp-json\/wp\/v2\/media\/498973"}],"wp:attachment":[{"href":"https:\/\/nbg.eu\/fr\/wp-json\/wp\/v2\/media?parent=545066"}],"wp:term":[{"taxonomy":"product_brand","embeddable":true,"href":"https:\/\/nbg.eu\/fr\/wp-json\/wp\/v2\/product_brand?post=545066"},{"taxonomy":"product_cat","embeddable":true,"href":"https:\/\/nbg.eu\/fr\/wp-json\/wp\/v2\/product_cat?post=545066"},{"taxonomy":"product_tag","embeddable":true,"href":"https:\/\/nbg.eu\/fr\/wp-json\/wp\/v2\/product_tag?post=545066"}],"curies":[{"name":"wp","href":"https:\/\/api.w.org\/{rel}","templated":true}]}}