{"id":545989,"date":"2025-09-05T18:15:44","date_gmt":"2025-09-05T15:15:44","guid":{"rendered":"https:\/\/nbg.eu\/product\/area-419-diving-board-for-tactical-one-piece-scope-mount\/"},"modified":"2026-05-13T16:40:08","modified_gmt":"2026-05-13T13:40:08","slug":"plaque-de-plongee-area-419-pour-montage-de-lunette-monobloc-tactique","status":"publish","type":"product","link":"https:\/\/nbg.eu\/fr\/produit\/plaque-de-plongee-area-419-pour-montage-de-lunette-monobloc-tactique\/","title":{"rendered":"Plaque de plong\u00e9e AREA 419 pour montage de lunette monobloc tactique"},"content":{"rendered":"<div class=\"product-description\">\n<h2>PLANCHE DE PLONG\u00c9E AREA 419 POUR MONTAGE DE LUNETTE TACTIQUE MONOBLOC<\/h2>\n<p>La Planche de Plong\u00e9e AREA 419 est un accessoire pour votre montage de lunette tactique monobloc.<\/p>\n<h2>Caract\u00e9ristiques principales :<\/h2>\n<ul>\n<li>Point de montage \u00e0 double c\u00f4ne pour une fixation s\u00e9curis\u00e9e<\/li>\n<li>Plateforme pour niveaux, cartes de correction, points rouges et t\u00e9l\u00e9m\u00e8tres laser<\/li>\n<li>Durabilit\u00e9 et rigidit\u00e9 pour un meilleur retour au z\u00e9ro<\/li>\n<li>Disponible en options Hauteur Standard et Basse<\/li>\n<li>Rail aux normes MIL-STD-1913 (10 emplacements pour Standard, 6 pour Hauteur Basse)<\/li>\n<li>Finition anodis\u00e9e noire de Type III<\/li>\n<li>Usin\u00e9 aux \u00c9tats-Unis \u00e0 partir d&rsquo;aluminium 7075 am\u00e9ricain<\/li>\n<li>Vis de montage captives pour une installation facile<\/li>\n<\/ul>\n<p>Choisissez entre la Hauteur Standard (2,82 cm de haut, 70,87 g) ou la Hauteur Basse (1,78 cm de haut, 42,52 g). Les deux options ont plusieurs trous 1\/4 x 20 pour le montage d&rsquo;accessoires.<\/p>\n<p>La Planche de Plong\u00e9e AREA 419 est un ajout pour votre montage de lunette.<\/p>\n<\/div>\n","protected":false},"excerpt":{"rendered":"<p>Rail s\u00e9curis\u00e9 et polyvalent pour le montage de lunette monobloc tactique.<\/p>\n","protected":false},"featured_media":499157,"template":"","meta":{"_acf_changed":false},"product_brand":[11038],"product_cat":[12169,15807,12144],"product_tag":[],"class_list":{"0":"post-545989","1":"product","2":"type-product","3":"status-publish","4":"has-post-thumbnail","6":"product_brand-area-419","7":"product_cat-accessoires-de-visee","8":"product_cat-scope-mounts-fr","9":"product_cat-visee","11":"first","12":"outofstock","13":"sale","14":"taxable","15":"shipping-taxable","16":"purchasable","17":"product-type-simple"},"acf":[],"_links":{"self":[{"href":"https:\/\/nbg.eu\/fr\/wp-json\/wp\/v2\/product\/545989","targetHints":{"allow":["GET"]}}],"collection":[{"href":"https:\/\/nbg.eu\/fr\/wp-json\/wp\/v2\/product"}],"about":[{"href":"https:\/\/nbg.eu\/fr\/wp-json\/wp\/v2\/types\/product"}],"wp:featuredmedia":[{"embeddable":true,"href":"https:\/\/nbg.eu\/fr\/wp-json\/wp\/v2\/media\/499157"}],"wp:attachment":[{"href":"https:\/\/nbg.eu\/fr\/wp-json\/wp\/v2\/media?parent=545989"}],"wp:term":[{"taxonomy":"product_brand","embeddable":true,"href":"https:\/\/nbg.eu\/fr\/wp-json\/wp\/v2\/product_brand?post=545989"},{"taxonomy":"product_cat","embeddable":true,"href":"https:\/\/nbg.eu\/fr\/wp-json\/wp\/v2\/product_cat?post=545989"},{"taxonomy":"product_tag","embeddable":true,"href":"https:\/\/nbg.eu\/fr\/wp-json\/wp\/v2\/product_tag?post=545989"}],"curies":[{"name":"wp","href":"https:\/\/api.w.org\/{rel}","templated":true}]}}