{"id":575084,"date":"2025-10-10T12:34:49","date_gmt":"2025-10-10T09:34:49","guid":{"rendered":"https:\/\/nbg.eu\/product\/grips-kmr-l-modular-brass\/"},"modified":"2026-04-16T16:58:34","modified_gmt":"2026-04-16T13:58:34","slug":"poignees-kmr-l-modulaires-laiton","status":"publish","type":"product","link":"https:\/\/nbg.eu\/fr\/produit\/poignees-kmr-l-modulaires-laiton\/","title":{"rendered":"KMR Plaquettes L Modular Laiton"},"content":{"rendered":"<h2>POIGN\u00c9ES KMR L MODULAIRES EN LAITON<\/h2>\n<p><strong>R\u00e9f\u00e9rence :<\/strong> 0611-04101-0316<\/p>\n<p>Les POIGN\u00c9ES KMR L MODULAIRES EN LAITON sont con\u00e7ues pour le confort et le contr\u00f4le, s&rsquo;adaptant aux KMR sans magwell. La texture modulaire offre une prise en main personnalisable.<\/p>\n<h2>Armes compatibles :<\/h2>\n<ul>\n<li>KMR L-02 SPECTRA (2024 et apr\u00e8s)<\/li>\n<li>KMR L-02 SPECTRA (jusqu&rsquo;\u00e0 2023)<\/li>\n<li>KMR L-02 UMBRA<\/li>\n<li>KMR L-02 UMBRA (2024 et apr\u00e8s)<\/li>\n<li>KMR L-02 UMBRA (jusqu&rsquo;\u00e0 2023)<\/li>\n<\/ul>\n<p>Ces poign\u00e9es sont con\u00e7ues pour am\u00e9liorer la manipulation et les performances de votre KMR.<\/p>\n","protected":false},"excerpt":{"rendered":"<p>Poign\u00e9e modulaire en laiton de taille normale pour les mod\u00e8les KMR L-02 SPECTRA\/UMBRA.<\/p>\n","protected":false},"featured_media":575119,"template":"","meta":{"_acf_changed":false},"product_brand":[11499],"product_cat":[12143,14867],"product_tag":[],"class_list":{"0":"post-575084","1":"product","2":"type-product","3":"status-publish","4":"has-post-thumbnail","6":"product_brand-kmr-precision","7":"product_cat-pieces-kmr","8":"product_cat-pistol-grips-fr","10":"first","11":"instock","12":"taxable","13":"shipping-taxable","14":"purchasable","15":"product-type-simple"},"acf":[],"_links":{"self":[{"href":"https:\/\/nbg.eu\/fr\/wp-json\/wp\/v2\/product\/575084","targetHints":{"allow":["GET"]}}],"collection":[{"href":"https:\/\/nbg.eu\/fr\/wp-json\/wp\/v2\/product"}],"about":[{"href":"https:\/\/nbg.eu\/fr\/wp-json\/wp\/v2\/types\/product"}],"wp:featuredmedia":[{"embeddable":true,"href":"https:\/\/nbg.eu\/fr\/wp-json\/wp\/v2\/media\/575119"}],"wp:attachment":[{"href":"https:\/\/nbg.eu\/fr\/wp-json\/wp\/v2\/media?parent=575084"}],"wp:term":[{"taxonomy":"product_brand","embeddable":true,"href":"https:\/\/nbg.eu\/fr\/wp-json\/wp\/v2\/product_brand?post=575084"},{"taxonomy":"product_cat","embeddable":true,"href":"https:\/\/nbg.eu\/fr\/wp-json\/wp\/v2\/product_cat?post=575084"},{"taxonomy":"product_tag","embeddable":true,"href":"https:\/\/nbg.eu\/fr\/wp-json\/wp\/v2\/product_tag?post=575084"}],"curies":[{"name":"wp","href":"https:\/\/api.w.org\/{rel}","templated":true}]}}