{"id":575540,"date":"2025-10-10T12:34:58","date_gmt":"2025-10-10T09:34:58","guid":{"rendered":"https:\/\/nbg.eu\/product\/grips-kmr-l-dotmatrix-ergo-brass\/"},"modified":"2026-04-16T16:58:31","modified_gmt":"2026-04-16T13:58:31","slug":"poignees-kmr-l-dotmatrix-ergo-laiton","status":"publish","type":"product","link":"https:\/\/nbg.eu\/fr\/produit\/poignees-kmr-l-dotmatrix-ergo-laiton\/","title":{"rendered":"KMR Plaquettes L DotMatrix Ergo Laiton"},"content":{"rendered":"<h2>GRIPS KMR L DOTMATRIX ERGO LAITON<\/h2>\n<p>Les poign\u00e9es en laiton de KMR Precision Arms donnent \u00e0 votre arme \u00e0 feu une apparence moderne et distinctive tout en ajoutant un poids \u00e9quilibr\u00e9 pour une meilleure ma\u00eetrise. La texture ergonomique DotMatrix Ergo offre une prise s\u00fbre et confortable, am\u00e9liorant la stabilit\u00e9 m\u00eame lors d&rsquo;une utilisation prolong\u00e9e ou dans des conditions exigeantes. Avec un usinage pr\u00e9cis, une grande durabilit\u00e9 et un design raffin\u00e9, ces poign\u00e9es sont un excellent choix pour les tireurs qui recherchent un m\u00e9lange de fonctionnalit\u00e9, de fiabilit\u00e9 et de style.<\/p>\n<p>Marque : KMR Precision Arms<br \/>\nPour les armes : KMR<br \/>\nCompatibilit\u00e9 : KMR L-02 UMBRA \u00c0 PARTIR DE 2024<br \/>\nLongueur de la poign\u00e9e : Taille standard &#8211; pas de puits de chargeur<br \/>\nTexture : Dotmatrix Ergo<br \/>\nMat\u00e9riau : Laiton<\/p>\n","protected":false},"excerpt":{"rendered":"<p>Poign\u00e9es en laiton KMR \u2013 Mod\u00e8le ergonomique DotMatrix. Texture ergonomique pour une prise en main s\u00fbre et confortable, poids \u00e9quilibr\u00e9 pour un meilleur contr\u00f4le.<\/p>\n","protected":false},"featured_media":575566,"template":"","meta":{"_acf_changed":false},"product_brand":[11499],"product_cat":[12143,14867],"product_tag":[],"class_list":{"0":"post-575540","1":"product","2":"type-product","3":"status-publish","4":"has-post-thumbnail","6":"product_brand-kmr-precision","7":"product_cat-pieces-kmr","8":"product_cat-pistol-grips-fr","10":"first","11":"instock","12":"taxable","13":"shipping-taxable","14":"purchasable","15":"product-type-simple"},"acf":[],"_links":{"self":[{"href":"https:\/\/nbg.eu\/fr\/wp-json\/wp\/v2\/product\/575540","targetHints":{"allow":["GET"]}}],"collection":[{"href":"https:\/\/nbg.eu\/fr\/wp-json\/wp\/v2\/product"}],"about":[{"href":"https:\/\/nbg.eu\/fr\/wp-json\/wp\/v2\/types\/product"}],"wp:featuredmedia":[{"embeddable":true,"href":"https:\/\/nbg.eu\/fr\/wp-json\/wp\/v2\/media\/575566"}],"wp:attachment":[{"href":"https:\/\/nbg.eu\/fr\/wp-json\/wp\/v2\/media?parent=575540"}],"wp:term":[{"taxonomy":"product_brand","embeddable":true,"href":"https:\/\/nbg.eu\/fr\/wp-json\/wp\/v2\/product_brand?post=575540"},{"taxonomy":"product_cat","embeddable":true,"href":"https:\/\/nbg.eu\/fr\/wp-json\/wp\/v2\/product_cat?post=575540"},{"taxonomy":"product_tag","embeddable":true,"href":"https:\/\/nbg.eu\/fr\/wp-json\/wp\/v2\/product_tag?post=575540"}],"curies":[{"name":"wp","href":"https:\/\/api.w.org\/{rel}","templated":true}]}}