{"id":575943,"date":"2025-10-10T12:35:14","date_gmt":"2025-10-10T09:35:14","guid":{"rendered":"https:\/\/nbg.eu\/product\/safety-set-kmr-lw-rf\/"},"modified":"2026-04-16T16:58:24","modified_gmt":"2026-04-16T13:58:24","slug":"safety-set-kmr-lw-rf","status":"publish","type":"product","link":"https:\/\/nbg.eu\/fr\/produit\/safety-set-kmr-lw-rf\/","title":{"rendered":"KMR Kit de S\u00e9curit\u00e9 LW-RF"},"content":{"rendered":"<h2>ENSEMBLE DE S\u00c9CURIT\u00c9 KMR LW-RF<\/h2>\n<p><strong>R\u00e9f\u00e9rence:<\/strong> 0671-03002-0000<\/p>\n<p>Am\u00e9liorez la s\u00e9curit\u00e9 de votre arme KMR avec notre ENSEMBLE DE S\u00c9CURIT\u00c9 KMR LW-RF complet. Cet ensemble essentiel est con\u00e7u pour assurer une protection et une fonctionnalit\u00e9 optimales pour une large gamme de mod\u00e8les KMR, notamment:<\/p>\n<ul>\n<li>KMR L-02 ORCA (2024 et plus r\u00e9cent)<\/li>\n<li>KMR L-02 ORCA (2023 et plus ancien)<\/li>\n<li>KMR L-02 SPECTRA (2023 et plus ancien)<\/li>\n<li>KMR W-02 CUDA (2024 et plus r\u00e9cent)<\/li>\n<li>KMR W-02 CUDA (2023 et plus ancien)<\/li>\n<li>KMR W-02 UMBRA<\/li>\n<li>KMR W-02 UMBRA (OR)<\/li>\n<\/ul>\n<p>Notre ENSEMBLE DE S\u00c9CURIT\u00c9 KMR LW-RF est con\u00e7u pour r\u00e9pondre aux normes les plus \u00e9lev\u00e9es en mati\u00e8re de fiabilit\u00e9 et de performance. Que vous utilisiez le mod\u00e8le ORCA le plus r\u00e9cent ou le classique UMBRA, cet ensemble de s\u00e9curit\u00e9 polyvalent garantit le fonctionnement s\u00e9curis\u00e9 et efficace de votre arme. Mettez \u00e0 niveau votre arme KMR aujourd&rsquo;hui avec cet accessoire de s\u00e9curit\u00e9 indispensable.<\/p>\n","protected":false},"excerpt":{"rendered":"<p>Ensemble de s\u00e9curit\u00e9 essentiel pour les armes KMR, compatible avec plusieurs mod\u00e8les<\/p>\n","protected":false},"featured_media":575990,"template":"","meta":{"_acf_changed":false},"product_brand":[],"product_cat":[12143],"product_tag":[],"class_list":{"0":"post-575943","1":"product","2":"type-product","3":"status-publish","4":"has-post-thumbnail","6":"product_cat-pieces-kmr","8":"first","9":"outofstock","10":"taxable","11":"shipping-taxable","12":"purchasable","13":"product-type-simple"},"acf":[],"_links":{"self":[{"href":"https:\/\/nbg.eu\/fr\/wp-json\/wp\/v2\/product\/575943","targetHints":{"allow":["GET"]}}],"collection":[{"href":"https:\/\/nbg.eu\/fr\/wp-json\/wp\/v2\/product"}],"about":[{"href":"https:\/\/nbg.eu\/fr\/wp-json\/wp\/v2\/types\/product"}],"wp:featuredmedia":[{"embeddable":true,"href":"https:\/\/nbg.eu\/fr\/wp-json\/wp\/v2\/media\/575990"}],"wp:attachment":[{"href":"https:\/\/nbg.eu\/fr\/wp-json\/wp\/v2\/media?parent=575943"}],"wp:term":[{"taxonomy":"product_brand","embeddable":true,"href":"https:\/\/nbg.eu\/fr\/wp-json\/wp\/v2\/product_brand?post=575943"},{"taxonomy":"product_cat","embeddable":true,"href":"https:\/\/nbg.eu\/fr\/wp-json\/wp\/v2\/product_cat?post=575943"},{"taxonomy":"product_tag","embeddable":true,"href":"https:\/\/nbg.eu\/fr\/wp-json\/wp\/v2\/product_tag?post=575943"}],"curies":[{"name":"wp","href":"https:\/\/api.w.org\/{rel}","templated":true}]}}