{"id":58129,"date":"2024-02-20T22:21:46","date_gmt":"2024-02-20T19:21:46","guid":{"rendered":"https:\/\/nbg.eu\/product\/geissele-super-precision-compm5s-series-optic-mounts-black-absolute-co-witness\/"},"modified":"2026-04-22T11:35:47","modified_gmt":"2026-04-22T08:35:47","slug":"montage-optique-geissele-super-precision-serie-compm5s-noir-co-temoin-absolu","status":"publish","type":"product","link":"https:\/\/nbg.eu\/fr\/produit\/montage-optique-geissele-super-precision-serie-compm5s-noir-co-temoin-absolu\/","title":{"rendered":"Geissele Montage Point Rouge Super Precision CompM5s Absolute Co-Witness &#8211; Black"},"content":{"rendered":"<h2>Geissele Super Precision\u00ae &#8211; Supports pour optiques s\u00e9rie CompM5s<\/h2>\n<h3>Noir (Co-t\u00e9moin absolu)<\/h3>\n<p>Le support optique Geissele Super Precision\u00ae s\u00e9rie CompM5s est con\u00e7u pour les Aimpoint CompM5s et optiques similaires \u00e0 point rouge. Ce support offre pr\u00e9cision et durabilit\u00e9.<\/p>\n<ul>\n<li>Usin\u00e9 avec pr\u00e9cision \u00e0 partir d&rsquo;une seule pi\u00e8ce d&rsquo;aluminium 7075-T6 haute r\u00e9sistance<\/li>\n<li>Option de hauteur pour co-t\u00e9moin absolu<\/li>\n<li>M\u00e9thode de fixation par \u00e9crou et boulon avec une force de serrage de 635 kg<\/li>\n<li>3 pattes de cisaillement pour une rigidit\u00e9 maximale et un retour au z\u00e9ro sup\u00e9rieur<\/li>\n<li>Finition anodis\u00e9e de type 3 en noir<\/li>\n<\/ul>\n<p>Geissele propose des solutions de montage d&rsquo;optiques qui am\u00e9liorent les performances et la fiabilit\u00e9 de votre arme \u00e0 feu.<\/p>\n","protected":false},"excerpt":{"rendered":"<p>Support usin\u00e9 avec pr\u00e9cision pour Aimpoint CompM5s. Robuste, rigide et fiable.<\/p>\n","protected":false},"featured_media":58130,"template":"","meta":{"_acf_changed":false},"product_brand":[11381],"product_cat":[12139,12143,12175,14917],"product_tag":[],"class_list":{"0":"post-58129","1":"product","2":"type-product","3":"status-publish","4":"has-post-thumbnail","6":"product_brand-geissele","7":"product_cat-pieces-de-pistolet","8":"product_cat-pieces-kmr","9":"product_cat-points-de-visee-pistolet","10":"product_cat-red-dot-sights-mounts-fr","12":"first","13":"instock","14":"taxable","15":"shipping-taxable","16":"product-type-simple"},"acf":[],"_links":{"self":[{"href":"https:\/\/nbg.eu\/fr\/wp-json\/wp\/v2\/product\/58129","targetHints":{"allow":["GET"]}}],"collection":[{"href":"https:\/\/nbg.eu\/fr\/wp-json\/wp\/v2\/product"}],"about":[{"href":"https:\/\/nbg.eu\/fr\/wp-json\/wp\/v2\/types\/product"}],"wp:featuredmedia":[{"embeddable":true,"href":"https:\/\/nbg.eu\/fr\/wp-json\/wp\/v2\/media\/58130"}],"wp:attachment":[{"href":"https:\/\/nbg.eu\/fr\/wp-json\/wp\/v2\/media?parent=58129"}],"wp:term":[{"taxonomy":"product_brand","embeddable":true,"href":"https:\/\/nbg.eu\/fr\/wp-json\/wp\/v2\/product_brand?post=58129"},{"taxonomy":"product_cat","embeddable":true,"href":"https:\/\/nbg.eu\/fr\/wp-json\/wp\/v2\/product_cat?post=58129"},{"taxonomy":"product_tag","embeddable":true,"href":"https:\/\/nbg.eu\/fr\/wp-json\/wp\/v2\/product_tag?post=58129"}],"curies":[{"name":"wp","href":"https:\/\/api.w.org\/{rel}","templated":true}]}}