{"id":582862,"date":"2025-10-10T12:39:54","date_gmt":"2025-10-10T09:39:54","guid":{"rendered":"https:\/\/nbg.eu\/product\/barwarus-muzzle-break-bulldog-m24x1-5rh-black\/"},"modified":"2026-01-21T11:34:38","modified_gmt":"2026-01-21T08:34:38","slug":"barwarus-muzzle-break-bulldog-m24x1-5rh-black","status":"publish","type":"product","link":"https:\/\/nbg.eu\/fr\/produit\/barwarus-muzzle-break-bulldog-m24x1-5rh-black\/","title":{"rendered":"BARWARUS MUZZLE BREAK BULLDOG M24X1.5RH BLACK"},"content":{"rendered":"<div class=\"product-description\">\n<h1>Compensateur russe BARWARUS Bulldog 021 en acier M24x1.5 RH<\/h1>\n<p>Version II du frein de bouche BARWARUS Bulldog, con\u00e7u pour les fusils de calibre 5,45 et 7,62. Ce compensateur est fabriqu\u00e9 en acier \u00e0 haute r\u00e9sistance et dispose d&rsquo;un rev\u00eatement protecteur noir.<\/p>\n<h2>Caract\u00e9ristiques principales :<\/h2>\n<ul>\n<li>Filetage externe M24x1.5 RH (\u00e0 droite)<\/li>\n<li>Con\u00e7u pour r\u00e9duire le recul<\/li>\n<li>Fabriqu\u00e9 en acier \u00e0 haute r\u00e9sistance<\/li>\n<li>Rev\u00eatement protecteur noir<\/li>\n<\/ul>\n<p>Le compensateur BARWARUS Bulldog 021 offre une r\u00e9duction du recul, permettant des tirs de suivi plus rapides et une meilleure pr\u00e9cision. Sa construction assure une performance durable dans diverses conditions de tir.<\/p>\n<p>Le BARWARUS Bulldog 021 peut am\u00e9liorer la pr\u00e9cision et le contr\u00f4le de votre tir.<\/p>\n<\/div>\n","protected":false},"excerpt":{"rendered":"<p>Frein de bouche en acier pour fusils. R\u00e9duit le recul. Filetage M24x1,5 \u00e0 droite.<\/p>\n","protected":false},"featured_media":582886,"template":"","meta":{"_acf_changed":false},"product_brand":[],"product_cat":[12209],"product_tag":[],"class_list":{"0":"post-582862","1":"product","2":"type-product","3":"status-publish","4":"has-post-thumbnail","6":"product_cat-non-categorise","8":"first","9":"outofstock","10":"taxable","11":"shipping-taxable","12":"purchasable","13":"product-type-simple"},"acf":[],"_links":{"self":[{"href":"https:\/\/nbg.eu\/fr\/wp-json\/wp\/v2\/product\/582862","targetHints":{"allow":["GET"]}}],"collection":[{"href":"https:\/\/nbg.eu\/fr\/wp-json\/wp\/v2\/product"}],"about":[{"href":"https:\/\/nbg.eu\/fr\/wp-json\/wp\/v2\/types\/product"}],"wp:featuredmedia":[{"embeddable":true,"href":"https:\/\/nbg.eu\/fr\/wp-json\/wp\/v2\/media\/582886"}],"wp:attachment":[{"href":"https:\/\/nbg.eu\/fr\/wp-json\/wp\/v2\/media?parent=582862"}],"wp:term":[{"taxonomy":"product_brand","embeddable":true,"href":"https:\/\/nbg.eu\/fr\/wp-json\/wp\/v2\/product_brand?post=582862"},{"taxonomy":"product_cat","embeddable":true,"href":"https:\/\/nbg.eu\/fr\/wp-json\/wp\/v2\/product_cat?post=582862"},{"taxonomy":"product_tag","embeddable":true,"href":"https:\/\/nbg.eu\/fr\/wp-json\/wp\/v2\/product_tag?post=582862"}],"curies":[{"name":"wp","href":"https:\/\/api.w.org\/{rel}","templated":true}]}}