{"id":58373,"date":"2024-02-17T21:23:00","date_gmt":"2024-02-17T18:23:00","guid":{"rendered":"https:\/\/nbg.eu\/product\/magazine-well-reaction-block-geissele-vise-block\/"},"modified":"2026-04-22T11:41:33","modified_gmt":"2026-04-22T08:41:33","slug":"magazine-well-reaction-block-geissele-vise-block","status":"publish","type":"product","link":"https:\/\/nbg.eu\/fr\/produit\/magazine-well-reaction-block-geissele-vise-block\/","title":{"rendered":"Geissele Support d&rsquo;\u00c9tau Vise Block"},"content":{"rendered":"<p>Le <strong>bloc \u00e9tau pour puits de chargeur Geissele Automatics<\/strong> est un outil pour les r\u00e9cepteurs AR15\/M4 et AR10\/SR25. Cet appareil fabriqu\u00e9 aux \u00c9tats-Unis offre :<\/p>\n<ul>\n<li>Une plateforme stable pour les op\u00e9rations sur le r\u00e9cepteur inf\u00e9rieur<\/li>\n<li>Une installation facile des \u00e9crous MLOK<\/li>\n<li>Un assemblage simplifi\u00e9 du tube de crosse<\/li>\n<li>La possibilit\u00e9 de travailler sans les mains<\/li>\n<\/ul>\n<p>Fixez-le \u00e0 votre \u00e9tabli pour un travail d&rsquo;armurerie efficace.<\/p>\n","protected":false},"excerpt":{"rendered":"<p>S\u00e9curisez les parties inf\u00e9rieures des AR15\/M4\/AR10\/SR25 pour un travail mains libres. Fabriqu\u00e9 aux \u00c9tats-Unis.<\/p>\n","protected":false},"featured_media":58374,"template":"","meta":{"_acf_changed":false},"product_brand":[11381],"product_cat":[12173],"product_tag":[],"class_list":{"0":"post-58373","1":"product","2":"type-product","3":"status-publish","4":"has-post-thumbnail","6":"product_brand-geissele","7":"product_cat-outils","9":"first","10":"outofstock","11":"taxable","12":"shipping-taxable","13":"product-type-simple"},"acf":[],"_links":{"self":[{"href":"https:\/\/nbg.eu\/fr\/wp-json\/wp\/v2\/product\/58373","targetHints":{"allow":["GET"]}}],"collection":[{"href":"https:\/\/nbg.eu\/fr\/wp-json\/wp\/v2\/product"}],"about":[{"href":"https:\/\/nbg.eu\/fr\/wp-json\/wp\/v2\/types\/product"}],"wp:featuredmedia":[{"embeddable":true,"href":"https:\/\/nbg.eu\/fr\/wp-json\/wp\/v2\/media\/58374"}],"wp:attachment":[{"href":"https:\/\/nbg.eu\/fr\/wp-json\/wp\/v2\/media?parent=58373"}],"wp:term":[{"taxonomy":"product_brand","embeddable":true,"href":"https:\/\/nbg.eu\/fr\/wp-json\/wp\/v2\/product_brand?post=58373"},{"taxonomy":"product_cat","embeddable":true,"href":"https:\/\/nbg.eu\/fr\/wp-json\/wp\/v2\/product_cat?post=58373"},{"taxonomy":"product_tag","embeddable":true,"href":"https:\/\/nbg.eu\/fr\/wp-json\/wp\/v2\/product_tag?post=58373"}],"curies":[{"name":"wp","href":"https:\/\/api.w.org\/{rel}","templated":true}]}}