{"id":59504,"date":"2024-02-15T11:08:39","date_gmt":"2024-02-15T11:08:39","guid":{"rendered":"https:\/\/nbg.eu\/product\/geissele-picatinny-rail-for-m-lok-7-slots\/"},"modified":"2026-04-22T11:45:48","modified_gmt":"2026-04-22T08:45:48","slug":"rail-picatinny-geissele-pour-m-lok-7-emplacements","status":"publish","type":"product","link":"https:\/\/nbg.eu\/fr\/produit\/rail-picatinny-geissele-pour-m-lok-7-emplacements\/","title":{"rendered":"Geissele Rail Picatinny M-LOK"},"content":{"rendered":"<div class=\"product-description\">\n<h2>Rail Picatinny Geissele pour M-LOK, 7 emplacements<\/h2>\n<p>Rail accessoire Picatinny de Geissele pour AR-15. Ce rail de 7 emplacements est fabriqu\u00e9 en aluminium 7075-T6 avec une finition anodis\u00e9e. Il permet la fixation d&rsquo;accessoires. Con\u00e7u selon des sp\u00e9cifications pr\u00e9cises, il s&rsquo;adapte aux garde-mains M-LOK.<\/p>\n<\/div>\n","protected":false},"excerpt":{"rendered":"<p>Rail Picatinny de pr\u00e9cision \u00e0 7 slots pour M-LOK. Support s\u00e9curis\u00e9 pour accessoires AR-15.<\/p>\n","protected":false},"featured_media":59505,"template":"","meta":{"_acf_changed":false},"product_brand":[11381],"product_cat":[12172,16214,12193,15808],"product_tag":[],"class_list":{"0":"post-59504","1":"product","2":"type-product","3":"status-publish","4":"has-post-thumbnail","6":"product_brand-geissele","7":"product_cat-bipieds","8":"product_cat-bipod-mounts-fr","9":"product_cat-fusil","10":"product_cat-picatinny-rails-fr","12":"first","13":"instock","14":"taxable","15":"shipping-taxable","16":"product-type-variable","17":"wvs-archive-product-wrapper"},"acf":[],"_links":{"self":[{"href":"https:\/\/nbg.eu\/fr\/wp-json\/wp\/v2\/product\/59504","targetHints":{"allow":["GET"]}}],"collection":[{"href":"https:\/\/nbg.eu\/fr\/wp-json\/wp\/v2\/product"}],"about":[{"href":"https:\/\/nbg.eu\/fr\/wp-json\/wp\/v2\/types\/product"}],"wp:featuredmedia":[{"embeddable":true,"href":"https:\/\/nbg.eu\/fr\/wp-json\/wp\/v2\/media\/59505"}],"wp:attachment":[{"href":"https:\/\/nbg.eu\/fr\/wp-json\/wp\/v2\/media?parent=59504"}],"wp:term":[{"taxonomy":"product_brand","embeddable":true,"href":"https:\/\/nbg.eu\/fr\/wp-json\/wp\/v2\/product_brand?post=59504"},{"taxonomy":"product_cat","embeddable":true,"href":"https:\/\/nbg.eu\/fr\/wp-json\/wp\/v2\/product_cat?post=59504"},{"taxonomy":"product_tag","embeddable":true,"href":"https:\/\/nbg.eu\/fr\/wp-json\/wp\/v2\/product_tag?post=59504"}],"curies":[{"name":"wp","href":"https:\/\/api.w.org\/{rel}","templated":true}]}}