{"id":595876,"date":"2025-10-17T16:20:30","date_gmt":"2025-10-17T13:20:30","guid":{"rendered":"https:\/\/nbg.eu\/product\/holster-rhh-190-ho-aiwb-crocy\/"},"modified":"2026-01-21T12:31:23","modified_gmt":"2026-01-21T09:31:23","slug":"holster-rhh-190-ho-aiwb-crocy","status":"publish","type":"product","link":"https:\/\/nbg.eu\/fr\/produit\/holster-rhh-190-ho-aiwb-crocy\/","title":{"rendered":"Holster RHH 190-HO AIWB Crocy"},"content":{"rendered":"<div class=\"product-description\">\n<h2>\u00c9tui RHH 190-HO AIWB Crocy<\/h2>\n<p>L&rsquo;\u00e9tui RHH 190-HO AIWB Crocy est une solution de port dissimul\u00e9 pour les utilisateurs d&rsquo;armes \u00e0 feu. Con\u00e7u pour le port \u00e0 l&rsquo;int\u00e9rieur de la ceinture au niveau de l&rsquo;appendice (AIWB), cet \u00e9tui offre confort et s\u00e9curit\u00e9.<\/p>\n<ul>\n<li>Fabriqu\u00e9 en Kydex pour la durabilit\u00e9<\/li>\n<li>Moul\u00e9 sur mesure pour s&rsquo;adapter \u00e0 votre mod\u00e8le d&rsquo;arme sp\u00e9cifique<\/li>\n<li>R\u00e9tention ajustable pour personnaliser la tension de d\u00e9gainage<\/li>\n<li>Protection contre la transpiration pour l&rsquo;arme et la peau<\/li>\n<li>Clip permettant une dissimulation sous des chemises non rentr\u00e9es<\/li>\n<li>Disponible en configuration pour droitier<\/li>\n<\/ul>\n<p>L&rsquo;\u00e9tui RHH 190-HO AIWB Crocy offre un m\u00e9lange de confort, de dissimulation et d&rsquo;acc\u00e8s rapide.<\/p>\n<\/div>\n","protected":false},"excerpt":{"rendered":"<p>\u00c9tui AIWB s\u00e9curis\u00e9 pour port d&rsquo;arme dissimul\u00e9. Ajustement durable et confortable.<\/p>\n","protected":false},"featured_media":595893,"template":"","meta":{"_acf_changed":false},"product_brand":[11635],"product_cat":[12199,12166],"product_tag":[],"class_list":{"0":"post-595876","1":"product","2":"type-product","3":"status-publish","4":"has-post-thumbnail","6":"product_brand-rh-holsters","7":"product_cat-etui","8":"product_cat-holster-tactique","10":"first","11":"instock","12":"taxable","13":"shipping-taxable","14":"purchasable","15":"product-type-variable","16":"wvs-archive-product-wrapper"},"acf":[],"_links":{"self":[{"href":"https:\/\/nbg.eu\/fr\/wp-json\/wp\/v2\/product\/595876","targetHints":{"allow":["GET"]}}],"collection":[{"href":"https:\/\/nbg.eu\/fr\/wp-json\/wp\/v2\/product"}],"about":[{"href":"https:\/\/nbg.eu\/fr\/wp-json\/wp\/v2\/types\/product"}],"wp:featuredmedia":[{"embeddable":true,"href":"https:\/\/nbg.eu\/fr\/wp-json\/wp\/v2\/media\/595893"}],"wp:attachment":[{"href":"https:\/\/nbg.eu\/fr\/wp-json\/wp\/v2\/media?parent=595876"}],"wp:term":[{"taxonomy":"product_brand","embeddable":true,"href":"https:\/\/nbg.eu\/fr\/wp-json\/wp\/v2\/product_brand?post=595876"},{"taxonomy":"product_cat","embeddable":true,"href":"https:\/\/nbg.eu\/fr\/wp-json\/wp\/v2\/product_cat?post=595876"},{"taxonomy":"product_tag","embeddable":true,"href":"https:\/\/nbg.eu\/fr\/wp-json\/wp\/v2\/product_tag?post=595876"}],"curies":[{"name":"wp","href":"https:\/\/api.w.org\/{rel}","templated":true}]}}