{"id":63090,"date":"2024-01-24T18:43:40","date_gmt":"2024-01-24T18:43:40","guid":{"rendered":"https:\/\/nbg.eu\/product\/iosso-ar-bolt-carrier-key-tube-brush\/"},"modified":"2026-05-13T16:03:05","modified_gmt":"2026-05-13T13:03:05","slug":"iosso-brosse-tube-cle-de-porte-boulon-ar","status":"publish","type":"product","link":"https:\/\/nbg.eu\/fr\/produit\/iosso-brosse-tube-cle-de-porte-boulon-ar\/","title":{"rendered":"Iosso Brosse Tube Cle de Porte-Boulon AR"},"content":{"rendered":"<p>\nBrosse pour tube de cl\u00e9 de transporteur de culasse AR Iosso : Taille adapt\u00e9e, \u00e9limine l&rsquo;accumulation de carbone. \u00c0 utiliser avec l&rsquo;huile Iosso. Ne laisse pas de r\u00e9sidus de peluches. Con\u00e7ue pour l&rsquo;entretien des AR.<\/p>\n","protected":false},"excerpt":{"rendered":"<p>Brosse pour tube de cl\u00e9 de transporteur de culasse AR Iosso : Nettoyez efficacement l&rsquo;accumulation de carbone.<\/p>\n","protected":false},"featured_media":102282,"template":"","meta":{"_acf_changed":false},"product_brand":[11481],"product_cat":[12152,12135],"product_tag":[],"class_list":{"0":"post-63090","1":"product","2":"type-product","3":"status-publish","4":"has-post-thumbnail","6":"product_brand-iosso","7":"product_cat-brosses","8":"product_cat-nettoyage-darmes","10":"first","11":"instock","12":"taxable","13":"shipping-taxable","14":"purchasable","15":"product-type-simple"},"acf":[],"_links":{"self":[{"href":"https:\/\/nbg.eu\/fr\/wp-json\/wp\/v2\/product\/63090","targetHints":{"allow":["GET"]}}],"collection":[{"href":"https:\/\/nbg.eu\/fr\/wp-json\/wp\/v2\/product"}],"about":[{"href":"https:\/\/nbg.eu\/fr\/wp-json\/wp\/v2\/types\/product"}],"wp:featuredmedia":[{"embeddable":true,"href":"https:\/\/nbg.eu\/fr\/wp-json\/wp\/v2\/media\/102282"}],"wp:attachment":[{"href":"https:\/\/nbg.eu\/fr\/wp-json\/wp\/v2\/media?parent=63090"}],"wp:term":[{"taxonomy":"product_brand","embeddable":true,"href":"https:\/\/nbg.eu\/fr\/wp-json\/wp\/v2\/product_brand?post=63090"},{"taxonomy":"product_cat","embeddable":true,"href":"https:\/\/nbg.eu\/fr\/wp-json\/wp\/v2\/product_cat?post=63090"},{"taxonomy":"product_tag","embeddable":true,"href":"https:\/\/nbg.eu\/fr\/wp-json\/wp\/v2\/product_tag?post=63090"}],"curies":[{"name":"wp","href":"https:\/\/api.w.org\/{rel}","templated":true}]}}