{"id":65327,"date":"2024-09-19T17:15:31","date_gmt":"2024-09-19T14:15:31","guid":{"rendered":"https:\/\/nbg.eu\/?post_type=product&#038;p=65327"},"modified":"2026-01-21T12:23:45","modified_gmt":"2026-01-21T09:23:45","slug":"holster-classics-owb-droitier","status":"publish","type":"product","link":"https:\/\/nbg.eu\/fr\/produit\/holster-classics-owb-droitier\/","title":{"rendered":"Holster Classics OWB Droitier"},"content":{"rendered":"<div class=\"product-description\">\n<h2>\u00c9tui RH OWB Classics<\/h2>\n<p>L&rsquo;\u00e9tui RH OWB Classics est con\u00e7u pour le port quotidien. Fabriqu\u00e9 en cuir avec des coutures, cet \u00e9tui \u00e0 porter \u00e0 l&rsquo;ext\u00e9rieur de la ceinture offre :<\/p>\n<ul>\n<li>Une construction pour une utilisation prolong\u00e9e<\/li>\n<li>Un ajustement pour un port toute la journ\u00e9e<\/li>\n<li>Une r\u00e9tention pour maintenir l&rsquo;arme en place<\/li>\n<li>Un d\u00e9gain\u00e9 rapide<\/li>\n<li>Un design classique<\/li>\n<\/ul>\n<p>Disponible pour de nombreux mod\u00e8les d&rsquo;armes de poing, l&rsquo;\u00e9tui RH OWB Classics convient pour le port dissimul\u00e9, l&rsquo;entra\u00eenement au stand de tir ou le port visible. Cet \u00e9tui est appr\u00e9ci\u00e9 par les amateurs d&rsquo;armes \u00e0 feu depuis des ann\u00e9es.<\/p>\n<\/div>\n","protected":false},"excerpt":{"rendered":"<p>\u00c9tui OWB s\u00e9curis\u00e9 et confortable pour armes \u00e0 feu classiques. Conception durable.<\/p>\n","protected":false},"featured_media":65449,"template":"","meta":{"_acf_changed":false},"product_brand":[11635],"product_cat":[12199,12180,12166],"product_tag":[],"class_list":{"0":"post-65327","1":"product","2":"type-product","3":"status-publish","4":"has-post-thumbnail","6":"product_brand-rh-holsters","7":"product_cat-etui","8":"product_cat-etui-de-sport","9":"product_cat-holster-tactique","11":"first","12":"instock","13":"taxable","14":"shipping-taxable","15":"purchasable","16":"product-type-variable","17":"wvs-archive-product-wrapper"},"acf":[],"_links":{"self":[{"href":"https:\/\/nbg.eu\/fr\/wp-json\/wp\/v2\/product\/65327","targetHints":{"allow":["GET"]}}],"collection":[{"href":"https:\/\/nbg.eu\/fr\/wp-json\/wp\/v2\/product"}],"about":[{"href":"https:\/\/nbg.eu\/fr\/wp-json\/wp\/v2\/types\/product"}],"wp:featuredmedia":[{"embeddable":true,"href":"https:\/\/nbg.eu\/fr\/wp-json\/wp\/v2\/media\/65449"}],"wp:attachment":[{"href":"https:\/\/nbg.eu\/fr\/wp-json\/wp\/v2\/media?parent=65327"}],"wp:term":[{"taxonomy":"product_brand","embeddable":true,"href":"https:\/\/nbg.eu\/fr\/wp-json\/wp\/v2\/product_brand?post=65327"},{"taxonomy":"product_cat","embeddable":true,"href":"https:\/\/nbg.eu\/fr\/wp-json\/wp\/v2\/product_cat?post=65327"},{"taxonomy":"product_tag","embeddable":true,"href":"https:\/\/nbg.eu\/fr\/wp-json\/wp\/v2\/product_tag?post=65327"}],"curies":[{"name":"wp","href":"https:\/\/api.w.org\/{rel}","templated":true}]}}