{"id":672176,"date":"2025-11-17T17:17:59","date_gmt":"2025-11-17T14:17:59","guid":{"rendered":"https:\/\/nbg.eu\/product\/camera-thermique-nocpix-vista-s50r-avec-lrf-1280x1024-15mk-netd\/"},"modified":"2026-04-14T15:56:53","modified_gmt":"2026-04-14T12:56:53","slug":"camera-thermique-nocpix-vista-s50r-avec-lrf-1280x1024-15mk-netd","status":"publish","type":"product","link":"https:\/\/nbg.eu\/fr\/produit\/camera-thermique-nocpix-vista-s50r-avec-lrf-1280x1024-15mk-netd\/","title":{"rendered":"Nocpix Cam\u00e9ra Thermique VISTA S50R LRF"},"content":{"rendered":"<h2>Cam\u00e9ra thermique Nocpix VISTA S50R avec LRF 1280&#215;1024 \u226415mK NETD<\/h2>\n<p>Le syst\u00e8me Vision+ de Vista, avec son \u00e9cran AMOLED 2560&#215;2560 et un diam\u00e8tre de pupille de sortie de 8 mm, offre une exp\u00e9rience de visionnage immersive. \u00c9quip\u00e9 d&rsquo;un capteur sup\u00e9rieur et d&rsquo;un LRF int\u00e9gr\u00e9, Vista offre les meilleures performances du secteur. Sa conception ergonomique et sa solution de batterie am\u00e9lior\u00e9e en font le compagnon id\u00e9al pour surmonter les d\u00e9fis ext\u00e9rieurs.<\/p>\n<h2>Syst\u00e8me Vision+ : Vision immersive<\/h2>\n<p>Un \u00e9cran AMOLED circulaire 2560&#215;2560 optimise l&rsquo;efficacit\u00e9 spatiale, offrant des visuels saisissants. Avec un diam\u00e8tre de pupille de sortie de 8 mm et le mode Pure Vision, Vista offre une exp\u00e9rience de visionnage confortable et immersive.<\/p>\n<h2>Capteur sup\u00e9rieur : qualit\u00e9 d&rsquo;image de premier ordre<\/h2>\n<p>Notre capteur 1280&#215;1024@12\u03bcm d\u00e9velopp\u00e9 en interne avec un NETD \u226415mk garantit une qualit\u00e9 d&rsquo;image \u00e9lev\u00e9e et des performances stables. Les silhouettes, l&rsquo;anatomie et les caract\u00e9ristiques comportementales des animaux deviennent facilement reconnaissables.<\/p>\n<h2>LRF int\u00e9gr\u00e9 : pr\u00e9cision et portabilit\u00e9<\/h2>\n<p>Notre t\u00e9l\u00e9m\u00e8tre laser int\u00e9gr\u00e9 (LRF 1200m) combine harmonieusement esth\u00e9tique et alignement optique parfait. Cette conception l\u00e9g\u00e8re et compacte assure une utilisation minimale de la surface de l&rsquo;objectif tout en maintenant une qualit\u00e9 d&rsquo;image irr\u00e9prochable.<\/p>\n<h2>Taux de rafra\u00eechissement de 60Hz : capture de mouvement fluide<\/h2>\n<p>\u00c9quip\u00e9 d&rsquo;un d\u00e9tecteur 60 Hz, Vista offre une fluidit\u00e9 sup\u00e9rieure, permettant la capture pr\u00e9cise d&rsquo;animaux en mouvement et de sc\u00e8nes \u00e0 grande vitesse. Cette am\u00e9lioration significative par rapport aux 50 Hz offre des visualisations plus fluides et plus pr\u00e9cises.<\/p>\n<h2>Objectif F0.9 : meilleure capture de la lumi\u00e8re<\/h2>\n<p>L&rsquo;objectif F0.9 est con\u00e7u pour am\u00e9liorer la r\u00e9ception de la lumi\u00e8re de 20%, am\u00e9liorant ainsi de mani\u00e8re significative la luminosit\u00e9 et la qualit\u00e9 d&rsquo;image par rapport aux objectifs traditionnels F1.0. Cette avanc\u00e9e garantit que chaque d\u00e9tail soit brillamment clair, faisant de Vista le compagnon id\u00e9al pour les observations nocturnes.<\/p>\n<h2>Charge flexible : batteries rempla\u00e7ables pour une utilisation prolong\u00e9e<\/h2>\n<p>Vista offre deux options de charge : des batteries interchangeables IBP-7\/4400 mAh qui peuvent \u00eatre facilement chang\u00e9es, ou une charge directe via le port int\u00e9gr\u00e9. Cela assure un fonctionnement continu afin que vous puissiez vous concentrer sur la chasse sans probl\u00e8me de batterie.<\/p>\n<h2>Champ de vision large : am\u00e9lioration de la conscience de la sc\u00e8ne<\/h2>\n<p>Avec son grossissement primaire sup\u00e9rieur de 2X et son champ de vision \u00e9tendu, le Vista S50R offre une perspective exceptionnelle de votre environnement. Cela vous permet de rep\u00e9rer et de surveiller facilement plusieurs cibles sur de vastes paysages, en vous assurant que chaque mouvement soit captur\u00e9 avec clart\u00e9.<\/p>\n<h2>Diff\u00e9rentes palettes de couleurs<\/h2>\n<p>Vista offre 7 palettes de couleurs diff\u00e9rentes, y compris des modes monochrome rouge et vert pur. Ces options favorables aux yeux aident \u00e0 r\u00e9duire la fatigue oculaire, assurant une utilisation sans effort pendant de longues p\u00e9riodes.<\/p>\n<h2>Conception ergonomique<\/h2>\n<p>Les boutons silencieux de Vista assurent une utilisation discr\u00e8te dans l&rsquo;obscurit\u00e9, tandis que le masque oculaire rotatif emp\u00eache les fuites de lumi\u00e8re, maintenant votre pr\u00e9sence cach\u00e9e aux animaux. La texture en cuir TPU enti\u00e8rement enveloppante offre une prise en main confortable, rendant l&rsquo;utilisation prolong\u00e9e sans effort.<\/p>\n","protected":false},"excerpt":{"rendered":"<p>Nocpix VISTA S50R avec LRF 1280&#215;1024 &lt;15mK NETD: Affichage AMOLED immersif 2560&#215;2560, capteur sup\u00e9rieur 1280&#215;1024, LRF int\u00e9gr\u00e9, objectif F0,9, fr\u00e9quence d&rsquo;images de 60 Hz, charge flexible, champ de vision large et conception conviviale.<\/p>\n<p>Si l&rsquo;article n&rsquo;est pas disponible, veuillez nous contacter : shop@nbg.eu ou +359896147790<\/p>\n","protected":false},"featured_media":672197,"template":"","meta":{"_acf_changed":false},"product_brand":[14455],"product_cat":[16074,12164],"product_tag":[],"class_list":{"0":"post-672176","1":"product","2":"type-product","3":"status-publish","4":"has-post-thumbnail","6":"product_brand-nocpix","7":"product_cat-thermal-cameras-fr","8":"product_cat-thermique","10":"first","11":"instock","12":"taxable","13":"shipping-taxable","14":"purchasable","15":"product-type-simple"},"acf":[],"_links":{"self":[{"href":"https:\/\/nbg.eu\/fr\/wp-json\/wp\/v2\/product\/672176","targetHints":{"allow":["GET"]}}],"collection":[{"href":"https:\/\/nbg.eu\/fr\/wp-json\/wp\/v2\/product"}],"about":[{"href":"https:\/\/nbg.eu\/fr\/wp-json\/wp\/v2\/types\/product"}],"wp:featuredmedia":[{"embeddable":true,"href":"https:\/\/nbg.eu\/fr\/wp-json\/wp\/v2\/media\/672197"}],"wp:attachment":[{"href":"https:\/\/nbg.eu\/fr\/wp-json\/wp\/v2\/media?parent=672176"}],"wp:term":[{"taxonomy":"product_brand","embeddable":true,"href":"https:\/\/nbg.eu\/fr\/wp-json\/wp\/v2\/product_brand?post=672176"},{"taxonomy":"product_cat","embeddable":true,"href":"https:\/\/nbg.eu\/fr\/wp-json\/wp\/v2\/product_cat?post=672176"},{"taxonomy":"product_tag","embeddable":true,"href":"https:\/\/nbg.eu\/fr\/wp-json\/wp\/v2\/product_tag?post=672176"}],"curies":[{"name":"wp","href":"https:\/\/api.w.org\/{rel}","templated":true}]}}