{"id":673432,"date":"2025-11-17T17:24:54","date_gmt":"2025-11-17T14:24:54","guid":{"rendered":"https:\/\/nbg.eu\/product\/camera-thermique-nocpix-vista-h50r-avec-lrf-50-mm-12-%ce%bcm-640-x-512-15-mk-netd\/"},"modified":"2026-04-14T15:56:50","modified_gmt":"2026-04-14T12:56:50","slug":"camera-thermique-nocpix-vista-h50r-avec-lrf-50-mm-12-%ce%bcm-640-x-512-15-mk-netd","status":"publish","type":"product","link":"https:\/\/nbg.eu\/fr\/produit\/camera-thermique-nocpix-vista-h50r-avec-lrf-50-mm-12-%ce%bcm-640-x-512-15-mk-netd\/","title":{"rendered":"Nocpix Cam\u00e9ra Thermique VISTA H50R LRF"},"content":{"rendered":"<h2>Nocpix VISTA H50R &#8211; Cam\u00e9ra thermique de pointe avec t\u00e9l\u00e9m\u00e8tre laser<\/h2>\n<p>Le Nocpix VISTA H50R est une cam\u00e9ra thermique de pointe avec un t\u00e9l\u00e9m\u00e8tre laser int\u00e9gr\u00e9, con\u00e7ue pour une utilisation de jour comme de nuit. Il offre une qualit\u00e9 d&rsquo;image exceptionnelle, m\u00eame dans des conditions m\u00e9t\u00e9orologiques difficiles telles que le brouillard, le smog et la pluie, et peut d\u00e9tecter des cibles \u00e0 travers des obstacles tels que les branches, les hautes herbes et la v\u00e9g\u00e9tation dense qui obstruent normalement la visibilit\u00e9.<\/p>\n<p>Le VISTA H50R est tr\u00e8s polyvalent et convient \u00e0 une gamme d&rsquo;applications, notamment la chasse, la s\u00e9curit\u00e9, la surveillance, la navigation terrestre et les op\u00e9rations de recherche et de sauvetage. Sa technologie thermique avanc\u00e9e assure des performances fiables, offrant des images claires et des mesures pr\u00e9cises dans des environnements difficiles.<\/p>\n<h2>Sp\u00e9cifications :<\/h2>\n<p>R\u00e9solution : 640 x 512<br \/>\nTaille des pixels : 12<br \/>\nNETD, mK : \u226415<br \/>\nFr\u00e9quence d&rsquo;images : 50<br \/>\nObjectif : 50mm F0.9<br \/>\nChamp de vision : 8,8 x 7,0<br \/>\nChamp de vision (lin\u00e9aire) : 15 x 12<br \/>\nGrossissement : 4~40<br \/>\nPort\u00e9e de d\u00e9tection : 2600<br \/>\nDistance des yeux : 25<br \/>\nDiam\u00e8tre de la pupille de sortie : 8<br \/>\nDioptrie : -4 ~ +6<br \/>\nType d&rsquo;\u00e9cran : AMOLED<br \/>\nR\u00e9solution de l&rsquo;\u00e9cran : 2560 x 2560<br \/>\nBatterie : Batterie lithium-ion rempla\u00e7able IBP-7 \/ 4400mAh<br \/>\nDur\u00e9e de fonctionnement max. : 5,5<br \/>\nPort\u00e9e de t\u00e9l\u00e9m\u00e9trie : 1200<br \/>\nLaser : Classe 1<br \/>\nWi-Fi\/Application : OUI<br \/>\nMicrophone : OUI<br \/>\nCapacit\u00e9 de m\u00e9moire : 64 Go<br \/>\nIndice de protection : IP67<br \/>\nTemp\u00e9rature de fonctionnement max. : -20 ~ +50<br \/>\nPoids (onces) : 22,93<br \/>\nPoids (g) : 650<br \/>\nDimensions (in) : 7,64 x 2,76 x 3,23<br \/>\nDimensions (mm) : 194 x 70 x 82<\/p>\n<p>D\u00e9tecteur 640\u00d7512 12\u03bcm<br \/>\nNETD\u226415mK<br \/>\nFr\u00e9quence d&rsquo;images \u00e9lev\u00e9e de 60 Hz<br \/>\nObjectif F0.9<br \/>\n\u00c9cran AMOLED circulaire 2560\u00d72560<br \/>\nBatterie rechargeable IBP-7 \u00e0 changement rapide<br \/>\nZoom num\u00e9rique fluide : 1\u00d7~8\u00d7<br \/>\nMode ultra propre<br \/>\nProtection oculaire avec faible luminosit\u00e9, palette de couleurs et teinte chaude<br \/>\nStabilisation \u00e9lectronique de l&rsquo;image<\/p>\n","protected":false},"excerpt":{"rendered":"<p>La cam\u00e9ra thermique Nocpix VISTA H50R est une cam\u00e9ra thermique de 640&#215;512 pixels avec une taille de pixel de 12 \u03bcm, une sensibilit\u00e9 thermique \u226415 mK NETD, un objectif de 50 mm F0,9 et un t\u00e9l\u00e9m\u00e8tre laser int\u00e9gr\u00e9, destin\u00e9e \u00e0 la chasse, \u00e0 la s\u00e9curit\u00e9 et \u00e0 d&rsquo;autres applications.<\/p>\n<p>Si l&rsquo;article n&rsquo;est pas disponible, veuillez nous contacter : shop@nbg.eu ou +359896147790<\/p>\n","protected":false},"featured_media":673564,"template":"","meta":{"_acf_changed":false},"product_brand":[14455],"product_cat":[16074,12164],"product_tag":[],"class_list":{"0":"post-673432","1":"product","2":"type-product","3":"status-publish","4":"has-post-thumbnail","6":"product_brand-nocpix","7":"product_cat-thermal-cameras-fr","8":"product_cat-thermique","10":"first","11":"instock","12":"taxable","13":"shipping-taxable","14":"purchasable","15":"product-type-simple"},"acf":[],"_links":{"self":[{"href":"https:\/\/nbg.eu\/fr\/wp-json\/wp\/v2\/product\/673432","targetHints":{"allow":["GET"]}}],"collection":[{"href":"https:\/\/nbg.eu\/fr\/wp-json\/wp\/v2\/product"}],"about":[{"href":"https:\/\/nbg.eu\/fr\/wp-json\/wp\/v2\/types\/product"}],"wp:featuredmedia":[{"embeddable":true,"href":"https:\/\/nbg.eu\/fr\/wp-json\/wp\/v2\/media\/673564"}],"wp:attachment":[{"href":"https:\/\/nbg.eu\/fr\/wp-json\/wp\/v2\/media?parent=673432"}],"wp:term":[{"taxonomy":"product_brand","embeddable":true,"href":"https:\/\/nbg.eu\/fr\/wp-json\/wp\/v2\/product_brand?post=673432"},{"taxonomy":"product_cat","embeddable":true,"href":"https:\/\/nbg.eu\/fr\/wp-json\/wp\/v2\/product_cat?post=673432"},{"taxonomy":"product_tag","embeddable":true,"href":"https:\/\/nbg.eu\/fr\/wp-json\/wp\/v2\/product_tag?post=673432"}],"curies":[{"name":"wp","href":"https:\/\/api.w.org\/{rel}","templated":true}]}}