{"id":673805,"date":"2025-11-17T17:24:57","date_gmt":"2025-11-17T14:24:57","guid":{"rendered":"https:\/\/nbg.eu\/product\/camera-thermique-nocpix-vista-h35r-avec-lrf-35-mm-12-%ce%bcm-640x512-15mk-net\/"},"modified":"2026-04-14T15:56:47","modified_gmt":"2026-04-14T12:56:47","slug":"camera-thermique-nocpix-vista-h35r-avec-lrf-35-mm-12-%ce%bcm-640x512-15mk-net","status":"publish","type":"product","link":"https:\/\/nbg.eu\/fr\/produit\/camera-thermique-nocpix-vista-h35r-avec-lrf-35-mm-12-%ce%bcm-640x512-15mk-net\/","title":{"rendered":"Nocpix Cam\u00e9ra Thermique VISTA H35R LRF"},"content":{"rendered":"<h2>Monoculaire thermique Nocpix VISTA H35R avec t\u00e9l\u00e9m\u00e8tre laser<\/h2>\n<p>Le Nocpix VISTA H35R est un monoculaire thermique polyvalent \u00e9quip\u00e9 d&rsquo;un t\u00e9l\u00e9m\u00e8tre laser int\u00e9gr\u00e9, con\u00e7u pour une utilisation fiable de jour comme de nuit. Cet appareil avanc\u00e9 offre des performances d&rsquo;imagerie thermique exceptionnelles, fournissant des images claires et d\u00e9taill\u00e9es m\u00eame dans des conditions m\u00e9t\u00e9orologiques difficiles telles que le brouillard, le smog et la pluie. Il est capable de d\u00e9tecter des cibles \u00e0 travers des obstacles tels que des branches, de l&rsquo;herbe haute et un feuillage dense, assurant un fonctionnement efficace dans des environnements o\u00f9 les optiques traditionnelles sont inadapt\u00e9es.<\/p>\n<p>Id\u00e9al pour une gamme d&rsquo;applications, le VISTA H35R est parfait pour la chasse, la surveillance, la s\u00e9curit\u00e9, la navigation terrestre et les missions de recherche et de sauvetage. Gr\u00e2ce \u00e0 sa technologie de pointe et \u00e0 sa construction robuste, le VISTA H35R garantit une d\u00e9tection et une mesure pr\u00e9cises dans les conditions les plus difficiles.<\/p>\n<h2>Caract\u00e9ristiques techniques<\/h2>\n<p>R\u00e9solution : 640 x 512<br \/>\nTaille des pixels : 12<br \/>\nNETD, mK : \u226415<br \/>\nFr\u00e9quence d&rsquo;images : 50<br \/>\nObjectif : 35mm F0.9<br \/>\nChamp de vision : 12.5 x 10.0<br \/>\nChamp de vision (lin\u00e9aire) : 22 x 18<br \/>\nGrossissement : 3~28<br \/>\nPort\u00e9e de d\u00e9tection : 1800<br \/>\nDistance des yeux : 25<br \/>\nDiam\u00e8tre de la pupille de sortie : 8<br \/>\nDioptre : -4 ~ +6<br \/>\nType d&rsquo;affichage : AMOLED<br \/>\nR\u00e9solution d&rsquo;affichage : 2560 x 2560<br \/>\nBatterie : Batterie lithium-ion rempla\u00e7able IBP-7 \/ 4400mAh<br \/>\nDur\u00e9e de fonctionnement max. : 5.5<br \/>\nPort\u00e9e de t\u00e9l\u00e9m\u00e9trie : 1200<br \/>\nLaser : Classe 1<br \/>\nWi-Fi\/Application : OUI<br \/>\nMicrophone : OUI<br \/>\nCapacit\u00e9 m\u00e9moire : 64 Go<br \/>\nIndice IP : IP67<br \/>\nTemp\u00e9rature de fonctionnement max. : -20 ~ +50<br \/>\nPoids (onces) : 22.58<br \/>\nPoids (g) : 640<br \/>\nDimensions (po) : 7.48 x 2.64 x 3.11<br \/>\nDimensions (mm) : 190 x 67 x 79<\/p>\n<h2>Caract\u00e9ristiques<\/h2>\n<p>D\u00e9tecteur 640\u00d7512 12\u03bcm<br \/>\nNETD\u226415mK<br \/>\nFr\u00e9quence d&rsquo;images \u00e9lev\u00e9e de 60 Hz<br \/>\nObjectif F0.9<br \/>\nAffichage AMOLED 2560\u00d72560 circulaire<br \/>\nBatterie rechargeable \u00e0 changement rapide IBP-7<br \/>\nZoom num\u00e9rique fluide : 1\u00d7~8\u00d7<br \/>\nMode ultra-propre<br \/>\nProtection des yeux avec faible luminosit\u00e9, palette de couleurs et teinte chaude<br \/>\nStabilisation \u00e9lectronique d&rsquo;image<\/p>\n","protected":false},"excerpt":{"rendered":"<p>Cam\u00e9ra thermique Nocpix VISTA H35R avec 35 mm 12 \u03bcm 640 x 512 &lt;15 mK NET et LRF, pour une utilisation fiable jour\/nuit dans des conditions difficiles.<\/p>\n<p>Si l&rsquo;article n&rsquo;est pas disponible, veuillez nous contacter : shop@nbg.eu ou +359896147790<\/p>\n","protected":false},"featured_media":673864,"template":"","meta":{"_acf_changed":false},"product_brand":[14455],"product_cat":[16074,12164],"product_tag":[],"class_list":{"0":"post-673805","1":"product","2":"type-product","3":"status-publish","4":"has-post-thumbnail","6":"product_brand-nocpix","7":"product_cat-thermal-cameras-fr","8":"product_cat-thermique","10":"first","11":"instock","12":"taxable","13":"shipping-taxable","14":"purchasable","15":"product-type-simple"},"acf":[],"_links":{"self":[{"href":"https:\/\/nbg.eu\/fr\/wp-json\/wp\/v2\/product\/673805","targetHints":{"allow":["GET"]}}],"collection":[{"href":"https:\/\/nbg.eu\/fr\/wp-json\/wp\/v2\/product"}],"about":[{"href":"https:\/\/nbg.eu\/fr\/wp-json\/wp\/v2\/types\/product"}],"wp:featuredmedia":[{"embeddable":true,"href":"https:\/\/nbg.eu\/fr\/wp-json\/wp\/v2\/media\/673864"}],"wp:attachment":[{"href":"https:\/\/nbg.eu\/fr\/wp-json\/wp\/v2\/media?parent=673805"}],"wp:term":[{"taxonomy":"product_brand","embeddable":true,"href":"https:\/\/nbg.eu\/fr\/wp-json\/wp\/v2\/product_brand?post=673805"},{"taxonomy":"product_cat","embeddable":true,"href":"https:\/\/nbg.eu\/fr\/wp-json\/wp\/v2\/product_cat?post=673805"},{"taxonomy":"product_tag","embeddable":true,"href":"https:\/\/nbg.eu\/fr\/wp-json\/wp\/v2\/product_tag?post=673805"}],"curies":[{"name":"wp","href":"https:\/\/api.w.org\/{rel}","templated":true}]}}