{"id":673974,"date":"2025-11-17T17:25:01","date_gmt":"2025-11-17T14:25:01","guid":{"rendered":"https:\/\/nbg.eu\/product\/visee-thermique-nocpix-slim-l35\/"},"modified":"2026-04-14T15:56:43","modified_gmt":"2026-04-14T12:56:43","slug":"visee-thermique-nocpix-slim-l35","status":"publish","type":"product","link":"https:\/\/nbg.eu\/fr\/produit\/visee-thermique-nocpix-slim-l35\/","title":{"rendered":"Nocpix Viseur Thermique Slim L35"},"content":{"rendered":"<h2>Lunette thermique Nocpix Slim L35 : Performances de chasse in\u00e9gal\u00e9es<\/h2>\n<p>D\u00e9couvrez la s\u00e9rie SLIM, un MONOCULAIRE portable 2-en-1 ou une lunette 3.5x (L35). Choisissez entre deux c\u0153urs haute performance, profitez d&rsquo;un \u00e9cran OLED 1024&#215;768 et b\u00e9n\u00e9ficiez d&rsquo;une batterie 18650 rempla\u00e7able pour 10 heures d&rsquo;autonomie. Capturez chaque moment avec l&rsquo;enregistrement d&rsquo;impact, pour ne rien manquer.<\/p>\n<p>Passez sans effort de la vue manuelle \u00e0 la vue optique sans avoir \u00e0 recaler, gr\u00e2ce \u00e0 la conception 2-en-1 avec montage QD. Profitez d&rsquo;un confort de visionnage avec un \u00e9cran AMOLED 1024&#215;768, un nouveau design d&rsquo;oculaire et un diam\u00e8tre de sortie pupillaire confortable de 10 mm. Ne pesant que 500g, ce design ultra-l\u00e9ger permet une utilisation prolong\u00e9e sans fatigue, vous gardant agile sur le terrain.<\/p>\n<p>Les options principales haute performance \u2014 384\u00d7288@12\u03bcm ou 640\u00d7512@12\u03bcm, NETD\u226418 mK \u2014 offrent une qualit\u00e9 d&rsquo;image exceptionnelle, garantissant que chaque d\u00e9tail soit captur\u00e9 avec une clart\u00e9 saisissante, quelles que soient les conditions de chasse. Gr\u00e2ce \u00e0 la technologie Reality+, Slim atteint une qualit\u00e9 d&rsquo;image qui surpasse d&rsquo;autres marques avec des capteurs de la m\u00eame classe.<\/p>\n<p>Ne manquez jamais un tir avec la fonction RAV, qui vous permet de revivre et de partager vos moments de chasse les plus excitants. Continuez \u00e0 chasser avec une batterie 18650 amovible et r\u00e9sistante aux basses temp\u00e9ratures offrant jusqu&rsquo;\u00e0 8 heures d&rsquo;autonomie, m\u00eame dans des conditions extr\u00eames. Avec un grossissement principal de 3.5x, le SLIM L35 est le choix id\u00e9al pour la chasse \u00e0 longue port\u00e9e, rendant la chasse au coyote plus pr\u00e9cise et efficace.<\/p>\n","protected":false},"excerpt":{"rendered":"<p>La s\u00e9rie SLIM de lunettes de vis\u00e9e : un MONOCULAIRE portatif 2-en-1 ou une lunette de 3,5x (L35) avec \u00e9cran OLED 1024&#215;768, batterie 18650, enregistrement des impacts, capteur thermique et flexibilit\u00e9 de changement rapide.<\/p>\n<p>Si l&rsquo;article n&rsquo;est pas disponible, veuillez nous contacter : shop@nbg.eu ou +359896147790<\/p>\n","protected":false},"featured_media":674010,"template":"","meta":{"_acf_changed":false},"product_brand":[14455],"product_cat":[16074],"product_tag":[],"class_list":{"0":"post-673974","1":"product","2":"type-product","3":"status-publish","4":"has-post-thumbnail","6":"product_brand-nocpix","7":"product_cat-thermal-cameras-fr","9":"first","10":"instock","11":"taxable","12":"shipping-taxable","13":"purchasable","14":"product-type-simple"},"acf":[],"_links":{"self":[{"href":"https:\/\/nbg.eu\/fr\/wp-json\/wp\/v2\/product\/673974","targetHints":{"allow":["GET"]}}],"collection":[{"href":"https:\/\/nbg.eu\/fr\/wp-json\/wp\/v2\/product"}],"about":[{"href":"https:\/\/nbg.eu\/fr\/wp-json\/wp\/v2\/types\/product"}],"wp:featuredmedia":[{"embeddable":true,"href":"https:\/\/nbg.eu\/fr\/wp-json\/wp\/v2\/media\/674010"}],"wp:attachment":[{"href":"https:\/\/nbg.eu\/fr\/wp-json\/wp\/v2\/media?parent=673974"}],"wp:term":[{"taxonomy":"product_brand","embeddable":true,"href":"https:\/\/nbg.eu\/fr\/wp-json\/wp\/v2\/product_brand?post=673974"},{"taxonomy":"product_cat","embeddable":true,"href":"https:\/\/nbg.eu\/fr\/wp-json\/wp\/v2\/product_cat?post=673974"},{"taxonomy":"product_tag","embeddable":true,"href":"https:\/\/nbg.eu\/fr\/wp-json\/wp\/v2\/product_tag?post=673974"}],"curies":[{"name":"wp","href":"https:\/\/api.w.org\/{rel}","templated":true}]}}