{"id":674754,"date":"2025-11-17T17:25:02","date_gmt":"2025-11-17T14:25:02","guid":{"rendered":"https:\/\/nbg.eu\/product\/thermal-sight-nocpix-slim-h35\/"},"modified":"2026-04-14T15:56:40","modified_gmt":"2026-04-14T12:56:40","slug":"thermal-sight-nocpix-slim-h35","status":"publish","type":"product","link":"https:\/\/nbg.eu\/fr\/produit\/thermal-sight-nocpix-slim-h35\/","title":{"rendered":"Nocpix Viseur Thermique Slim H35"},"content":{"rendered":"<h2>Lunette de vis\u00e9e thermique Nocpix Slim H35 &#8211; Imagerie thermique ultra-l\u00e9g\u00e8re avec une qualit\u00e9 d&rsquo;image \u00e9poustouflante<\/h2>\n<p>Voici la s\u00e9rie SLIM de lunettes de vis\u00e9e : un monoculaire portable 2-en-1 ou un scope 3,5x (L35). Choisissez entre deux noyaux haute performance, profitez d&rsquo;un \u00e9cran OLED 1024&#215;768 et b\u00e9n\u00e9ficiez d&rsquo;une batterie 18650 rempla\u00e7able pour 10 heures d&rsquo;autonomie. Capturez chaque moment avec l&rsquo;enregistrement d&rsquo;impact, en vous assurant qu&rsquo;aucune image n&rsquo;est manqu\u00e9e.<\/p>\n<p>Profitez d&rsquo;un visionnage sans fatigue avec un \u00e9cran AMOLED 1024&#215;768, un nouveau design de l&rsquo;oculaire et un diam\u00e8tre de pupille de sortie confortable de 10 mm.<\/p>\n<p>Ne pesant que 500 g, ce design ultra-l\u00e9ger rend l&rsquo;utilisation prolong\u00e9e sans effort, vous gardant agile sur le terrain.<\/p>\n<p>Les principales options haute performance &#8211; 384\u00d7288@12\u03bcm ou 640\u00d7512@12\u03bcm, NETD\u226418 mK offrent une qualit\u00e9 d&rsquo;image in\u00e9gal\u00e9e, garantissant que chaque d\u00e9tail soit captur\u00e9 avec une clart\u00e9 saisissante, quelles que soient les conditions de chasse. Avec la puissance suppl\u00e9mentaire de la technologie Reality+, Slim atteint une qualit\u00e9 d&rsquo;image qui d\u00e9passe celle d&rsquo;autres marques avec des capteurs de la m\u00eame classe.<\/p>\n<p>Ne ratez jamais un tir gr\u00e2ce \u00e0 la fonction RAV, qui vous permet de revivre et de partager vos moments de chasse les plus passionnants.<\/p>\n<p>Poursuivez la chasse avec une batterie 18650 amovible, r\u00e9sistante aux basses temp\u00e9ratures, offrant jusqu&rsquo;\u00e0 8 heures d&rsquo;autonomie en veille, m\u00eame dans des conditions extr\u00eames. Elle dispose \u00e9galement d&rsquo;un port de charge magn\u00e9tique pour une recharge facile, m\u00eame dans l&rsquo;obscurit\u00e9 totale.<\/p>\n","protected":false},"excerpt":{"rendered":"<p>Vision Thermique Nocpix Slim H35 : Monoculaire\/Lunette 3,5x 2-en-1 avec OLED 1024&#215;768, Batterie 18650, Enregistrement d&rsquo;Impact.<\/p>\n<p>Si l&rsquo;article n&rsquo;est pas disponible, veuillez nous contacter : shop@nbg.eu ou +359896147790.<\/p>\n","protected":false},"featured_media":675433,"template":"","meta":{"_acf_changed":false},"product_brand":[14455],"product_cat":[16074],"product_tag":[],"class_list":{"0":"post-674754","1":"product","2":"type-product","3":"status-publish","4":"has-post-thumbnail","6":"product_brand-nocpix","7":"product_cat-thermal-cameras-fr","9":"first","10":"instock","11":"taxable","12":"shipping-taxable","13":"purchasable","14":"product-type-simple"},"acf":[],"_links":{"self":[{"href":"https:\/\/nbg.eu\/fr\/wp-json\/wp\/v2\/product\/674754","targetHints":{"allow":["GET"]}}],"collection":[{"href":"https:\/\/nbg.eu\/fr\/wp-json\/wp\/v2\/product"}],"about":[{"href":"https:\/\/nbg.eu\/fr\/wp-json\/wp\/v2\/types\/product"}],"wp:featuredmedia":[{"embeddable":true,"href":"https:\/\/nbg.eu\/fr\/wp-json\/wp\/v2\/media\/675433"}],"wp:attachment":[{"href":"https:\/\/nbg.eu\/fr\/wp-json\/wp\/v2\/media?parent=674754"}],"wp:term":[{"taxonomy":"product_brand","embeddable":true,"href":"https:\/\/nbg.eu\/fr\/wp-json\/wp\/v2\/product_brand?post=674754"},{"taxonomy":"product_cat","embeddable":true,"href":"https:\/\/nbg.eu\/fr\/wp-json\/wp\/v2\/product_cat?post=674754"},{"taxonomy":"product_tag","embeddable":true,"href":"https:\/\/nbg.eu\/fr\/wp-json\/wp\/v2\/product_tag?post=674754"}],"curies":[{"name":"wp","href":"https:\/\/api.w.org\/{rel}","templated":true}]}}