{"id":676617,"date":"2025-11-17T17:25:14","date_gmt":"2025-11-17T14:25:14","guid":{"rendered":"https:\/\/nbg.eu\/product\/visee-thermique-nocpix-rico-2-s75r\/"},"modified":"2026-04-14T15:56:36","modified_gmt":"2026-04-14T12:56:36","slug":"visee-thermique-nocpix-rico-2-s75r","status":"publish","type":"product","link":"https:\/\/nbg.eu\/fr\/produit\/visee-thermique-nocpix-rico-2-s75r\/","title":{"rendered":"Nocpix Viseur Thermique Rico 2 S75R"},"content":{"rendered":"<h2>Nocpix Rico 2 S75R: La perfection du tir longue distance<\/h2>\n<p>La s\u00e9rie de jumelles thermiques Nocpix RICO 2 S75R est con\u00e7ue pour les chasseurs qui exigent le meilleur en mati\u00e8re de clart\u00e9, de port\u00e9e et de confort. \u00c9quip\u00e9 d&rsquo;un capteur thermique de pointe et d&rsquo;un taux de rafra\u00eechissement \u00e9lev\u00e9, il offre une qualit\u00e9 d&rsquo;image ultra-sup\u00e9rieure qui facilite l&rsquo;identification et le suivi des cibles. Sa longueur focale importante et son t\u00e9l\u00e9m\u00e8tre laser int\u00e9gr\u00e9 permettent de mesurer avec pr\u00e9cision les cibles \u00e9loign\u00e9es, tandis que la conception optique avanc\u00e9e offre une exp\u00e9rience de visionnage immersive sans distorsion. Dot\u00e9 d&rsquo;un levier de zoom sans palier et d&rsquo;un d\u00e9gagement oculaire exceptionnel, la s\u00e9rie Nocpix RICO 2 S75R permet aux chasseurs d&rsquo;ajuster facilement le grossissement et de se sentir \u00e0 l&rsquo;aise lors de chasses prolong\u00e9es. Gr\u00e2ce \u00e0 ses technologies innovantes et \u00e0 sa conception ax\u00e9e sur l&rsquo;utilisateur, la s\u00e9rie Nocpix RICO 2 S75R vous permet v\u00e9ritablement de chasser au-del\u00e0 des limites du possible.<\/p>\n<h2>Performances de pointe<\/h2>\n<p>B\u00e9n\u00e9ficiez du capteur haut de gamme de deuxi\u00e8me g\u00e9n\u00e9ration 12\u03bcm@60Hz, avec un NETD \u226415mK, pour des images ultra-nettes et \u00e0 fort contraste et une meilleure identification des cibles. Le Nocpix RICO 2 S75R est \u00e9quip\u00e9 d&rsquo;objectifs plus grands (75 mm\/F1.0, 50 mm\/F1.0, 42 mm\/F1.0), offrant une meilleure capacit\u00e9 de captation de la lumi\u00e8re pour une clart\u00e9 d&rsquo;image exceptionnelle et une port\u00e9e de d\u00e9tection \u00e9tendue. La s\u00e9rie RICO 2 vous permet d&rsquo;ajuster votre grossissement sans effort gr\u00e2ce \u00e0 un levier de zoom sans palier de style LPVO, permettant des ajustements rapides et sans tracas pour engager les cibles avec pr\u00e9cision, quelle que soit la distance. La s\u00e9rie RICO 2 offre une port\u00e9e de d\u00e9tection impressionnante allant jusqu&rsquo;\u00e0 3 896 m, vous donnant un avantage significatif pour la chasse \u00e0 longue distance et le ciblage pr\u00e9cis.<\/p>\n<h2>Ciblage flexible et pr\u00e9cis<\/h2>\n<p>Le Nocpix RICO 2 S75R est \u00e9quip\u00e9 d&rsquo;un t\u00e9l\u00e9m\u00e8tre laser int\u00e9gr\u00e9, offrant une d\u00e9tection laser jusqu&rsquo;\u00e0 1 200 m avec un alignement optique v\u00e9ritable, assurant des mesures de distance pr\u00e9cises tout en conservant un design \u00e9l\u00e9gant et \u00e9pur\u00e9. Optimisez votre placement de tir avec des calculs balistiques automatiques, en utilisant le t\u00e9l\u00e9m\u00e8tre laser int\u00e9gr\u00e9 pour placer vos tirs avec pr\u00e9cision \u00e0 longue distance.<\/p>\n<h2>Une vision extr\u00eamement claire et confortable<\/h2>\n<p>L&rsquo;\u00e9cran OLED de 1,03&Prime; 2560\u00d72560 (mod\u00e8le S75R), l&rsquo;oculaire sans distorsion, le d\u00e9gagement oculaire de 70 mm et la pupille de sortie de 23 mm offrent une vision nette et confortable pour des sessions prolong\u00e9es. Le mod\u00e8le S75R est \u00e9quip\u00e9 d&rsquo;une distance sans pr\u00e9c\u00e9dent de 70 mm, ce qui offre un confort maximal pour une utilisation prolong\u00e9e sans fatigue oculaire et garantit la s\u00e9curit\u00e9 des yeux.<\/p>\n","protected":false},"excerpt":{"rendered":"<p>Capteur de deuxi\u00e8me g\u00e9n\u00e9ration de pointe 1280&#215;1024, t\u00e9l\u00e9m\u00e8tre laser int\u00e9gr\u00e9 flexible et pr\u00e9cis, vision extr\u00eamement claire et confortable, s\u00e9curit\u00e9 et confort du d\u00e9gagement oculaire. Nocpix Rico 2 S75R &#8211; Expert en tir longue distance.<\/p>\n<p>Si l&rsquo;article n&rsquo;est pas disponible, veuillez nous contacter : shop@nbg.eu ou +359896147790<\/p>\n","protected":false},"featured_media":676845,"template":"","meta":{"_acf_changed":false},"product_brand":[14455],"product_cat":[16074],"product_tag":[],"class_list":{"0":"post-676617","1":"product","2":"type-product","3":"status-publish","4":"has-post-thumbnail","6":"product_brand-nocpix","7":"product_cat-thermal-cameras-fr","9":"first","10":"instock","11":"taxable","12":"shipping-taxable","13":"purchasable","14":"product-type-simple"},"acf":[],"_links":{"self":[{"href":"https:\/\/nbg.eu\/fr\/wp-json\/wp\/v2\/product\/676617","targetHints":{"allow":["GET"]}}],"collection":[{"href":"https:\/\/nbg.eu\/fr\/wp-json\/wp\/v2\/product"}],"about":[{"href":"https:\/\/nbg.eu\/fr\/wp-json\/wp\/v2\/types\/product"}],"wp:featuredmedia":[{"embeddable":true,"href":"https:\/\/nbg.eu\/fr\/wp-json\/wp\/v2\/media\/676845"}],"wp:attachment":[{"href":"https:\/\/nbg.eu\/fr\/wp-json\/wp\/v2\/media?parent=676617"}],"wp:term":[{"taxonomy":"product_brand","embeddable":true,"href":"https:\/\/nbg.eu\/fr\/wp-json\/wp\/v2\/product_brand?post=676617"},{"taxonomy":"product_cat","embeddable":true,"href":"https:\/\/nbg.eu\/fr\/wp-json\/wp\/v2\/product_cat?post=676617"},{"taxonomy":"product_tag","embeddable":true,"href":"https:\/\/nbg.eu\/fr\/wp-json\/wp\/v2\/product_tag?post=676617"}],"curies":[{"name":"wp","href":"https:\/\/api.w.org\/{rel}","templated":true}]}}