{"id":676862,"date":"2025-11-17T17:25:15","date_gmt":"2025-11-17T14:25:15","guid":{"rendered":"https:\/\/nbg.eu\/product\/vue-thermique-nocpix-rico-2-h75r\/"},"modified":"2026-04-14T15:56:33","modified_gmt":"2026-04-14T12:56:33","slug":"vue-thermique-nocpix-rico-2-h75r","status":"publish","type":"product","link":"https:\/\/nbg.eu\/fr\/produit\/vue-thermique-nocpix-rico-2-h75r\/","title":{"rendered":"Nocpix Viseur Thermique Rico 2 H75R"},"content":{"rendered":"<h2>Nocpix Rico 2 H75R : Perfection du tir longue distance<\/h2>\n<p>La s\u00e9rie des lunettes de vis\u00e9e thermiques Nocpix RICO 2 H75R est con\u00e7ue pour les chasseurs qui exigent le meilleur en mati\u00e8re de clart\u00e9, de port\u00e9e et de confort. Avec un capteur thermique de pointe et un taux de rafra\u00eechissement \u00e9lev\u00e9, elle offre une qualit\u00e9 d&rsquo;image ultra-sup\u00e9rieure qui facilite l&rsquo;identification et le suivi des cibles. Sa longue focale et son t\u00e9l\u00e9m\u00e8tre laser int\u00e9gr\u00e9 vous permettent de mesurer avec pr\u00e9cision les cibles \u00e9loign\u00e9es, tandis que la conception optique avanc\u00e9e vous offre une exp\u00e9rience de visionnage immersive sans distorsion. Avec un levier de zoom sans palier et un excellent d\u00e9gagement oculaire, la s\u00e9rie Nocpix RICO 2 H75R permet aux chasseurs d&rsquo;ajuster facilement le grossissement et de se sentir \u00e0 l&rsquo;aise pendant les longues chasses. Des technologies innovantes et une conception ax\u00e9e sur l&rsquo;utilisateur font de la s\u00e9rie Nocpix RICO 2 H75R le summum des performances de chasse longue distance.<\/p>\n<h2>Imagerie thermique de pointe<\/h2>\n<p>Tirez parti du capteur 640@12\u03bcm@60Hz de deuxi\u00e8me g\u00e9n\u00e9ration, avec un NETD \u226415mK, pour des images nettes et \u00e0 fort contraste, ainsi qu&rsquo;une meilleure identification des cibles.<\/p>\n<h2>Clart\u00e9 am\u00e9lior\u00e9e avec des objectifs plus grands<\/h2>\n<p>Le Nocpix RICO 2 H75R est \u00e9quip\u00e9 d&rsquo;objectifs plus grands (75 mm\/F1.0, 50 mm\/F1.0, 42 mm\/F1.0), offrant une meilleure collecte de lumi\u00e8re pour une clart\u00e9 d&rsquo;image exceptionnelle et une port\u00e9e de d\u00e9tection \u00e9tendue.<\/p>\n<h2>Ajustements du grossissement sans effort<\/h2>\n<p>La s\u00e9rie RICO 2 vous permet d&rsquo;ajuster finement votre grossissement avec un levier de zoom style LPVO sans palier, permettant des r\u00e9glages rapides et sans effort pour engager avec pr\u00e9cision les cibles \u00e0 toute distance.<\/p>\n<h2>N\u00e9 pour la chasse longue distance<\/h2>\n<p>La s\u00e9rie RICO 2 affiche une port\u00e9e de d\u00e9tection impressionnante allant jusqu&rsquo;\u00e0 3896 m, vous donnant un avantage significatif dans la chasse longue distance et le ciblage pr\u00e9cis.<\/p>\n<h2>T\u00e9l\u00e9m\u00e8tre laser int\u00e9gr\u00e9 flexible et pr\u00e9cis<\/h2>\n<p>Le Nocpix RICO 2 H75R est \u00e9quip\u00e9 d&rsquo;un t\u00e9l\u00e9m\u00e8tre laser int\u00e9gr\u00e9, offrant une d\u00e9tection laser jusqu&rsquo;\u00e0 1200m avec un alignement optique v\u00e9ritable, assurant des mesures de distance pr\u00e9cises tout en conservant un design \u00e9l\u00e9gant et \u00e9pur\u00e9.<\/p>\n<h2>Calculs balistiques simplifi\u00e9s<\/h2>\n<p>Optimisez votre placement de tir gr\u00e2ce aux calculs balistiques automatiques, en utilisant le t\u00e9l\u00e9m\u00e8tre laser int\u00e9gr\u00e9 pour placer avec facilit\u00e9 des impacts pr\u00e9cis \u00e0 longue distance.<\/p>\n<h2>Vision extr\u00eamement claire et confortable<\/h2>\n<p>\u00c9cran OLED 1.03&Prime; 2560\u00d72560 (mod\u00e8le S75R), oculaire sans distorsion, 70mm de d\u00e9gagement oculaire et 23mm de pupille de sortie pour une vision nette et confortable lors de longues sessions.<\/p>\n<h2>S\u00e9curit\u00e9 et confort<\/h2>\n<p>Le mod\u00e8le H75R est \u00e9quip\u00e9 d&rsquo;un d\u00e9gagement oculaire sans pr\u00e9c\u00e9dent de 70mm, offrant un confort maximal pour une utilisation prolong\u00e9e sans fatigue oculaire et garantissant la s\u00e9curit\u00e9 des yeux.<\/p>\n","protected":false},"excerpt":{"rendered":"<p>Nocpix Rico 2 H75R &#8211; Expert de tir \u00e0 longue port\u00e9e avec capteur 640&#215;512, 60Hz, t\u00e9l\u00e9m\u00e8tre laser int\u00e9gr\u00e9 et zoom continu.<\/p>\n<p>Si l&rsquo;article n&rsquo;est pas disponible, veuillez nous contacter : shop@nbg.eu ou +359896147790<\/p>\n","protected":false},"featured_media":676952,"template":"","meta":{"_acf_changed":false},"product_brand":[14455],"product_cat":[16074],"product_tag":[],"class_list":{"0":"post-676862","1":"product","2":"type-product","3":"status-publish","4":"has-post-thumbnail","6":"product_brand-nocpix","7":"product_cat-thermal-cameras-fr","9":"first","10":"instock","11":"taxable","12":"shipping-taxable","13":"purchasable","14":"product-type-simple"},"acf":[],"_links":{"self":[{"href":"https:\/\/nbg.eu\/fr\/wp-json\/wp\/v2\/product\/676862","targetHints":{"allow":["GET"]}}],"collection":[{"href":"https:\/\/nbg.eu\/fr\/wp-json\/wp\/v2\/product"}],"about":[{"href":"https:\/\/nbg.eu\/fr\/wp-json\/wp\/v2\/types\/product"}],"wp:featuredmedia":[{"embeddable":true,"href":"https:\/\/nbg.eu\/fr\/wp-json\/wp\/v2\/media\/676952"}],"wp:attachment":[{"href":"https:\/\/nbg.eu\/fr\/wp-json\/wp\/v2\/media?parent=676862"}],"wp:term":[{"taxonomy":"product_brand","embeddable":true,"href":"https:\/\/nbg.eu\/fr\/wp-json\/wp\/v2\/product_brand?post=676862"},{"taxonomy":"product_cat","embeddable":true,"href":"https:\/\/nbg.eu\/fr\/wp-json\/wp\/v2\/product_cat?post=676862"},{"taxonomy":"product_tag","embeddable":true,"href":"https:\/\/nbg.eu\/fr\/wp-json\/wp\/v2\/product_tag?post=676862"}],"curies":[{"name":"wp","href":"https:\/\/api.w.org\/{rel}","templated":true}]}}