{"id":676971,"date":"2025-11-17T17:25:28","date_gmt":"2025-11-17T14:25:28","guid":{"rendered":"https:\/\/nbg.eu\/product\/visee-thermique-nocpix-ace-s60r-rail-zeiss\/"},"modified":"2026-04-14T17:21:04","modified_gmt":"2026-04-14T14:21:04","slug":"visee-thermique-nocpix-ace-s60r-rail-zeiss","status":"publish","type":"product","link":"https:\/\/nbg.eu\/fr\/produit\/visee-thermique-nocpix-ace-s60r-rail-zeiss\/","title":{"rendered":"Nocpix Viseur Thermique ACE S60R ZEISS RAIL"},"content":{"rendered":"<h2>NocPix ACE S60R Lunette Thermique<\/h2>\n<p>La lunette thermique NocPix ACE S60R est un outil tout \u00e0 fait nouveau et de pointe con\u00e7u pour les chasseurs d&rsquo;\u00e9lite qui exigent des performances maximales dans les environnements les plus difficiles. Gr\u00e2ce \u00e0 sa technologie de pointe et \u00e0 sa construction robuste, cette lunette thermique de premier plan est con\u00e7ue pour vous aider \u00e0 dominer la nuit et \u00e0 dompter la faune. Que vous scrutiez votre proie \u00e0 longue distance ou que vous traquez des cibles rapides, l&rsquo;ACE S60R offre une clart\u00e9, une pr\u00e9cision et une fiabilit\u00e9 in\u00e9gal\u00e9es.<\/p>\n<p>Au c\u0153ur de cette lunette extraordinaire se trouve un capteur thermique HD de 2e g\u00e9n\u00e9ration avec une r\u00e9solution impressionnante de 1280&#215;1024 et une sensibilit\u00e9 ultrafinement NETD de \u226415mK. Ce capteur de nouvelle g\u00e9n\u00e9ration permet \u00e0 l&rsquo;ACE S60R de d\u00e9tecter les moindres variations de temp\u00e9rature, offrant des images thermiques claires et d\u00e9taill\u00e9es en temps r\u00e9el. Avec un taux de rafra\u00eechissement de 50 Hz, la lunette offre des images fluides qui suivent la vitesse de votre cible, vous permettant de vous verrouiller avec une pr\u00e9cision in\u00e9gal\u00e9e.<\/p>\n<p>L&rsquo;ACE S60R NocPix est \u00e9galement \u00e9quip\u00e9 d&rsquo;un objectif de 60 mm\/F1,0 qui collecte 20 % de lumi\u00e8re en plus que les lunettes standard, vous offrant des images plus lumineuses et plus claires, m\u00eame dans les conditions les plus sombres. Sa d\u00e9tection \u00e0 longue port\u00e9e sup\u00e9rieure allant jusqu&rsquo;\u00e0 3 100 m\u00e8tres vous permet d&rsquo;identifier et de suivre facilement des cibles \u00e9loign\u00e9es, ce qui constitue un avantage essentiel pour la chasse et le tir \u00e0 longue distance. Combin\u00e9 \u00e0 l&rsquo;algorithme de traitement d&rsquo;image propri\u00e9taire Reality+ de NocPix, l&rsquo;ACE S60R r\u00e9duit de mani\u00e8re spectaculaire le bruit ambiant, offrant des images nettes et contrast\u00e9es \u00e0 chaque fois.<\/p>\n<p>Pour ceux qui recherchent encore plus de clart\u00e9 visuelle, l&rsquo;ACE S60R est \u00e9quip\u00e9 du syst\u00e8me innovant Vision+. L&rsquo;\u00e9cran AMOLED rond de 1,03 pouces avec une r\u00e9solution de 2560&#215;2560, combin\u00e9 \u00e0 un grossissement oculaire de premier plan, offre un grossissement optique in\u00e9gal\u00e9 sans flou ni distorsion typiquement associ\u00e9s au zoom \u00e9lectronique. Cette technologie r\u00e9volutionnaire vous assure une vue cristalline et un large champ de vision, que vous vous rapprochiez de votre cible ou que vous examiniez les alentours.<\/p>\n<p>La pr\u00e9cision est essentielle pour la chasse, et l&rsquo;ACE S60R ne d\u00e9\u00e7oit pas. Son t\u00e9l\u00e9m\u00e8tre laser int\u00e9gr\u00e9 (LRF) offre des mesures pr\u00e9cises jusqu&rsquo;\u00e0 1 200 m\u00e8tres. Le LRF est parfaitement int\u00e9gr\u00e9 dans le design \u00e9pur\u00e9, en maintenant un alignement exact de l&rsquo;axe optique tout en vous permettant de calculer des port\u00e9es pr\u00e9cises sans perturber la mise au point. Et avec ses fonctionnalit\u00e9s int\u00e9gr\u00e9es de calcul balistique, l&rsquo;ACE S60R s&rsquo;assure que vos tirs sont pr\u00e9cis, en tenant compte de tous les facteurs pour une pr\u00e9cision parfaite.<\/p>\n<p>Con\u00e7u avec les chasseurs \u00e0 l&rsquo;esprit, l&rsquo;ACE S60R NocPix se vante \u00e9galement d&rsquo;un syst\u00e8me de batterie double avec une batterie int\u00e9gr\u00e9e de 4000 mAh et une batterie amovible 18650 pour une utilisation prolong\u00e9e sur le terrain. Plus besoin de vous soucier de manquer de puissance au milieu de votre chasse &#8211; ce syst\u00e8me est con\u00e7u pour durer aussi longtemps que votre aventure. De plus, des fonctionnalit\u00e9s comme l&rsquo;extinction automatique de l&rsquo;\u00e9cran, l&rsquo;enregistrement vid\u00e9o activ\u00e9 par les chocs et un design sans capot font de cette lunette thermique un v\u00e9ritable jeu-changer sur le terrain.<\/p>\n<p>Con\u00e7u pour r\u00e9sister aux conditions ext\u00e9rieures les plus extr\u00eames, l&rsquo;ACE S60R est fabriqu\u00e9 en alliage d&rsquo;aluminium haute r\u00e9sistance, rigoureusement test\u00e9 pour r\u00e9sister aux chocs extr\u00eames et \u00e0 une utilisation intensive. Class\u00e9 IP67 pour la r\u00e9sistance \u00e0 l&rsquo;eau, il fonctionne parfaitement sous la pluie, la poussi\u00e8re et dans des environnements difficiles, garantissant que votre lunette est aussi durable que vos instincts de chasseur.<\/p>\n<p>L&rsquo;ACE S60R NocPix est plus qu&rsquo;une simple lunette thermique &#8211; c&rsquo;est le compagnon de chasse ultime. Avec sa technologie de pointe, sa durabilit\u00e9 exceptionnelle et une s\u00e9rie de fonctionnalit\u00e9s avanc\u00e9es con\u00e7ues pour am\u00e9liorer votre exp\u00e9rience de chasse, cette lunette red\u00e9finira ce que vous attendez de votre \u00e9quipement. Pr\u00e9parez-vous \u00e0 dominer la nuit.<\/p>\n","protected":false},"excerpt":{"rendered":"<p>La Lunette Thermique Nocpix ACE S60R est un outil de pointe con\u00e7u pour les chasseurs d&rsquo;\u00e9lite, dot\u00e9 d&rsquo;une technologie de pointe, d&rsquo;une construction robuste et de fonctionnalit\u00e9s telles qu&rsquo;un capteur thermique HD Gen-2, un syst\u00e8me Vision+, un t\u00e9l\u00e9m\u00e8tre laser int\u00e9gr\u00e9 et un syst\u00e8me de double batterie pour des performances optimales dans des environnements difficiles.<\/p>\n<p>Si l&rsquo;article n&rsquo;est pas disponible, veuillez nous contacter : shop@nbg.eu ou +359896147790<\/p>\n","protected":false},"featured_media":676990,"template":"","meta":{"_acf_changed":false},"product_brand":[14455],"product_cat":[12164],"product_tag":[],"class_list":{"0":"post-676971","1":"product","2":"type-product","3":"status-publish","4":"has-post-thumbnail","6":"product_brand-nocpix","7":"product_cat-thermique","9":"first","10":"instock","11":"taxable","12":"shipping-taxable","13":"purchasable","14":"product-type-simple"},"acf":[],"_links":{"self":[{"href":"https:\/\/nbg.eu\/fr\/wp-json\/wp\/v2\/product\/676971","targetHints":{"allow":["GET"]}}],"collection":[{"href":"https:\/\/nbg.eu\/fr\/wp-json\/wp\/v2\/product"}],"about":[{"href":"https:\/\/nbg.eu\/fr\/wp-json\/wp\/v2\/types\/product"}],"wp:featuredmedia":[{"embeddable":true,"href":"https:\/\/nbg.eu\/fr\/wp-json\/wp\/v2\/media\/676990"}],"wp:attachment":[{"href":"https:\/\/nbg.eu\/fr\/wp-json\/wp\/v2\/media?parent=676971"}],"wp:term":[{"taxonomy":"product_brand","embeddable":true,"href":"https:\/\/nbg.eu\/fr\/wp-json\/wp\/v2\/product_brand?post=676971"},{"taxonomy":"product_cat","embeddable":true,"href":"https:\/\/nbg.eu\/fr\/wp-json\/wp\/v2\/product_cat?post=676971"},{"taxonomy":"product_tag","embeddable":true,"href":"https:\/\/nbg.eu\/fr\/wp-json\/wp\/v2\/product_tag?post=676971"}],"curies":[{"name":"wp","href":"https:\/\/api.w.org\/{rel}","templated":true}]}}