{"id":677686,"date":"2025-11-17T17:25:33","date_gmt":"2025-11-17T14:25:33","guid":{"rendered":"https:\/\/nbg.eu\/product\/visee-thermique-nocpix-ace-h50r-12um-640x512-15mk-netd\/"},"modified":"2026-04-14T15:56:25","modified_gmt":"2026-04-14T12:56:25","slug":"visee-thermique-nocpix-ace-h50r-12um-640x512-15mk-netd","status":"publish","type":"product","link":"https:\/\/nbg.eu\/fr\/produit\/visee-thermique-nocpix-ace-h50r-12um-640x512-15mk-netd\/","title":{"rendered":"Nocpix Viseur Thermique ACE H50R"},"content":{"rendered":"<h2>Lunette de vis\u00e9e thermique NocPix ACE H50R<\/h2>\n<p>La lunette de vis\u00e9e thermique NocPix ACE H50R combine une technologie de pointe avec une durabilit\u00e9 robuste pour une exp\u00e9rience de chasse exceptionnelle. Elle est \u00e9quip\u00e9e d&rsquo;un capteur thermique de r\u00e9solution 640&#215;512 avec un NETD \u226412mK pour une clart\u00e9 d&rsquo;image exceptionnelle, une port\u00e9e de d\u00e9tection de 3100 m\u00e8tres et un t\u00e9l\u00e9m\u00e8tre laser int\u00e9gr\u00e9 pour des mesures pr\u00e9cises jusqu&rsquo;\u00e0 1200 m\u00e8tres. Le syst\u00e8me innovant Vision+ offre un grossissement oculaire pour des gros plans nets, tandis qu&rsquo;un syst\u00e8me de double batterie assure une utilisation durable. Fabriqu\u00e9e en alliage d&rsquo;aluminium haute r\u00e9sistance et class\u00e9e IP67, cette lunette de vis\u00e9e est con\u00e7ue pour exceller dans n&rsquo;importe quel environnement ext\u00e9rieur et s&rsquo;adapter \u00e0 toute situation.<\/p>\n<p>La lunette de vis\u00e9e thermique Nocpix ACE H50 est un outil de pointe con\u00e7u pour red\u00e9finir l&rsquo;exp\u00e9rience de chasse, que ce soit dans l&rsquo;obscurit\u00e9 de la nuit ou dans un terrain difficile. Faisant partie de la s\u00e9rie phare ACE de Nocpix, cette lunette de vis\u00e9e thermique se distingue par sa qualit\u00e9 d&rsquo;image et sa pr\u00e9cision sup\u00e9rieures, gr\u00e2ce \u00e0 son capteur thermique haute r\u00e9solution d\u00e9velopp\u00e9 en interne et \u00e0 ses syst\u00e8mes avanc\u00e9s Reality+ et Vision+.<\/p>\n<p>Au c\u0153ur de la NocPix ACE H50R se trouve son capteur thermique HD de 2e g\u00e9n\u00e9ration, qui affiche une r\u00e9solution de 640&#215;512 et un taux de rafra\u00eechissement de 60 Hz, offrant des performances incroyablement stables. Avec un NETD \u226412mK, cette lunette d\u00e9tecte m\u00eame les plus petites diff\u00e9rences de temp\u00e9rature, fournissant des images thermiques d\u00e9taill\u00e9es et fluides, id\u00e9ales pour le suivi des cibles en mouvement rapide en temps r\u00e9el. L&rsquo;algorithme d&rsquo;imagerie avanc\u00e9 Reality+ am\u00e9liore encore cela en \u00e9liminant le bruit de temp\u00e9rature ambiante, offrant un contraste et une clart\u00e9 sup\u00e9rieurs, m\u00eame dans des conditions de chasse difficiles.<\/p>\n<p>L&rsquo;ACE H50R est \u00e9quip\u00e9 d&rsquo;un objectif de 50 mm\/F0,9 qui permet \u00e0 20% plus de lumi\u00e8re d&rsquo;atteindre le capteur, cr\u00e9ant des images plus lumineuses et plus nettes. Cela est crucial pour les chasseurs qui recherchent la pr\u00e9cision, car la meilleure transmission de la lumi\u00e8re am\u00e9liore la visibilit\u00e9 dans les environnements faiblement \u00e9clair\u00e9s. De plus, la port\u00e9e de d\u00e9tection de 3100 m\u00e8tres distingue l&rsquo;ACE, rendant l&rsquo;identification et le suivi des cibles \u00e9loign\u00e9es plus faciles et plus efficaces que jamais.<\/p>\n<p>Le syst\u00e8me Vision+ int\u00e9gr\u00e9 am\u00e9liore l&rsquo;exp\u00e9rience visuelle avec un affichage AMOLED circulaire de 1,03 pouces d&rsquo;une r\u00e9solution de 2560&#215;2560. Son syst\u00e8me de zoom optique, con\u00e7u pour \u00e9viter le flou et la distorsion g\u00e9n\u00e9ralement associ\u00e9s aux zooms \u00e9lectroniques traditionnels, garantit aux chasseurs des vues de pr\u00e8s claires et haute r\u00e9solution sans perte de d\u00e9tail. Cela offre une exp\u00e9rience de visionnage immersive et confortable, que ce soit pour rep\u00e9rer une proie \u00e0 distance ou pour viser avec pr\u00e9cision.<\/p>\n<p>Con\u00e7u pour une utilisation prolong\u00e9e sur le terrain, l&rsquo;ACE est dot\u00e9 d&rsquo;un syst\u00e8me de double batterie avec une batterie int\u00e9gr\u00e9e de 4000 mAh et une batterie amovible suppl\u00e9mentaire 18650, permettant un fonctionnement ininterrompu pendant les longues sessions de chasse. La conception robuste, en alliage d&rsquo;aluminium haute r\u00e9sistance, garantit que l&rsquo;ACE puisse r\u00e9sister aux environnements ext\u00e9rieurs et \u00e0 une utilisation intensive, ayant pass\u00e9 des tests de r\u00e9sistance aux chocs rigoureux. Avec un indice de protection IP67, la lunette reste fiable dans des conditions m\u00e9t\u00e9orologiques d\u00e9favorables, offrant aux chasseurs la tranquillit\u00e9 d&rsquo;esprit quelles que soient les conditions.<\/p>\n<p>Con\u00e7ue avec les chasseurs \u00e0 l&rsquo;esprit, la Nocpix ACE H50R comprend des fonctionalit\u00e9s essentielles comme l&rsquo;enregistrement vid\u00e9o activ\u00e9 par le recul et une conception sans obturateur pour une utilisation sans tracas sur le terrain. Avec des ajouts pratiques tels qu&rsquo;un adaptateur de mise au point, un couvercle de chargement et la possibilit\u00e9 de lire directement les vid\u00e9os via la fonctionnalit\u00e9 Gallery, cette lunette combine hautes performances et commodit\u00e9 pour une exp\u00e9rience de chasse optimale.<\/p>\n","protected":false},"excerpt":{"rendered":"<p>La lunette de vis\u00e9e thermique Nocpix ACE H50R pr\u00e9sente un capteur thermique 640&#215;512 avec une sensibilit\u00e9 \u226412mK NETD, une port\u00e9e de d\u00e9tection de 3100m, un t\u00e9l\u00e9m\u00e8tre laser int\u00e9gr\u00e9 et un syst\u00e8me Vision+ pour une exp\u00e9rience de chasse exceptionnelle.<\/p>\n<p>Si l&rsquo;article n&rsquo;est pas disponible, veuillez nous contacter : shop@nbg.eu ou +359896147790<\/p>\n","protected":false},"featured_media":678090,"template":"","meta":{"_acf_changed":false},"product_brand":[14455],"product_cat":[12164],"product_tag":[],"class_list":{"0":"post-677686","1":"product","2":"type-product","3":"status-publish","4":"has-post-thumbnail","6":"product_brand-nocpix","7":"product_cat-thermique","9":"first","10":"outofstock","11":"taxable","12":"shipping-taxable","13":"purchasable","14":"product-type-simple"},"acf":[],"_links":{"self":[{"href":"https:\/\/nbg.eu\/fr\/wp-json\/wp\/v2\/product\/677686","targetHints":{"allow":["GET"]}}],"collection":[{"href":"https:\/\/nbg.eu\/fr\/wp-json\/wp\/v2\/product"}],"about":[{"href":"https:\/\/nbg.eu\/fr\/wp-json\/wp\/v2\/types\/product"}],"wp:featuredmedia":[{"embeddable":true,"href":"https:\/\/nbg.eu\/fr\/wp-json\/wp\/v2\/media\/678090"}],"wp:attachment":[{"href":"https:\/\/nbg.eu\/fr\/wp-json\/wp\/v2\/media?parent=677686"}],"wp:term":[{"taxonomy":"product_brand","embeddable":true,"href":"https:\/\/nbg.eu\/fr\/wp-json\/wp\/v2\/product_brand?post=677686"},{"taxonomy":"product_cat","embeddable":true,"href":"https:\/\/nbg.eu\/fr\/wp-json\/wp\/v2\/product_cat?post=677686"},{"taxonomy":"product_tag","embeddable":true,"href":"https:\/\/nbg.eu\/fr\/wp-json\/wp\/v2\/product_tag?post=677686"}],"curies":[{"name":"wp","href":"https:\/\/api.w.org\/{rel}","templated":true}]}}