{"id":678113,"date":"2025-11-17T17:25:36","date_gmt":"2025-11-17T14:25:36","guid":{"rendered":"https:\/\/nbg.eu\/product\/monoculaire-thermique-nocpix-lumi-l35\/"},"modified":"2026-01-21T11:39:11","modified_gmt":"2026-01-21T08:39:11","slug":"monoculaire-thermique-nocpix-lumi-l35","status":"publish","type":"product","link":"https:\/\/nbg.eu\/fr\/produit\/monoculaire-thermique-nocpix-lumi-l35\/","title":{"rendered":"Monoculaire thermique Nocpix LUMI L35"},"content":{"rendered":"<h2>Performance maximale avec un poids minimal &#8211; Nocpix LUMI L35 : votre compagnon indispensable sur le terrain<\/h2>\n<p>La s\u00e9rie de monoculaires thermiques LUMI est con\u00e7ue pour une utilisation de jour comme de nuit et vous offre une qualit\u00e9 d&rsquo;image exceptionnelle, m\u00eame dans des conditions m\u00e9t\u00e9orologiques difficiles comme le brouillard, le smog ou la pluie. M\u00eame si des obstacles tels que des branches, de l&rsquo;herbe haute ou un feuillage dense rendent la vision difficile, cette technologie vous permet toujours de voir clairement ce qui se trouve devant vous. Ils sont \u00e9galement si compacts et l\u00e9gers que vous pouvez les emmener partout avec vous.<\/p>\n<p>Les cam\u00e9ras thermiques LUMI sont parfaites pour une vari\u00e9t\u00e9 d&rsquo;applications telles que la chasse, la surveillance, la s\u00e9curit\u00e9, l&rsquo;orientation du terrain ou les op\u00e9rations de recherche et de sauvetage.<\/p>\n<h2>Des performances d&rsquo;imagerie in\u00e9gal\u00e9es pour des images d&rsquo;une nettet\u00e9 exceptionnelle<\/h2>\n<p>La s\u00e9rie LUMI fixe de nouvelles normes en termes de qualit\u00e9 d&rsquo;image. \u00c9quip\u00e9e des algorithmes d&rsquo;imagerie les plus avanc\u00e9s et d&rsquo;un puissant capteur thermique avec NETD &lt; 18 mK, la cam\u00e9ra d\u00e9livre des images d&#039;une nettet\u00e9 et d&#039;un r\u00e9alisme exceptionnels. L&#039;\u00e9cran AMOLED avec une r\u00e9solution de 1024 x 768 pixels assure un affichage d&#039;image exceptionnel, tandis que le mode Ultra Clear optimise encore davantage la clart\u00e9 de l&#039;image, notamment dans des conditions m\u00e9t\u00e9orologiques difficiles.<\/p>\n<h2>Une exp\u00e9rience de visionnage personnalis\u00e9e &#8211; Personnalisez votre appareil \u00e0 la perfection<\/h2>\n<p>Gr\u00e2ce au capteur de taille moyenne de 384 x 288 px et \u00e0 une vari\u00e9t\u00e9 d&rsquo;options de r\u00e9glage, vous pouvez adapter l&rsquo;appareil exactement \u00e0 vos besoins. Choisissez parmi 5 modes de couleur et optimisez votre vue avec 10 niveaux de luminosit\u00e9, de nettet\u00e9 et de contraste &#8211; afin qu&rsquo;aucun d\u00e9tail ne vous \u00e9chappe.<\/p>\n<h2>Partage d&rsquo;exp\u00e9rience facile<\/h2>\n<p>Capturer les moments sp\u00e9ciaux est essentiel pour le chasseur moderne. Avec le Nocpix LUMI L35, vous pouvez non seulement partager vos enregistrements de mani\u00e8re pratique via l&rsquo;application, mais aussi les lire directement sur l&rsquo;appareil &#8211; id\u00e9al pour partager instantan\u00e9ment vos exp\u00e9riences avec les autres.<\/p>\n<h2>Peut \u00eatre utilis\u00e9 de mani\u00e8re flexible gr\u00e2ce au syst\u00e8me de batterie amovible<\/h2>\n<p>La s\u00e9rie LUMI est \u00e9quip\u00e9e de batteries standard 18650, ce qui vous offre une flexibilit\u00e9 maximale. O\u00f9 que vous alliez, avec le chargeur de batterie inclus, vous serez pr\u00eat en un rien de temps &#8211; et vous pourrez poursuivre votre mission.<\/p>\n","protected":false},"excerpt":{"rendered":"<p>Performances maximales avec un poids minimum &#8211; Nocpix LUMI L35 : Votre compagnon indispensable sur le terrain. Capteur 384 avec 18 mK, \u00e9cran AMOLED 1024 \u00d7 768 pixels, batterie 18650 amovible, port\u00e9e de d\u00e9tection d&rsquo;environ 1800 m\u00e8tres, grossissement de base important pour la chasse sur le terrain, conception compacte.<br \/>\nSi l&rsquo;article n&rsquo;est pas disponible, veuillez nous contacter : shop@nbg.eu ou +359896147790<\/p>\n","protected":false},"featured_media":678296,"template":"","meta":{"_acf_changed":false},"product_brand":[14455],"product_cat":[12164,369],"product_tag":[],"class_list":{"0":"post-678113","1":"product","2":"type-product","3":"status-publish","4":"has-post-thumbnail","6":"product_brand-nocpix","7":"product_cat-thermique","8":"product_cat-uncategorized","10":"first","11":"instock","12":"taxable","13":"shipping-taxable","14":"purchasable","15":"product-type-simple"},"acf":[],"_links":{"self":[{"href":"https:\/\/nbg.eu\/fr\/wp-json\/wp\/v2\/product\/678113","targetHints":{"allow":["GET"]}}],"collection":[{"href":"https:\/\/nbg.eu\/fr\/wp-json\/wp\/v2\/product"}],"about":[{"href":"https:\/\/nbg.eu\/fr\/wp-json\/wp\/v2\/types\/product"}],"wp:featuredmedia":[{"embeddable":true,"href":"https:\/\/nbg.eu\/fr\/wp-json\/wp\/v2\/media\/678296"}],"wp:attachment":[{"href":"https:\/\/nbg.eu\/fr\/wp-json\/wp\/v2\/media?parent=678113"}],"wp:term":[{"taxonomy":"product_brand","embeddable":true,"href":"https:\/\/nbg.eu\/fr\/wp-json\/wp\/v2\/product_brand?post=678113"},{"taxonomy":"product_cat","embeddable":true,"href":"https:\/\/nbg.eu\/fr\/wp-json\/wp\/v2\/product_cat?post=678113"},{"taxonomy":"product_tag","embeddable":true,"href":"https:\/\/nbg.eu\/fr\/wp-json\/wp\/v2\/product_tag?post=678113"}],"curies":[{"name":"wp","href":"https:\/\/api.w.org\/{rel}","templated":true}]}}