{"id":678362,"date":"2025-11-18T18:19:28","date_gmt":"2025-11-18T15:19:28","guid":{"rendered":"https:\/\/nbg.eu\/product\/nocpix-quest-l35r-384x288-netd-15mk\/"},"modified":"2026-04-14T15:56:19","modified_gmt":"2026-04-14T12:56:19","slug":"nocpix-quest-l35r-384x288-netd-15mk","status":"publish","type":"product","link":"https:\/\/nbg.eu\/fr\/produit\/nocpix-quest-l35r-384x288-netd-15mk\/","title":{"rendered":"Nocpix Jumelles Thermiques Quest L35R"},"content":{"rendered":"<h2>Nocpix Quest L35R 384&#215;288 NETD \u226415mK : Lib\u00e9rez votre vision thermique<\/h2>\n<p>QUEST est l\u00e9ger et portable, offrant une port\u00e9e de d\u00e9tection allant jusqu&rsquo;\u00e0 2600 m et un t\u00e9l\u00e9m\u00e8tre laser int\u00e9gr\u00e9 avec une port\u00e9e de 1000 m pour une pr\u00e9cision et une visibilit\u00e9 sup\u00e9rieures. Sa conception traditionnelle de jumelles pr\u00e9sente un rev\u00eatement en caoutchouc complet et une classification IP67 pour la durabilit\u00e9 et le confort dans des conditions difficiles. \u00c9quip\u00e9 d&rsquo;un capteur haute performance de 640&#215;512 (NETD \u226415mK, 60 Hz), QUEST offre une excellente clart\u00e9 d&rsquo;image, une sensibilit\u00e9 thermique sup\u00e9rieure et un fonctionnement sans probl\u00e8me dans des environnements difficiles.<\/p>\n<h2>Qualit\u00e9 et clart\u00e9 d&rsquo;image exceptionnelles<\/h2>\n<p>Nocpix QUEST propose une am\u00e9lioration d&rsquo;image R+ pour une clart\u00e9 et une pr\u00e9cision sup\u00e9rieures, combin\u00e9e \u00e0 un \u00e9cran AMOLED 1920&#215;1200 pour une exp\u00e9rience de visionnage immersive et agr\u00e9able pour les yeux.<\/p>\n<h2>Capteur sup\u00e9rieur pour l&rsquo;excellence<\/h2>\n<p>Nocpix QUEST est \u00e9quip\u00e9 d&rsquo;un capteur haute performance (640&#215;512@12\u00b5m) qui offre une clart\u00e9 d&rsquo;image exceptionnelle. Avec un NETD \u226415mK et un taux de rafra\u00eechissement de 60 Hz, il offre une sensibilit\u00e9 thermique sup\u00e9rieure, fournissant des images claires et visuelles m\u00eame dans les environnements les plus difficiles.<\/p>\n<h2>Puissantes capacit\u00e9s de d\u00e9tection<\/h2>\n<p>Nocpix QUEST dispose d&rsquo;une port\u00e9e de d\u00e9tection allant jusqu&rsquo;\u00e0 2600 m et d&rsquo;un t\u00e9l\u00e9m\u00e8tre laser int\u00e9gr\u00e9 avec une port\u00e9e allant jusqu&rsquo;\u00e0 1000 m, vous permettant de voir plus loin et avec plus de pr\u00e9cision que jamais. Il prend \u00e9galement en charge les calculs balistiques, fournissant un soutien de donn\u00e9es pour la chasse coop\u00e9rative.<\/p>\n<h2>Ergonomie pour une utilisation \u00e0 une main<\/h2>\n<p>Nocpix QUEST offre une pr\u00e9hension ergonomique et antid\u00e9rapante avec une disposition simplifi\u00e9e de 4 boutons et des molettes centrales pour une utilisation facile \u00e0 une main et une prise en main s\u00e9curis\u00e9e dans toutes les conditions.<\/p>\n<h2>L\u00e9ger et portable<\/h2>\n<p>QUEST ne p\u00e8se que 700 g et comprend un sac de transport personnalis\u00e9, offrant une portabilit\u00e9 et un confort faciles pour les activit\u00e9s de plein air comme la chasse et l&rsquo;exploration.<\/p>\n<h2>Performance \u00e9nerg\u00e9tique fiable<\/h2>\n<p>La s\u00e9rie QUEST pr\u00e9sente une conception \u00e0 double batterie avec une batterie 18650 int\u00e9gr\u00e9e et rempla\u00e7able, assurant un remplacement sans tracas et une utilisation continue pendant votre aventure.<\/p>\n<h2>Conception durable et confortable<\/h2>\n<p>QUEST pr\u00e9sente une conception traditionnelle de jumelles avec un rev\u00eatement en caoutchouc sophistiqu\u00e9 et une classification IP67 pour la r\u00e9sistance \u00e0 l&rsquo;eau et \u00e0 la poussi\u00e8re, assurant \u00e0 la fois la durabilit\u00e9 et le confort g\u00e9n\u00e9ral.<\/p>\n","protected":false},"excerpt":{"rendered":"<p>Nocpix QUEST L35R 384&#215;288 NETD &lt;15mK : Imageur thermique l\u00e9ger et portable avec une port\u00e9e de d\u00e9tection de 2600 m, un t\u00e9l\u00e9m\u00e8tre laser int\u00e9gr\u00e9 de 1000 m et une clart\u00e9 d&#039;image exceptionnelle.<\/p>\n<p>Si l&rsquo;article n&rsquo;est pas disponible, veuillez nous contacter : shop@nbg.eu ou +359896147790<\/p>\n","protected":false},"featured_media":678845,"template":"","meta":{"_acf_changed":false},"product_brand":[14455],"product_cat":[14682,16074,12164],"product_tag":[],"class_list":{"0":"post-678362","1":"product","2":"type-product","3":"status-publish","4":"has-post-thumbnail","6":"product_brand-nocpix","7":"product_cat-jumelles","8":"product_cat-thermal-cameras-fr","9":"product_cat-thermique","11":"first","12":"instock","13":"taxable","14":"shipping-taxable","15":"purchasable","16":"product-type-simple"},"acf":[],"_links":{"self":[{"href":"https:\/\/nbg.eu\/fr\/wp-json\/wp\/v2\/product\/678362","targetHints":{"allow":["GET"]}}],"collection":[{"href":"https:\/\/nbg.eu\/fr\/wp-json\/wp\/v2\/product"}],"about":[{"href":"https:\/\/nbg.eu\/fr\/wp-json\/wp\/v2\/types\/product"}],"wp:featuredmedia":[{"embeddable":true,"href":"https:\/\/nbg.eu\/fr\/wp-json\/wp\/v2\/media\/678845"}],"wp:attachment":[{"href":"https:\/\/nbg.eu\/fr\/wp-json\/wp\/v2\/media?parent=678362"}],"wp:term":[{"taxonomy":"product_brand","embeddable":true,"href":"https:\/\/nbg.eu\/fr\/wp-json\/wp\/v2\/product_brand?post=678362"},{"taxonomy":"product_cat","embeddable":true,"href":"https:\/\/nbg.eu\/fr\/wp-json\/wp\/v2\/product_cat?post=678362"},{"taxonomy":"product_tag","embeddable":true,"href":"https:\/\/nbg.eu\/fr\/wp-json\/wp\/v2\/product_tag?post=678362"}],"curies":[{"name":"wp","href":"https:\/\/api.w.org\/{rel}","templated":true}]}}