{"id":679459,"date":"2025-11-18T18:19:37","date_gmt":"2025-11-18T15:19:37","guid":{"rendered":"https:\/\/nbg.eu\/product\/nocpix-quest-h50r-lrf-640x512-netd-15mk\/"},"modified":"2026-04-14T15:56:15","modified_gmt":"2026-04-14T12:56:15","slug":"nocpix-quest-h50r-lrf-640x512-netd-15mk","status":"publish","type":"product","link":"https:\/\/nbg.eu\/fr\/produit\/nocpix-quest-h50r-lrf-640x512-netd-15mk\/","title":{"rendered":"Nocpix Jumelles Thermiques Quest H50R LRF"},"content":{"rendered":"<h2>Nocpix Quest H50R LRF 640&#215;512 NETD \u226415mK<\/h2>\n<p>QUEST est l\u00e9ger et portable, offrant une port\u00e9e de d\u00e9tection allant jusqu&rsquo;\u00e0 2600 m et un t\u00e9l\u00e9m\u00e8tre laser int\u00e9gr\u00e9 avec une port\u00e9e de 1000 m pour une pr\u00e9cision et une visibilit\u00e9 sup\u00e9rieures. Son design binoculaire traditionnel pr\u00e9sente un rev\u00eatement en caoutchouc et une classification IP67 pour la durabilit\u00e9 et le confort dans des conditions difficiles. \u00c9quip\u00e9 d&rsquo;un capteur haute performance de 640&#215;512 (NETD \u226415mK, 60Hz), QUEST offre une clart\u00e9 d&rsquo;image exceptionnelle, une sensibilit\u00e9 thermique sup\u00e9rieure et un fonctionnement sans probl\u00e8me dans des environnements difficiles.<\/p>\n<h2>Capteur thermique<\/h2>\n<p>Nocpix QUEST dispose de l&rsquo;am\u00e9lioration d&rsquo;image R+ pour une clart\u00e9 et une pr\u00e9cision sup\u00e9rieures, associ\u00e9es \u00e0 un \u00e9cran AMOLED 1920&#215;1200 pour une exp\u00e9rience de visualisation immersive et agr\u00e9able pour les yeux.<\/p>\n<h2>Un capteur sup\u00e9rieur assure l&rsquo;excellence<\/h2>\n<p>Nocpix QUEST est \u00e9quip\u00e9 d&rsquo;un capteur haute performance (640&#215;512@12\u00b5m) qui offre une clart\u00e9 d&rsquo;image exceptionnelle. Avec un NETD \u226415mK et une fr\u00e9quence d&rsquo;images de 60Hz, il offre une sensibilit\u00e9 thermique sup\u00e9rieure, produisant des images claires et visuelles m\u00eame dans les environnements les plus difficiles.<\/p>\n<h2>Capacit\u00e9s de d\u00e9tection puissantes<\/h2>\n<p>Nocpix QUEST dispose d&rsquo;une port\u00e9e de d\u00e9tection allant jusqu&rsquo;\u00e0 2600 m et d&rsquo;un t\u00e9l\u00e9m\u00e8tre laser int\u00e9gr\u00e9 avec une port\u00e9e allant jusqu&rsquo;\u00e0 1000 m, vous permettant de voir plus loin et avec plus de pr\u00e9cision que jamais. Il prend \u00e9galement en charge les calculs balistiques, fournissant un soutien aux donn\u00e9es pour une chasse coop\u00e9rative.<\/p>\n<h2>Utilisation d&rsquo;une seule main<\/h2>\n<p>Nocpix QUEST offre une pr\u00e9hension ergonomique et antid\u00e9rapante avec une disposition simplifi\u00e9e de 4 boutons et des molettes centrales pour une utilisation facile d&rsquo;une seule main et une prise en main s\u00e9curis\u00e9e dans toutes les conditions.<\/p>\n<h2>L\u00e9ger et portable<\/h2>\n<p>QUEST ne p\u00e8se que 700 g et comprend un sac de transport sur mesure, offrant une portabilit\u00e9 et un confort faciles pour les activit\u00e9s de plein air telles que la chasse et l&rsquo;exploration.<\/p>\n<h2>\u00c9liminer l&rsquo;anxi\u00e9t\u00e9 concernant l&rsquo;alimentation<\/h2>\n<p>La s\u00e9rie QUEST dispose d&rsquo;une conception \u00e0 double batterie avec une batterie int\u00e9gr\u00e9e et rempla\u00e7able 18650, assurant un remplacement sans tracas et une utilisation continue pendant votre aventure.<\/p>\n<h2>L&rsquo;exp\u00e9rience traditionnelle des jumelles<\/h2>\n<p>QUEST pr\u00e9sente un design binoculaire traditionnel avec un rev\u00eatement en caoutchouc sophistiqu\u00e9 et une classification IP67 pour r\u00e9sister \u00e0 l&rsquo;eau et \u00e0 la poussi\u00e8re, garantissant \u00e0 la fois la durabilit\u00e9 et le confort g\u00e9n\u00e9ral.<\/p>\n","protected":false},"excerpt":{"rendered":"<p>Nocpix Quest H50R LRF 640&#215;512 NETD &lt;15mK : Imageur thermique l\u00e9ger et portable avec une port\u00e9e de d\u00e9tection de 2600 m, un LRF de 1000 m et un capteur sup\u00e9rieur de 640&#215;512.<\/p>\n<p>Si l&rsquo;article n&rsquo;est pas disponible, veuillez nous contacter : shop@nbg.eu ou +359896147790<\/p>\n","protected":false},"featured_media":680361,"template":"","meta":{"_acf_changed":false},"product_brand":[14455],"product_cat":[14682,16074,12164],"product_tag":[],"class_list":{"0":"post-679459","1":"product","2":"type-product","3":"status-publish","4":"has-post-thumbnail","6":"product_brand-nocpix","7":"product_cat-jumelles","8":"product_cat-thermal-cameras-fr","9":"product_cat-thermique","11":"first","12":"instock","13":"taxable","14":"shipping-taxable","15":"purchasable","16":"product-type-simple"},"acf":[],"_links":{"self":[{"href":"https:\/\/nbg.eu\/fr\/wp-json\/wp\/v2\/product\/679459","targetHints":{"allow":["GET"]}}],"collection":[{"href":"https:\/\/nbg.eu\/fr\/wp-json\/wp\/v2\/product"}],"about":[{"href":"https:\/\/nbg.eu\/fr\/wp-json\/wp\/v2\/types\/product"}],"wp:featuredmedia":[{"embeddable":true,"href":"https:\/\/nbg.eu\/fr\/wp-json\/wp\/v2\/media\/680361"}],"wp:attachment":[{"href":"https:\/\/nbg.eu\/fr\/wp-json\/wp\/v2\/media?parent=679459"}],"wp:term":[{"taxonomy":"product_brand","embeddable":true,"href":"https:\/\/nbg.eu\/fr\/wp-json\/wp\/v2\/product_brand?post=679459"},{"taxonomy":"product_cat","embeddable":true,"href":"https:\/\/nbg.eu\/fr\/wp-json\/wp\/v2\/product_cat?post=679459"},{"taxonomy":"product_tag","embeddable":true,"href":"https:\/\/nbg.eu\/fr\/wp-json\/wp\/v2\/product_tag?post=679459"}],"curies":[{"name":"wp","href":"https:\/\/api.w.org\/{rel}","templated":true}]}}