{"id":681145,"date":"2026-01-08T18:14:00","date_gmt":"2026-01-08T15:14:00","guid":{"rendered":"https:\/\/nbg.eu\/product\/manly-peak-black-14c28n\/"},"modified":"2026-01-21T11:41:25","modified_gmt":"2026-01-21T08:41:25","slug":"manly-peak-black-14c28n","status":"publish","type":"product","link":"https:\/\/nbg.eu\/fr\/produit\/manly-peak-black-14c28n\/","title":{"rendered":"Manly PEAK BLACK 14C28N"},"content":{"rendered":"<h2>Manly PEAK BLACK 14C28N \u2013 Le couteau de poche polyvalent par excellence<\/h2>\n<p>Poursuivant la tradition Manly de fournir des couteaux de poche de haute qualit\u00e9 \u00e0 des prix raisonnables, le PEAK \u2013 14C28N Black (One Hand) est l&rsquo;\u00e9pitom\u00e9 de la polyvalence et de la praticit\u00e9. Fabriqu\u00e9 avec pr\u00e9cision, ce couteau pliant pr\u00e9sente une lame en acier su\u00e9dois 14C28N et un manche en G10, garantissant un outil de coupe durable et fiable pour les t\u00e2ches quotidiennes.<\/p>\n<p>Con\u00e7u pour une utilisation ambidextre, le clip r\u00e9versible permet un acc\u00e8s facile pour les gauchers ou les droitiers, en faire le compagnon id\u00e9al que vous soyez droitier ou gaucher. Le m\u00e9canisme de verrouillage arri\u00e8re offre un verrouillage s\u00fbr et fiable, garantissant que la lame reste en place pendant l&rsquo;utilisation.<\/p>\n<p>Avec une longueur totale de 22 cm et une longueur de lame de 9,4 cm, le PEAK \u2013 14C28N Black (One Hand) offre une taille confortable et maniable, parfaite pour un large \u00e9ventail d&rsquo;applications, des aventures en plein air aux t\u00e2ches utilitaires quotidiennes. Pesant 115g, ce couteau trouve le juste \u00e9quilibre entre poids et portabilit\u00e9, en faire un choix fiable et polyvalent pour votre \u00e9quipement quotidien.<\/p>\n<p>Avec une lame 14C28N finition satin\u00e9e et un manche G10 noir \u00e9l\u00e9gant, le PEAK \u2013 14C28N Black (One Hand) offre non seulement des performances exceptionnelles, mais aussi une esth\u00e9tique moderne et \u00e9l\u00e9gante qui s&rsquo;accordera avec n&rsquo;importe quel style personnel. Que vous soyez un passionn\u00e9 d&rsquo;aventures en plein air, un bricoleur ou simplement quelqu&rsquo;un qui appr\u00e9cie un outil bien con\u00e7u, le Manly PEAK \u2013 14C28N Black (One Hand) est le compl\u00e9ment id\u00e9al pour votre \u00e9quipement quotidien.<\/p>\n","protected":false},"excerpt":{"rendered":"<p>Couteau de poche \u00e0 prix raisonnable avec acier su\u00e9dois 14C28N, clip r\u00e9versible et verrou arri\u00e8re.<\/p>\n","protected":false},"featured_media":685046,"template":"","meta":{"_acf_changed":false},"product_brand":[15079],"product_cat":[12178],"product_tag":[],"class_list":{"0":"post-681145","1":"product","2":"type-product","3":"status-publish","4":"has-post-thumbnail","6":"product_brand-manly-knives","7":"product_cat-edc","9":"first","10":"instock","11":"taxable","12":"shipping-taxable","13":"purchasable","14":"product-type-simple"},"acf":[],"_links":{"self":[{"href":"https:\/\/nbg.eu\/fr\/wp-json\/wp\/v2\/product\/681145","targetHints":{"allow":["GET"]}}],"collection":[{"href":"https:\/\/nbg.eu\/fr\/wp-json\/wp\/v2\/product"}],"about":[{"href":"https:\/\/nbg.eu\/fr\/wp-json\/wp\/v2\/types\/product"}],"wp:featuredmedia":[{"embeddable":true,"href":"https:\/\/nbg.eu\/fr\/wp-json\/wp\/v2\/media\/685046"}],"wp:attachment":[{"href":"https:\/\/nbg.eu\/fr\/wp-json\/wp\/v2\/media?parent=681145"}],"wp:term":[{"taxonomy":"product_brand","embeddable":true,"href":"https:\/\/nbg.eu\/fr\/wp-json\/wp\/v2\/product_brand?post=681145"},{"taxonomy":"product_cat","embeddable":true,"href":"https:\/\/nbg.eu\/fr\/wp-json\/wp\/v2\/product_cat?post=681145"},{"taxonomy":"product_tag","embeddable":true,"href":"https:\/\/nbg.eu\/fr\/wp-json\/wp\/v2\/product_tag?post=681145"}],"curies":[{"name":"wp","href":"https:\/\/api.w.org\/{rel}","templated":true}]}}