{"id":681537,"date":"2025-12-17T15:41:02","date_gmt":"2025-12-17T12:41:02","guid":{"rendered":"https:\/\/nbg.eu\/product\/manly-patriot-d2-noir\/"},"modified":"2026-01-21T11:39:36","modified_gmt":"2026-01-21T08:39:36","slug":"manly-patriot-d2-noir","status":"publish","type":"product","link":"https:\/\/nbg.eu\/fr\/produit\/manly-patriot-d2-noir\/","title":{"rendered":"Manly PATRIOT D2 NOIR"},"content":{"rendered":"<h2>Manly PATRIOT D2 NOIR : Commodit\u00e9 quotidienne et polyvalence pour l&rsquo;ext\u00e9rieur<\/h2>\n<p>Voici le Manly PATRIOT D2 NOIR, un couteau \u00e0 lame fixe qui combine la conception r\u00e9ussie du couteau pliant Comrade avec une praticit\u00e9 quotidienne am\u00e9lior\u00e9e. Fabriqu\u00e9 avec des dimensions presque identiques, le PATRIOT est le choix id\u00e9al pour une grande vari\u00e9t\u00e9 de t\u00e2ches, de l&rsquo;utilisation quotidienne \u00e0 la chasse et au camping.<\/p>\n<p>Avec une lame \u00e0 finition satin en acier 1.2379 (D2), le PATRIOT offre des performances et une durabilit\u00e9 exceptionnelles. La construction \u00e0 pleine soie assure une fiabilit\u00e9 et une stabilit\u00e9, faisant de ce couteau un compagnon de confiance dans toutes les situations.<\/p>\n<p>Disponible avec un choix de poign\u00e9es en G10 ou en bois de noyer, le PATRIOT offre une prise en main confortable et s\u00fbre, am\u00e9liorant sa polyvalence et son ergonomie. Le fourreau en Kydex offre un moyen s\u00fbr et pratique de transporter le couteau, garantissant un acc\u00e8s facile lorsque n\u00e9cessaire.<\/p>\n<p>Avec une longueur totale de 21 cm et une longueur de lame de 9,1 cm, le PATRIOT est un couteau \u00e0 lame fixe compact et maniable qui excelle dans une vari\u00e9t\u00e9 d&rsquo;applications. Son \u00e9paisseur de lame de 4 mm et son poids de 126 g assurent une sensation robuste et bien \u00e9quilibr\u00e9e, en faisant un outil fiable pour tout amateur d&rsquo;ext\u00e9rieur ou utilisateur quotidien.<\/p>\n<p>Que vous soyez \u00e0 la recherche d&rsquo;aventures en plein air, de camping, de chasse ou simplement d&rsquo;un couteau quotidien de confiance, le Manly PATRIOT D2 NOIR est le choix id\u00e9al. Alliant fonctionnalit\u00e9, durabilit\u00e9 et un design moderne et \u00e9pur\u00e9, ce couteau \u00e0 lame fixe est un incontournable pour ceux qui recherchent un outil de coupe polyvalent et fiable.<\/p>\n","protected":false},"excerpt":{"rendered":"<p>Couteau \u00e0 lame fixe MANLY PATRIOT D2 NOIR : couteau de tous les jours, longueur totale de 21 cm, lame en acier D2 de 9,1 cm, 126 g, manche en G10.<\/p>\n","protected":false},"featured_media":681733,"template":"","meta":{"_acf_changed":false},"product_brand":[15079],"product_cat":[2876],"product_tag":[],"class_list":{"0":"post-681537","1":"product","2":"type-product","3":"status-publish","4":"has-post-thumbnail","6":"product_brand-manly-knives","7":"product_cat-rahohvatki","9":"first","10":"instock","11":"taxable","12":"shipping-taxable","13":"purchasable","14":"product-type-simple"},"acf":[],"_links":{"self":[{"href":"https:\/\/nbg.eu\/fr\/wp-json\/wp\/v2\/product\/681537","targetHints":{"allow":["GET"]}}],"collection":[{"href":"https:\/\/nbg.eu\/fr\/wp-json\/wp\/v2\/product"}],"about":[{"href":"https:\/\/nbg.eu\/fr\/wp-json\/wp\/v2\/types\/product"}],"wp:featuredmedia":[{"embeddable":true,"href":"https:\/\/nbg.eu\/fr\/wp-json\/wp\/v2\/media\/681733"}],"wp:attachment":[{"href":"https:\/\/nbg.eu\/fr\/wp-json\/wp\/v2\/media?parent=681537"}],"wp:term":[{"taxonomy":"product_brand","embeddable":true,"href":"https:\/\/nbg.eu\/fr\/wp-json\/wp\/v2\/product_brand?post=681537"},{"taxonomy":"product_cat","embeddable":true,"href":"https:\/\/nbg.eu\/fr\/wp-json\/wp\/v2\/product_cat?post=681537"},{"taxonomy":"product_tag","embeddable":true,"href":"https:\/\/nbg.eu\/fr\/wp-json\/wp\/v2\/product_tag?post=681537"}],"curies":[{"name":"wp","href":"https:\/\/api.w.org\/{rel}","templated":true}]}}