{"id":682136,"date":"2026-01-08T18:13:52","date_gmt":"2026-01-08T15:13:52","guid":{"rendered":"https:\/\/nbg.eu\/product\/ville-militaire-14c28n-de-manly\/"},"modified":"2026-01-21T11:41:31","modified_gmt":"2026-01-21T08:41:31","slug":"ville-militaire-14c28n-de-manly","status":"publish","type":"product","link":"https:\/\/nbg.eu\/fr\/produit\/ville-militaire-14c28n-de-manly\/","title":{"rendered":"Ville militaire 14C28N de Manly"},"content":{"rendered":"<h2>Manly City Military 14C28N : Le couteau de ville exceptionnel<\/h2>\n<p>Le Manly City Military 14C28N est un couteau de ville exceptionnel qui incarne notre philosophie d&rsquo;offrir des mat\u00e9riaux de premi\u00e8re qualit\u00e9 \u00e0 un prix raisonnable. Avec une lame plate int\u00e9grale en acier Sandvik 14C28N, ce mod\u00e8le est con\u00e7u pour la polyvalence et la commodit\u00e9.<\/p>\n<p>Avec un clip r\u00e9versible et une double position de goupille, le Manly City Military 14C28N convient aux utilisateurs gauchers et droitiers, assurant une prise en main confortable et personnalisable. Le mat\u00e9riau de la poign\u00e9e en G10 offre une pr\u00e9hension s\u00e9curis\u00e9e et durable, tandis que le m\u00e9canisme d&rsquo;ouverture d&rsquo;une seule main et le verrou offrent un fonctionnement fluide et fiable.<\/p>\n<p>Caract\u00e9ristiques techniques :<\/p>\n<ul>\n<li>Mod\u00e8le : CITY 14C28N Military Green Flat Handle<\/li>\n<li>Type : Couteau pliant<\/li>\n<li>Longueur totale : 17,7 cm<\/li>\n<li>Longueur de la lame : 7,0 cm<\/li>\n<li>Longueur pli\u00e9e : 10,5 cm<\/li>\n<li>\u00c9paisseur de la lame : 2,7 mm<\/li>\n<li>Poids : 95 g<\/li>\n<li>Mat\u00e9riau de la lame : 14C28N<\/li>\n<li>Mat\u00e9riau de la poign\u00e9e : G10<\/li>\n<li>Ouverture : Bouton de pouce<\/li>\n<li>Ouverture : d&rsquo;une seule main<\/li>\n<li>Type de verrouillage : Lockback<\/li>\n<\/ul>\n","protected":false},"excerpt":{"rendered":"<p>Le Manly City Military 14C28N est un couteau de ville exceptionnel pour usage quotidien, fabriqu\u00e9 en acier Sandvik 14C28N et muni d&rsquo;une poign\u00e9e en G10, convenant aux gauchers et aux droitiers.<\/p>\n","protected":false},"featured_media":682316,"template":"","meta":{"_acf_changed":false},"product_brand":[15079],"product_cat":[12178],"product_tag":[],"class_list":{"0":"post-682136","1":"product","2":"type-product","3":"status-publish","4":"has-post-thumbnail","6":"product_brand-manly-knives","7":"product_cat-edc","9":"first","10":"instock","11":"taxable","12":"shipping-taxable","13":"purchasable","14":"product-type-simple"},"acf":[],"_links":{"self":[{"href":"https:\/\/nbg.eu\/fr\/wp-json\/wp\/v2\/product\/682136","targetHints":{"allow":["GET"]}}],"collection":[{"href":"https:\/\/nbg.eu\/fr\/wp-json\/wp\/v2\/product"}],"about":[{"href":"https:\/\/nbg.eu\/fr\/wp-json\/wp\/v2\/types\/product"}],"wp:featuredmedia":[{"embeddable":true,"href":"https:\/\/nbg.eu\/fr\/wp-json\/wp\/v2\/media\/682316"}],"wp:attachment":[{"href":"https:\/\/nbg.eu\/fr\/wp-json\/wp\/v2\/media?parent=682136"}],"wp:term":[{"taxonomy":"product_brand","embeddable":true,"href":"https:\/\/nbg.eu\/fr\/wp-json\/wp\/v2\/product_brand?post=682136"},{"taxonomy":"product_cat","embeddable":true,"href":"https:\/\/nbg.eu\/fr\/wp-json\/wp\/v2\/product_cat?post=682136"},{"taxonomy":"product_tag","embeddable":true,"href":"https:\/\/nbg.eu\/fr\/wp-json\/wp\/v2\/product_tag?post=682136"}],"curies":[{"name":"wp","href":"https:\/\/api.w.org\/{rel}","templated":true}]}}