{"id":682594,"date":"2026-01-09T22:08:59","date_gmt":"2026-01-09T19:08:59","guid":{"rendered":"https:\/\/nbg.eu\/product\/ville-virile-noire-14c28n\/"},"modified":"2026-01-21T12:29:38","modified_gmt":"2026-01-21T09:29:38","slug":"ville-virile-noire-14c28n","status":"publish","type":"product","link":"https:\/\/nbg.eu\/fr\/produit\/ville-virile-noire-14c28n\/","title":{"rendered":"Ville Virile Noire 14C28N"},"content":{"rendered":"<h2>Manly City Black 14C28N : Un couteau de ville exceptionnel du quotidien<\/h2>\n<p>Le Manly City Black 14C28N est un couteau de ville exceptionnel du quotidien qui incarne notre philosophie d&rsquo;offrir aux utilisateurs des mat\u00e9riaux primaires soigneusement s\u00e9lectionn\u00e9s \u00e0 un prix raisonnable. Avec une lame plate compl\u00e8te en acier durable Sandvik 14C28N, ce couteau pliant est con\u00e7u pour \u00eatre un compagnon fiable pour les t\u00e2ches quotidiennes.<\/p>\n<p>Avec une longueur totale de 17,7 cm et une longueur de lame de 7,0 cm, le Manly City Black 14C28N est un outil compact et polyvalent. Une fois pli\u00e9, il mesure 10,5 cm, le rendant facile \u00e0 transporter et \u00e0 ranger. L&rsquo;\u00e9paisseur de la lame de 2,7 mm et le poids total de 95 g assurent une exp\u00e9rience de maniement \u00e9quilibr\u00e9e et confortable.<\/p>\n<p>L&rsquo;un des points forts de ce couteau est son clip r\u00e9versible, le rendant ainsi adapt\u00e9 aux utilisateurs gauchers et droitiers. Le mat\u00e9riau de la poign\u00e9e est en G10 durable, offrant une prise s\u00fbre et antid\u00e9rapante, m\u00eame dans des conditions humides ou exigeantes.<\/p>\n<p>\u00c9quip\u00e9 d&rsquo;un m\u00e9canisme d&rsquo;ouverture \u00e0 deux mains et d&rsquo;un m\u00e9canisme de verrouillage fiable, le Manly City Black 14C28N offre un fonctionnement s\u00fbr et s\u00e9curis\u00e9, garantissant que vos t\u00e2ches de coupe soient effectu\u00e9es avec confiance et pr\u00e9cision. Le sch\u00e9ma de couleur noir sobre ajoute un attrait moderne et sophistiqu\u00e9 au couteau, en faisaient un choix \u00e9l\u00e9gant pour le porter au quotidien.<\/p>\n","protected":false},"excerpt":{"rendered":"<p>Le Manly City Black 14C28N est un couteau de ville exceptionnel pour tous les jours, avec une lame en acier Sandvik 14C28N \u00e0 aff\u00fbtage plat et une pince r\u00e9versible pour une utilisation \u00e0 gauche ou \u00e0 droite.<\/p>\n","protected":false},"featured_media":682839,"template":"","meta":{"_acf_changed":false},"product_brand":[15079],"product_cat":[12178,15361,15344],"product_tag":[],"class_list":{"0":"post-682594","1":"product","2":"type-product","3":"status-publish","4":"has-post-thumbnail","6":"product_brand-manly-knives","7":"product_cat-edc","8":"product_cat-folding-knives-fr","9":"product_cat-knives-fr","11":"first","12":"instock","13":"taxable","14":"shipping-taxable","15":"purchasable","16":"product-type-simple"},"acf":[],"_links":{"self":[{"href":"https:\/\/nbg.eu\/fr\/wp-json\/wp\/v2\/product\/682594","targetHints":{"allow":["GET"]}}],"collection":[{"href":"https:\/\/nbg.eu\/fr\/wp-json\/wp\/v2\/product"}],"about":[{"href":"https:\/\/nbg.eu\/fr\/wp-json\/wp\/v2\/types\/product"}],"wp:featuredmedia":[{"embeddable":true,"href":"https:\/\/nbg.eu\/fr\/wp-json\/wp\/v2\/media\/682839"}],"wp:attachment":[{"href":"https:\/\/nbg.eu\/fr\/wp-json\/wp\/v2\/media?parent=682594"}],"wp:term":[{"taxonomy":"product_brand","embeddable":true,"href":"https:\/\/nbg.eu\/fr\/wp-json\/wp\/v2\/product_brand?post=682594"},{"taxonomy":"product_cat","embeddable":true,"href":"https:\/\/nbg.eu\/fr\/wp-json\/wp\/v2\/product_cat?post=682594"},{"taxonomy":"product_tag","embeddable":true,"href":"https:\/\/nbg.eu\/fr\/wp-json\/wp\/v2\/product_tag?post=682594"}],"curies":[{"name":"wp","href":"https:\/\/api.w.org\/{rel}","templated":true}]}}