{"id":683269,"date":"2025-12-17T17:30:35","date_gmt":"2025-12-17T14:30:35","guid":{"rendered":"https:\/\/nbg.eu\/product\/brasier-noir-masculin-g10-rwl-34\/"},"modified":"2026-01-21T11:41:30","modified_gmt":"2026-01-21T08:41:30","slug":"brasier-noir-masculin-g10-rwl-34","status":"publish","type":"product","link":"https:\/\/nbg.eu\/fr\/produit\/brasier-noir-masculin-g10-rwl-34\/","title":{"rendered":"Brasier Noir Masculin G10 RWL-34"},"content":{"rendered":"<h2>Manly Blaze Black G10 RWL-34 &#8211; Le couteau de survie ultime<\/h2>\n<p>Blaze RWL-34 Black est le couteau de survie parfait. Avec une lame fixe et une construction \u00e0 pleine soie + un acier de qualit\u00e9 sup\u00e9rieure RWL-34, la durabilit\u00e9 de ce couteau est garantie. La poign\u00e9e est en G10 noir textur\u00e9 r\u00e9sistant \u00e0 la corrosion. Le couteau peut \u00eatre retir\u00e9 du fourreau (en kydex) facilement d&rsquo;un simple geste de la main, et le support de ceinture peut \u00eatre horizontal ou vertical.<\/p>\n<p>Si vous avez besoin d&rsquo;un couteau fiable en montagne, en camping ou pour la p\u00eache, Blaze est fait pour vous.<\/p>\n<h2>Sp\u00e9cifications techniques<\/h2>\n<p>Nom : Blaze \u2013 RWL-34 Black<br \/>\nType : Lame fixe<br \/>\nLongueur totale : 24,5 cm<br \/>\nLongueur de la lame : 11,9 cm<br \/>\n\u00c9paisseur de la lame : 4 mm<br \/>\nDuret\u00e9 du tranchant : 62 hrc<br \/>\nPoids : 210g<br \/>\nMat\u00e9riau de la lame : RWL-34<br \/>\nMat\u00e9riau de la poign\u00e9e : G10<br \/>\nMat\u00e9riau du fourreau : Kydex<\/p>\n","protected":false},"excerpt":{"rendered":"<p>Blaze RWL-34 Noir : le couteau Bushcraft parfait avec une lame fixe, une soie pleine et un acier en poudre RWL-34.<\/p>\n","protected":false},"featured_media":683315,"template":"","meta":{"_acf_changed":false},"product_brand":[15079],"product_cat":[2876],"product_tag":[],"class_list":{"0":"post-683269","1":"product","2":"type-product","3":"status-publish","4":"has-post-thumbnail","6":"product_brand-manly-knives","7":"product_cat-rahohvatki","9":"first","10":"instock","11":"taxable","12":"shipping-taxable","13":"purchasable","14":"product-type-simple"},"acf":[],"_links":{"self":[{"href":"https:\/\/nbg.eu\/fr\/wp-json\/wp\/v2\/product\/683269","targetHints":{"allow":["GET"]}}],"collection":[{"href":"https:\/\/nbg.eu\/fr\/wp-json\/wp\/v2\/product"}],"about":[{"href":"https:\/\/nbg.eu\/fr\/wp-json\/wp\/v2\/types\/product"}],"wp:featuredmedia":[{"embeddable":true,"href":"https:\/\/nbg.eu\/fr\/wp-json\/wp\/v2\/media\/683315"}],"wp:attachment":[{"href":"https:\/\/nbg.eu\/fr\/wp-json\/wp\/v2\/media?parent=683269"}],"wp:term":[{"taxonomy":"product_brand","embeddable":true,"href":"https:\/\/nbg.eu\/fr\/wp-json\/wp\/v2\/product_brand?post=683269"},{"taxonomy":"product_cat","embeddable":true,"href":"https:\/\/nbg.eu\/fr\/wp-json\/wp\/v2\/product_cat?post=683269"},{"taxonomy":"product_tag","embeddable":true,"href":"https:\/\/nbg.eu\/fr\/wp-json\/wp\/v2\/product_tag?post=683269"}],"curies":[{"name":"wp","href":"https:\/\/api.w.org\/{rel}","templated":true}]}}