{"id":683448,"date":"2025-12-17T18:06:26","date_gmt":"2025-12-17T15:06:26","guid":{"rendered":"https:\/\/nbg.eu\/product\/nocpix-m6t25s-camera-thermique-pour-voiture-avec-detection-intelligente-des-objets-chauds\/"},"modified":"2026-01-21T11:45:00","modified_gmt":"2026-01-21T08:45:00","slug":"nocpix-m6t25s-camera-thermique-pour-voiture-avec-detection-intelligente-des-objets-chauds","status":"publish","type":"product","link":"https:\/\/nbg.eu\/fr\/produit\/nocpix-m6t25s-camera-thermique-pour-voiture-avec-detection-intelligente-des-objets-chauds\/","title":{"rendered":"Nocpix M6T25S Cam\u00e9ra thermique pour voiture avec d\u00e9tection intelligente des objets chauds"},"content":{"rendered":"<h2>Cam\u00e9ra thermique pour voiture Nocpix M6T25S avec d\u00e9tection intelligente des objets chauds<\/h2>\n<p>Voici la s\u00e9rie MT de Nocpix, le scanner d\u00f4me innovant de Nocpix con\u00e7u sp\u00e9cifiquement pour la chasse. C&rsquo;est le choix id\u00e9al non seulement pour conduire pendant la chasse, mais aussi adaptable \u00e0 diverses m\u00e9thodes et habitudes de chasse. \u00c9quip\u00e9 de mod\u00e8les d&rsquo;IA de pointe et d&rsquo;une puissance de calcul haute performance, le MT assure des performances stables m\u00eame en conduisant et offre une d\u00e9tection, un verrouillage et un suivi pr\u00e9cis des proies, d\u00e9livrant des images de haute qualit\u00e9 et une exp\u00e9rience de chasse exceptionnelle.<\/p>\n<h2>Performance intelligente de l&rsquo;IA<\/h2>\n<p>Aliment\u00e9 par le mod\u00e8le d&rsquo;apprentissage profond YOLO V5 et 2T de puissance de calcul, ce syst\u00e8me est con\u00e7u pour am\u00e9liorer votre exp\u00e9rience de chasse. Le mod\u00e8le d&rsquo;apprentissage profond, form\u00e9 sur un \u00e9norme jeu de donn\u00e9es, permet une reconnaissance et un suivi automatique rapides des proies, avec des bo\u00eetes englobantes pr\u00e9cises pour le marquage des cibles. Cela rend l&rsquo;ensemble du processus de chasse &#8211; identification, ciblage et suivi &#8211; beaucoup plus facile et plus fluide, r\u00e9duisant l&rsquo;effort n\u00e9cessaire pour effectuer chaque \u00e9tape vous-m\u00eame.<\/p>\n<h2>Vue panoramique \u00e0 360\u00b0 sans balais avec plage d&rsquo;inclinaison de 90\u00b0<\/h2>\n<p>Le MT offre une large vue panoramique \u00e0 360\u00b0 avec une plage d&rsquo;inclinaison de 90\u00b0, offrant une couverture compl\u00e8te. Cela garantit un suivi complet et sans faille de votre proie sans aucun angle mort.<\/p>\n<h2>Stabilisation finale<\/h2>\n<p>La stabilisation \u00e0 2 axes permet au MT de d\u00e9livrer une image stable, le calibrage automatique corrige le d\u00e9calage de l&rsquo;objectif caus\u00e9 par les bosses de la route ou tout autre facteur environnemental externe, maintenant une direction constante.<\/p>\n<h2>Exp\u00e9rience utilisateur extr\u00eamement silencieuse<\/h2>\n<p>Le M6T25S utilise un moteur sans balais pour la rotation horizontale \u00e0 360 degr\u00e9s et un design d&rsquo;\u00e9quilibrage dynamique, ce qui signifie qu&rsquo;il fonctionne \u00e0 un faible niveau de d\u00e9cibels pendant la rotation et l&rsquo;inclinaison, garantissant que votre exp\u00e9rience de chasse reste ininterrompue et agr\u00e9able.<\/p>\n<h2>Connexion multiple et m\u00e9thode d&rsquo;affichage sur terminal<\/h2>\n<p>Pour s&rsquo;adapter \u00e0 diff\u00e9rentes habitudes et sc\u00e9narios d&rsquo;utilisation, deux m\u00e9thodes de connexion sont prises en charge : c\u00e2ble et WiFi. La connexion par c\u00e2ble offre une transmission d&rsquo;image relativement plus stable, tandis que le WiFi offre une exp\u00e9rience plus pratique et sans fil. La transmission d&rsquo;images en temps r\u00e9el est disponible sur tout appareil avec l&rsquo;application Nocpix install\u00e9e, y compris mais sans s&rsquo;y limiter les iPad, les t\u00e9l\u00e9phones portables, etc.<\/p>\n","protected":false},"excerpt":{"rendered":"<p>Cam\u00e9ra thermique de voiture Nocpix M6T25S avec d\u00e9tection intelligente pour les objets chauds. Recherche intelligente, port\u00e9e effective 2300m, t\u00e9l\u00e9commande, 2 batteries rechargeables pour jusqu&rsquo;\u00e0 7 heures de fonctionnement.<\/p>\n<p>Si l&rsquo;article n&rsquo;est pas disponible, veuillez nous contacter : shop@nbg.eu ou +359896147790<\/p>\n","protected":false},"featured_media":683625,"template":"","meta":{"_acf_changed":false},"product_brand":[14455],"product_cat":[12164],"product_tag":[],"class_list":{"0":"post-683448","1":"product","2":"type-product","3":"status-publish","4":"has-post-thumbnail","6":"product_brand-nocpix","7":"product_cat-thermique","9":"first","10":"instock","11":"taxable","12":"shipping-taxable","13":"purchasable","14":"product-type-simple"},"acf":[],"_links":{"self":[{"href":"https:\/\/nbg.eu\/fr\/wp-json\/wp\/v2\/product\/683448","targetHints":{"allow":["GET"]}}],"collection":[{"href":"https:\/\/nbg.eu\/fr\/wp-json\/wp\/v2\/product"}],"about":[{"href":"https:\/\/nbg.eu\/fr\/wp-json\/wp\/v2\/types\/product"}],"wp:featuredmedia":[{"embeddable":true,"href":"https:\/\/nbg.eu\/fr\/wp-json\/wp\/v2\/media\/683625"}],"wp:attachment":[{"href":"https:\/\/nbg.eu\/fr\/wp-json\/wp\/v2\/media?parent=683448"}],"wp:term":[{"taxonomy":"product_brand","embeddable":true,"href":"https:\/\/nbg.eu\/fr\/wp-json\/wp\/v2\/product_brand?post=683448"},{"taxonomy":"product_cat","embeddable":true,"href":"https:\/\/nbg.eu\/fr\/wp-json\/wp\/v2\/product_cat?post=683448"},{"taxonomy":"product_tag","embeddable":true,"href":"https:\/\/nbg.eu\/fr\/wp-json\/wp\/v2\/product_tag?post=683448"}],"curies":[{"name":"wp","href":"https:\/\/api.w.org\/{rel}","templated":true}]}}