{"id":683635,"date":"2026-01-08T18:14:29","date_gmt":"2026-01-08T15:14:29","guid":{"rendered":"https:\/\/nbg.eu\/product\/camera-thermique-nocpix-vista-h50-50mm-12um-640x512-15mk-netd\/"},"modified":"2026-04-14T15:55:25","modified_gmt":"2026-04-14T12:55:25","slug":"camera-thermique-nocpix-vista-h50-50mm-12um-640x512-15mk-netd","status":"publish","type":"product","link":"https:\/\/nbg.eu\/fr\/produit\/camera-thermique-nocpix-vista-h50-50mm-12um-640x512-15mk-netd\/","title":{"rendered":"Nocpix Cam\u00e9ra Thermique VISTA H50"},"content":{"rendered":"<h2>Nocpix VISTA H50 &#8211; Cam\u00e9ra thermique de pointe pour une utilisation de jour et de nuit<\/h2>\n<p>Le Nocpix VISTA H50 est une cam\u00e9ra thermique de pointe con\u00e7ue pour une utilisation de jour et de nuit. Elle offre une qualit\u00e9 d&rsquo;image exceptionnelle, m\u00eame dans des conditions m\u00e9t\u00e9orologiques difficiles telles que le brouillard, le smog et la pluie, et peut d\u00e9tecter des cibles \u00e0 travers des obstacles tels que les branches, les hautes herbes et la v\u00e9g\u00e9tation dense qui obstruent normalement la visibilit\u00e9.<\/p>\n<p>Le VISTA H50 est tr\u00e8s polyvalent et convient \u00e0 une gamme d&rsquo;applications, notamment la chasse, la s\u00e9curit\u00e9, la surveillance, la navigation sur le terrain et les op\u00e9rations de recherche et de sauvetage. Sa technologie thermique avanc\u00e9e garantit des performances fiables, offrant des images claires et des mesures pr\u00e9cises dans des environnements difficiles.<\/p>\n<h2>Principales sp\u00e9cifications :<\/h2>\n<p>R\u00e9solution : 640 x 512<br \/>\nTaille des pixels : 12<br \/>\nNETD, mK : \u226415<br \/>\nFr\u00e9quence d&rsquo;image : 50<br \/>\nObjectif : 50mm F0.9<br \/>\nChamp de vision : 8.8 x 7.0<br \/>\nChamp de vision (lin\u00e9aire) : 15 x 12<br \/>\nGrossissement : 4~40<br \/>\nPort\u00e9e de d\u00e9tection : 2600<br \/>\nDistance des yeux : 25<br \/>\nDiam\u00e8tre de la pupille de sortie : 8<br \/>\nDioptrie : -4 ~ +6<br \/>\nType d&rsquo;\u00e9cran : AMOLED<br \/>\nR\u00e9solution de l&rsquo;\u00e9cran : 2560 x 2560<br \/>\nBatterie : Batterie lithium-ion rempla\u00e7able IBP-7 \/ 4400mAh<br \/>\nAutonomie maximale : 5.5<br \/>\nWi-Fi\/Application : OUI<br \/>\nMIC : OUI<br \/>\nCapacit\u00e9 de m\u00e9moire : 64Go<br \/>\nIndice de protection : IP67<br \/>\nTemp\u00e9rature de fonctionnement max. : -20 ~ +50<br \/>\nPoids (onces) : 22.93<br \/>\nPoids (g) : 650<br \/>\nDimensions (po) : 7.64 x 2.76 x 3.23<br \/>\nDimensions (mm) : 194 x 70 x 82<\/p>\n","protected":false},"excerpt":{"rendered":"<p>La cam\u00e9ra thermique Nocpix VISTA H50 est une cam\u00e9ra thermique de 640&#215;512 pixels avec une taille de pixel de 12 um, une sensibilit\u00e9 thermique \u226415mK NETD, un objectif de 50 mm F0.9 et un \u00e9cran AMOLED de 2560&#215;2560 pixels.<\/p>\n<p>Si l&rsquo;article n&rsquo;est pas disponible, veuillez nous contacter : shop@nbg.eu ou +359896147790<\/p>\n<p>\n","protected":false},"featured_media":683680,"template":"","meta":{"_acf_changed":false},"product_brand":[14455],"product_cat":[16074,12164],"product_tag":[],"class_list":{"0":"post-683635","1":"product","2":"type-product","3":"status-publish","4":"has-post-thumbnail","6":"product_brand-nocpix","7":"product_cat-thermal-cameras-fr","8":"product_cat-thermique","10":"first","11":"instock","12":"taxable","13":"shipping-taxable","14":"purchasable","15":"product-type-simple"},"acf":[],"_links":{"self":[{"href":"https:\/\/nbg.eu\/fr\/wp-json\/wp\/v2\/product\/683635","targetHints":{"allow":["GET"]}}],"collection":[{"href":"https:\/\/nbg.eu\/fr\/wp-json\/wp\/v2\/product"}],"about":[{"href":"https:\/\/nbg.eu\/fr\/wp-json\/wp\/v2\/types\/product"}],"wp:featuredmedia":[{"embeddable":true,"href":"https:\/\/nbg.eu\/fr\/wp-json\/wp\/v2\/media\/683680"}],"wp:attachment":[{"href":"https:\/\/nbg.eu\/fr\/wp-json\/wp\/v2\/media?parent=683635"}],"wp:term":[{"taxonomy":"product_brand","embeddable":true,"href":"https:\/\/nbg.eu\/fr\/wp-json\/wp\/v2\/product_brand?post=683635"},{"taxonomy":"product_cat","embeddable":true,"href":"https:\/\/nbg.eu\/fr\/wp-json\/wp\/v2\/product_cat?post=683635"},{"taxonomy":"product_tag","embeddable":true,"href":"https:\/\/nbg.eu\/fr\/wp-json\/wp\/v2\/product_tag?post=683635"}],"curies":[{"name":"wp","href":"https:\/\/api.w.org\/{rel}","templated":true}]}}