{"id":683747,"date":"2026-01-08T18:13:33","date_gmt":"2026-01-08T15:13:33","guid":{"rendered":"https:\/\/nbg.eu\/product\/camera-thermique-nocpix-vista-h35-sans-telemetre-35-mm-12-%ce%bcm-640x512-15-mk-net\/"},"modified":"2026-04-14T15:55:42","modified_gmt":"2026-04-14T12:55:42","slug":"camera-thermique-nocpix-vista-h35-sans-telemetre-35-mm-12-%ce%bcm-640x512-15-mk-net","status":"publish","type":"product","link":"https:\/\/nbg.eu\/fr\/produit\/camera-thermique-nocpix-vista-h35-sans-telemetre-35-mm-12-%ce%bcm-640x512-15-mk-net\/","title":{"rendered":"Nocpix Cam\u00e9ra Thermique VISTA H35"},"content":{"rendered":"<h2>Nocpix VISTA H35 Monoculaire thermique &#8211; 35 mm 12 \u03bcm 640 x 512 \u226415 mK NET<\/h2>\n<p>Le Nocpix VISTA H35 est un monoculaire thermique polyvalent con\u00e7u pour une utilisation fiable, de jour comme de nuit. Cet appareil avanc\u00e9 offre des performances d&rsquo;imagerie thermique exceptionnelles, fournissant des images claires et d\u00e9taill\u00e9es, m\u00eame dans des conditions m\u00e9t\u00e9orologiques difficiles comme le brouillard, le smog et la pluie. Il est capable de d\u00e9tecter des cibles \u00e0 travers des obstacles tels que des branches, de l&rsquo;herbe haute et un feuillage dense, assurant un fonctionnement efficace dans des environnements o\u00f9 les optiques traditionnelles sont inadapt\u00e9es.<\/p>\n<p>Id\u00e9al pour une gamme d&rsquo;applications, le VISTA H35 est parfait pour la chasse, la surveillance, la s\u00e9curit\u00e9, la navigation terrestre et les missions de recherche et de sauvetage. Gr\u00e2ce \u00e0 sa technologie de pointe et \u00e0 sa construction robuste, le VISTA H35 assure une d\u00e9tection et une mesure pr\u00e9cises dans les conditions les plus difficiles.<\/p>\n<h2>Caract\u00e9ristiques<\/h2>\n<p>-D\u00e9tecteur 640 \u00d7 512 12 \u03bcm<br \/>\nNETD \u2264 15 mK<br \/>\n-Taux de rafra\u00eechissement \u00e9lev\u00e9 de 60 Hz<br \/>\n-Objectif F0,9<br \/>\n-\u00c9cran circulaire AMOLED 2560 \u00d7 2560<br \/>\n-Batterie rechargeable interchangeable rapide IBP-7<br \/>\n-Zoom num\u00e9rique fluide : 1\u00d7 ~ 8\u00d7<br \/>\n-Mode ultra-propre<br \/>\n-Protection oculaire avec faible luminosit\u00e9, palette de couleurs et teinte chaude<br \/>\n-Stabilisation \u00e9lectronique de l&rsquo;image<\/p>\n","protected":false},"excerpt":{"rendered":"<p>Cam\u00e9ra thermique Nocpix VISTA H35 sans t\u00e9l\u00e9m\u00e8tre &#8211; 35mm 12um 640&#215;512 &lt;15mk NET<\/p>\n<p>Si l&rsquo;article n&rsquo;est pas disponible, veuillez nous contacter : shop@nbg.eu ou +359896147790<\/p>\n<p>\n","protected":false},"featured_media":683852,"template":"","meta":{"_acf_changed":false},"product_brand":[14455],"product_cat":[16074,12164],"product_tag":[],"class_list":{"0":"post-683747","1":"product","2":"type-product","3":"status-publish","4":"has-post-thumbnail","6":"product_brand-nocpix","7":"product_cat-thermal-cameras-fr","8":"product_cat-thermique","10":"first","11":"instock","12":"taxable","13":"shipping-taxable","14":"purchasable","15":"product-type-simple"},"acf":[],"_links":{"self":[{"href":"https:\/\/nbg.eu\/fr\/wp-json\/wp\/v2\/product\/683747","targetHints":{"allow":["GET"]}}],"collection":[{"href":"https:\/\/nbg.eu\/fr\/wp-json\/wp\/v2\/product"}],"about":[{"href":"https:\/\/nbg.eu\/fr\/wp-json\/wp\/v2\/types\/product"}],"wp:featuredmedia":[{"embeddable":true,"href":"https:\/\/nbg.eu\/fr\/wp-json\/wp\/v2\/media\/683852"}],"wp:attachment":[{"href":"https:\/\/nbg.eu\/fr\/wp-json\/wp\/v2\/media?parent=683747"}],"wp:term":[{"taxonomy":"product_brand","embeddable":true,"href":"https:\/\/nbg.eu\/fr\/wp-json\/wp\/v2\/product_brand?post=683747"},{"taxonomy":"product_cat","embeddable":true,"href":"https:\/\/nbg.eu\/fr\/wp-json\/wp\/v2\/product_cat?post=683747"},{"taxonomy":"product_tag","embeddable":true,"href":"https:\/\/nbg.eu\/fr\/wp-json\/wp\/v2\/product_tag?post=683747"}],"curies":[{"name":"wp","href":"https:\/\/api.w.org\/{rel}","templated":true}]}}