{"id":683933,"date":"2026-01-08T18:14:25","date_gmt":"2026-01-08T15:14:25","guid":{"rendered":"https:\/\/nbg.eu\/product\/camera-thermique-nocpix-rico-2-h50r\/"},"modified":"2026-04-14T15:55:28","modified_gmt":"2026-04-14T12:55:28","slug":"camera-thermique-nocpix-rico-2-h50r","status":"publish","type":"product","link":"https:\/\/nbg.eu\/fr\/produit\/camera-thermique-nocpix-rico-2-h50r\/","title":{"rendered":"Nocpix Cam\u00e9ra Thermique Rico 2 H50R"},"content":{"rendered":"<h2>Nocpix Rico 2 H50R : Expert en tir \u00e0 longue port\u00e9e<\/h2>\n<p>La s\u00e9rie de lunettes de vis\u00e9e thermiques Nocpix RICO 2 H50R est con\u00e7ue pour les chasseurs qui exigent le meilleur en mati\u00e8re de clart\u00e9, de port\u00e9e et de confort. Con\u00e7ue avec un capteur thermique de pointe et un taux de rafra\u00eechissement \u00e9lev\u00e9, elle offre une qualit\u00e9 d&rsquo;image ultra-sup\u00e9rieure qui facilite l&rsquo;identification et le suivi des cibles. Sa longue focale et son t\u00e9l\u00e9m\u00e8tre laser int\u00e9gr\u00e9 vous permettent de mesurer avec pr\u00e9cision les cibles \u00e9loign\u00e9es, tandis que la conception optique avanc\u00e9e vous offre une exp\u00e9rience d&rsquo;observation immersive sans distorsion. Dot\u00e9 d&rsquo;un levier de zoom sans palier et d&rsquo;un excellent d\u00e9gagement oculaire, la s\u00e9rie Nocpix RICO 2 H50R permet aux chasseurs d&rsquo;ajuster facilement le grossissement et de se sentir \u00e0 l&rsquo;aise pendant les longues chasses. Gr\u00e2ce \u00e0 ses technologies innovantes et \u00e0 sa conception ax\u00e9e sur l&rsquo;utilisateur, la s\u00e9rie Nocpix RICO 2 H50R vous permet vraiment de chasser au-del\u00e0 des limites du possible.<\/p>\n<h2>Principales caract\u00e9ristiques :<\/h2>\n<p>B\u00e9n\u00e9ficiez du capteur de deuxi\u00e8me g\u00e9n\u00e9ration haut de gamme de 12\u03bcm@60Hz, avec un NETD \u226420mK, pour des images \u00e0 haute r\u00e9solution et \u00e0 fort contraste, ainsi qu&rsquo;une meilleure identification des cibles.<\/p>\n<p>Le Nocpix RICO 2 H50R est \u00e9quip\u00e9 d&rsquo;objectifs plus grands (50 mm\/F1.0, 42 mm\/F1.0), offrant des capacit\u00e9s de captage de la lumi\u00e8re am\u00e9lior\u00e9es pour une clart\u00e9 d&rsquo;image exceptionnelle et une port\u00e9e de d\u00e9tection \u00e9tendue.<\/p>\n<p>La s\u00e9rie RICO 2 vous permet d&rsquo;ajuster votre grossissement sans effort avec un levier de zoom sans palier de style LPVO, offrant des r\u00e9glages rapides et sans effort pour engager avec pr\u00e9cision les cibles \u00e0 toute distance.<\/p>\n<p>La s\u00e9rie RICO 2 affiche une port\u00e9e de d\u00e9tection impressionnante allant jusqu&rsquo;\u00e0 2600 m, vous donnant un avantage significatif pour la chasse \u00e0 longue port\u00e9e et le ciblage pr\u00e9cis.<\/p>\n<p>Le Nocpix RICO 2 H50R est \u00e9quip\u00e9 d&rsquo;un t\u00e9l\u00e9m\u00e8tre laser int\u00e9gr\u00e9, offrant une d\u00e9tection laser jusqu&rsquo;\u00e0 1200 m avec un alignement optique v\u00e9ritable, assurant des mesures de distance pr\u00e9cises tout en conservant un design \u00e9l\u00e9gant et \u00e9pur\u00e9.<\/p>\n<p>Optimisez le placement de vos tirs avec les calculs balistiques automatiques, en utilisant le t\u00e9l\u00e9m\u00e8tre laser int\u00e9gr\u00e9 pour porter des coups pr\u00e9cis \u00e0 longue distance sans effort.<\/p>\n<p>\u00c9cran OLED 1,03&Prime; 2560\u00d72560 (H50R), oculaire sans distorsion, d\u00e9gagement oculaire de 70 mm et pupille de sortie de 23 mm pour une vision nette et confortable pendant des sessions prolong\u00e9es.<\/p>\n<p>Le mod\u00e8le H50R est \u00e9quip\u00e9 d&rsquo;un d\u00e9gagement oculaire sans pr\u00e9c\u00e9dent de 70 mm, offrant un confort maximal pour une utilisation prolong\u00e9e sans fatigue oculaire et garantissant la s\u00e9curit\u00e9 des yeux.<\/p>\n","protected":false},"excerpt":{"rendered":"<p>Cam\u00e9ra thermique Nocpix Rico 2 H50R. Expert en tir longue port\u00e9e. Capteur 640&#215;512, 60Hz, LRF int\u00e9gr\u00e9, zoom continu.<br \/>\nSi l&rsquo;article n&rsquo;est pas disponible, veuillez nous contacter : shop@nbg.eu ou +359896147790<\/p>\n","protected":false},"featured_media":684314,"template":"","meta":{"_acf_changed":false},"product_brand":[14455],"product_cat":[16074,12164],"product_tag":[],"class_list":{"0":"post-683933","1":"product","2":"type-product","3":"status-publish","4":"has-post-thumbnail","6":"product_brand-nocpix","7":"product_cat-thermal-cameras-fr","8":"product_cat-thermique","10":"first","11":"instock","12":"taxable","13":"shipping-taxable","14":"purchasable","15":"product-type-simple"},"acf":[],"_links":{"self":[{"href":"https:\/\/nbg.eu\/fr\/wp-json\/wp\/v2\/product\/683933","targetHints":{"allow":["GET"]}}],"collection":[{"href":"https:\/\/nbg.eu\/fr\/wp-json\/wp\/v2\/product"}],"about":[{"href":"https:\/\/nbg.eu\/fr\/wp-json\/wp\/v2\/types\/product"}],"wp:featuredmedia":[{"embeddable":true,"href":"https:\/\/nbg.eu\/fr\/wp-json\/wp\/v2\/media\/684314"}],"wp:attachment":[{"href":"https:\/\/nbg.eu\/fr\/wp-json\/wp\/v2\/media?parent=683933"}],"wp:term":[{"taxonomy":"product_brand","embeddable":true,"href":"https:\/\/nbg.eu\/fr\/wp-json\/wp\/v2\/product_brand?post=683933"},{"taxonomy":"product_cat","embeddable":true,"href":"https:\/\/nbg.eu\/fr\/wp-json\/wp\/v2\/product_cat?post=683933"},{"taxonomy":"product_tag","embeddable":true,"href":"https:\/\/nbg.eu\/fr\/wp-json\/wp\/v2\/product_tag?post=683933"}],"curies":[{"name":"wp","href":"https:\/\/api.w.org\/{rel}","templated":true}]}}