{"id":685072,"date":"2026-01-08T18:13:21","date_gmt":"2026-01-08T15:13:21","guid":{"rendered":"https:\/\/nbg.eu\/product\/thermal-monocular-nocpix-lumi-p13\/"},"modified":"2026-04-14T15:55:49","modified_gmt":"2026-04-14T12:55:49","slug":"thermal-monocular-nocpix-lumi-p13","status":"publish","type":"product","link":"https:\/\/nbg.eu\/fr\/produit\/thermal-monocular-nocpix-lumi-p13\/","title":{"rendered":"Nocpix Monoculaire Thermique LUMI P13"},"content":{"rendered":"<h2>Performance maximale avec poids minimum &#8211; Nocpix LUMI P13 : Gardez toujours un \u0153il sur votre environnement<\/h2>\n<p>La s\u00e9rie de monoculaires thermiques LUMI est con\u00e7ue pour une utilisation de jour comme de nuit et vous offre une qualit\u00e9 d&rsquo;image exceptionnelle, m\u00eame dans des conditions m\u00e9t\u00e9orologiques difficiles comme le brouillard, le smog ou la pluie. M\u00eame si des obstacles tels que des branches, de l&rsquo;herbe haute ou un couvert v\u00e9g\u00e9tal dense rendent la vision difficile, cette technologie vous permet de toujours voir clairement ce qui se trouve devant vous. Ils sont aussi tellement compacts et l\u00e9gers que vous pouvez les emporter partout avec vous.<\/p>\n<p>Les cam\u00e9ras thermiques LUMI sont parfaites pour une vari\u00e9t\u00e9 d&rsquo;applications telles que la chasse, la surveillance, la s\u00e9curit\u00e9, l&rsquo;orientation du terrain ou les op\u00e9rations de recherche et de sauvetage.<\/p>\n<h2>Performances d&rsquo;imagerie in\u00e9gal\u00e9es pour des images ultra nettes<\/h2>\n<p>La s\u00e9rie LUMI \u00e9tablit de nouvelles normes en mati\u00e8re de qualit\u00e9 d&rsquo;image. \u00c9quip\u00e9e des algorithmes d&rsquo;imagerie les plus avanc\u00e9s et d&rsquo;un capteur thermique puissant avec NETD &lt; 20 mK, la cam\u00e9ra d\u00e9livre des images ultra nettes et r\u00e9alistes. L&#039;\u00e9cran AMOLED d&#039;une r\u00e9solution de 1440 x 1080 pixels assure une affichage exceptionnel de l&#039;image, tandis que le mode Ultra Clear optimise encore davantage la clart\u00e9 de l&#039;image, notamment dans des conditions m\u00e9t\u00e9orologiques difficiles.<\/p>\n<h2>Exp\u00e9rience de visionnage personnalis\u00e9e &#8211; Personnalisez parfaitement votre appareil<\/h2>\n<p>Gr\u00e2ce au capteur de 256 x 192 px et \u00e0 une vari\u00e9t\u00e9 d&rsquo;options de r\u00e9glage, vous pouvez adapter l&rsquo;appareil exactement \u00e0 vos besoins. Choisissez parmi 5 modes de couleur et optimisez votre vue avec 10 niveaux de luminosit\u00e9, de nettet\u00e9 et de contraste &#8211; afin qu&rsquo;aucun d\u00e9tail ne vous \u00e9chappe.<\/p>\n<h2>Partager ses exp\u00e9riences est facile avec LUMI<\/h2>\n<p>Capturer des moments sp\u00e9ciaux est essentiel pour le chasseur moderne. Avec le Nocpix LUMI P13, vous pouvez non seulement partager facilement vos enregistrements via l&rsquo;application, mais aussi les lire directement sur l&rsquo;appareil &#8211; parfait pour partager instantan\u00e9ment vos exp\u00e9riences avec les autres.<\/p>\n<h2>Peut \u00eatre utilis\u00e9 de mani\u00e8re flexible gr\u00e2ce au syst\u00e8me de batterie amovible<\/h2>\n<p>La s\u00e9rie LUMI est \u00e9quip\u00e9e de batteries standard 18650, vous offrant une flexibilit\u00e9 maximale. O\u00f9 que vous alliez, avec le chargeur de batterie inclus, vous serez pr\u00eat en un rien de temps &#8211; et vous pourrez poursuivre votre mission.<\/p>\n","protected":false},"excerpt":{"rendered":"<p>Performances maximales avec un poids minimum &#8211; Nocpix LUMI P13 : Gardez toujours un \u0153il sur votre cible.<\/p>\n<p>Si l&rsquo;article n&rsquo;est pas disponible, veuillez nous contacter : shop@nbg.eu ou +359896147790<\/p>\n","protected":false},"featured_media":685194,"template":"","meta":{"_acf_changed":false},"product_brand":[14455],"product_cat":[16073,12164],"product_tag":[],"class_list":{"0":"post-685072","1":"product","2":"type-product","3":"status-publish","4":"has-post-thumbnail","6":"product_brand-nocpix","7":"product_cat-monoculars-fr","8":"product_cat-thermique","10":"first","11":"instock","12":"taxable","13":"shipping-taxable","14":"purchasable","15":"product-type-simple"},"acf":[],"_links":{"self":[{"href":"https:\/\/nbg.eu\/fr\/wp-json\/wp\/v2\/product\/685072","targetHints":{"allow":["GET"]}}],"collection":[{"href":"https:\/\/nbg.eu\/fr\/wp-json\/wp\/v2\/product"}],"about":[{"href":"https:\/\/nbg.eu\/fr\/wp-json\/wp\/v2\/types\/product"}],"wp:featuredmedia":[{"embeddable":true,"href":"https:\/\/nbg.eu\/fr\/wp-json\/wp\/v2\/media\/685194"}],"wp:attachment":[{"href":"https:\/\/nbg.eu\/fr\/wp-json\/wp\/v2\/media?parent=685072"}],"wp:term":[{"taxonomy":"product_brand","embeddable":true,"href":"https:\/\/nbg.eu\/fr\/wp-json\/wp\/v2\/product_brand?post=685072"},{"taxonomy":"product_cat","embeddable":true,"href":"https:\/\/nbg.eu\/fr\/wp-json\/wp\/v2\/product_cat?post=685072"},{"taxonomy":"product_tag","embeddable":true,"href":"https:\/\/nbg.eu\/fr\/wp-json\/wp\/v2\/product_tag?post=685072"}],"curies":[{"name":"wp","href":"https:\/\/api.w.org\/{rel}","templated":true}]}}