{"id":685232,"date":"2026-01-08T18:13:20","date_gmt":"2026-01-08T15:13:20","guid":{"rendered":"https:\/\/nbg.eu\/product\/thermal-monocular-nocpix-lumi-l35r-avec-telemetre-laser\/"},"modified":"2026-04-14T15:55:53","modified_gmt":"2026-04-14T12:55:53","slug":"thermal-monocular-nocpix-lumi-l35r-avec-telemetre-laser","status":"publish","type":"product","link":"https:\/\/nbg.eu\/fr\/produit\/thermal-monocular-nocpix-lumi-l35r-avec-telemetre-laser\/","title":{"rendered":"Nocpix Monoculaire Thermique LUMI L35R LRF"},"content":{"rendered":"<h2>Lunette de vision nocturne thermique Nocpix LUMI L35R avec t\u00e9l\u00e9m\u00e8tre laser<\/h2>\n<p>Le Nocpix LUMI L35R est une lunette de vision nocturne thermique puissante et compacte avec un t\u00e9l\u00e9m\u00e8tre laser int\u00e9gr\u00e9. Dot\u00e9 du capteur le plus avanc\u00e9 de sa cat\u00e9gorie avec un NETD de \u226418 mK, cette cam\u00e9ra thermique offre une imagerie haute r\u00e9solution, m\u00eame dans des conditions m\u00e9t\u00e9orologiques extr\u00eames. La conception l\u00e9g\u00e8re et ergonomique la rend facile \u00e0 utiliser, tandis que le syst\u00e8me de batterie amovible avec des piles 18650 standard permet une autonomie prolong\u00e9e.<\/p>\n<p>Le t\u00e9l\u00e9m\u00e8tre laser int\u00e9gr\u00e9 permet une d\u00e9termination pr\u00e9cise de la distance de la cible, et les algorithmes d&rsquo;imagerie avanc\u00e9s R+ AI am\u00e9liorent les d\u00e9tails de l&rsquo;image et utilisent pleinement le potentiel du capteur. La lunette est \u00e9tanche, anti-poussi\u00e8re et con\u00e7ue pour une utilisation ext\u00e9rieure confortable, avec des fonctionnalit\u00e9s telles que la stabilisation \u00e9lectronique de l&rsquo;image, les palettes de couleurs de d\u00e9gagement oculaire et des boutons ultra-silencieux.<\/p>\n<p>Avec une port\u00e9e de capteur allant jusqu&rsquo;\u00e0 1800 m, le Nocpix LUMI L35R est une solution d&rsquo;imagerie thermique polyvalente pour la chasse, la s\u00e9curit\u00e9 et les activit\u00e9s de plein air. B\u00e9n\u00e9ficiant d&rsquo;une garantie constructeur compl\u00e8te de 3 ans, cette lunette de vision nocturne thermique offre des performances et une fiabilit\u00e9 exceptionnelles.<\/p>\n","protected":false},"excerpt":{"rendered":"<p>Monoculaire thermique Nocpix LUMI L35R avec t\u00e9l\u00e9m\u00e8tre laser : capteur haute r\u00e9solution \u226418 mK NETD, compact et l\u00e9ger, batterie amovible.<\/p>\n<p>Si l&rsquo;article n&rsquo;est pas disponible, veuillez nous contacter : shop@nbg.eu ou +359896147790<\/p>\n<p>\n","protected":false},"featured_media":685269,"template":"","meta":{"_acf_changed":false},"product_brand":[14455],"product_cat":[16073,12164],"product_tag":[],"class_list":{"0":"post-685232","1":"product","2":"type-product","3":"status-publish","4":"has-post-thumbnail","6":"product_brand-nocpix","7":"product_cat-monoculars-fr","8":"product_cat-thermique","10":"first","11":"instock","12":"taxable","13":"shipping-taxable","14":"purchasable","15":"product-type-simple"},"acf":[],"_links":{"self":[{"href":"https:\/\/nbg.eu\/fr\/wp-json\/wp\/v2\/product\/685232","targetHints":{"allow":["GET"]}}],"collection":[{"href":"https:\/\/nbg.eu\/fr\/wp-json\/wp\/v2\/product"}],"about":[{"href":"https:\/\/nbg.eu\/fr\/wp-json\/wp\/v2\/types\/product"}],"wp:featuredmedia":[{"embeddable":true,"href":"https:\/\/nbg.eu\/fr\/wp-json\/wp\/v2\/media\/685269"}],"wp:attachment":[{"href":"https:\/\/nbg.eu\/fr\/wp-json\/wp\/v2\/media?parent=685232"}],"wp:term":[{"taxonomy":"product_brand","embeddable":true,"href":"https:\/\/nbg.eu\/fr\/wp-json\/wp\/v2\/product_brand?post=685232"},{"taxonomy":"product_cat","embeddable":true,"href":"https:\/\/nbg.eu\/fr\/wp-json\/wp\/v2\/product_cat?post=685232"},{"taxonomy":"product_tag","embeddable":true,"href":"https:\/\/nbg.eu\/fr\/wp-json\/wp\/v2\/product_tag?post=685232"}],"curies":[{"name":"wp","href":"https:\/\/api.w.org\/{rel}","templated":true}]}}