{"id":685316,"date":"2025-12-17T17:50:25","date_gmt":"2025-12-17T14:50:25","guid":{"rendered":"https:\/\/nbg.eu\/product\/thermal-monocular-nocpix-lumi-l19\/"},"modified":"2026-01-21T11:59:28","modified_gmt":"2026-01-21T08:59:28","slug":"thermal-monocular-nocpix-lumi-l19","status":"publish","type":"product","link":"https:\/\/nbg.eu\/fr\/produit\/thermal-monocular-nocpix-lumi-l19\/","title":{"rendered":"Thermal monocular Nocpix LUMI L19"},"content":{"rendered":"<h2>Performances maximales avec un poids minimal \u2013 Nocpix LUMI L19 : Votre observateur pour les for\u00eats et les prairies<\/h2>\n<p>La s\u00e9rie de monoculaires thermiques LUMI est con\u00e7ue pour une utilisation de jour comme de nuit et vous offre une qualit\u00e9 d&rsquo;image exceptionnelle, m\u00eame dans des conditions m\u00e9t\u00e9orologiques difficiles comme le brouillard, le smog ou la pluie. M\u00eame si des obstacles comme des branches, de l&rsquo;herbe haute ou un feuillage dense rendent la vision difficile, gr\u00e2ce \u00e0 cette technologie, vous pouvez toujours clairement voir ce qui se trouve devant vous. Ils sont \u00e9galement si compacts et l\u00e9gers que vous pouvez les emporter partout avec vous.<\/p>\n<p>Les cam\u00e9ras thermiques LUMI sont parfaites pour une vari\u00e9t\u00e9 d&rsquo;applications telles que la chasse, la surveillance, la s\u00e9curit\u00e9, l&rsquo;orientation du terrain ou les op\u00e9rations de recherche et de sauvetage.<\/p>\n<h2>Performances d&rsquo;imagerie in\u00e9gal\u00e9es pour des images ultra-nettes<\/h2>\n<p>La s\u00e9rie LUMI \u00e9tablit de nouvelles normes en termes de qualit\u00e9 d&rsquo;image. \u00c9quip\u00e9e des algorithmes d&rsquo;imagerie les plus avanc\u00e9s et d&rsquo;un capteur thermique puissant avec un NETD &lt; 18 mK, la cam\u00e9ra d\u00e9livre des images ultra-nettes et r\u00e9alistes. L&#039;\u00e9cran AMOLED avec une r\u00e9solution de 1024 x 768 pixels assure un affichage d&#039;image exceptionnel, tandis que le mode Ultra Clear optimise encore davantage la clart\u00e9 de l&#039;image, notamment dans des conditions m\u00e9t\u00e9orologiques difficiles.<\/p>\n<h2>Exp\u00e9rience de visionnage personnalis\u00e9e &#8211; Personnalisez votre appareil parfaitement<\/h2>\n<p>Gr\u00e2ce au capteur de taille moyenne de 384 x 288 px et \u00e0 une vari\u00e9t\u00e9 d&rsquo;options de r\u00e9glage, vous pouvez adapter l&rsquo;appareil exactement \u00e0 vos besoins. Choisissez parmi 5 modes de couleur et optimisez votre vue avec 10 niveaux de luminosit\u00e9, de nettet\u00e9 et de contraste &#8211; afin qu&rsquo;aucun d\u00e9tail ne vous \u00e9chappe.<\/p>\n<h2>Partage d&rsquo;exp\u00e9rience facile<\/h2>\n<p>Capturer des moments sp\u00e9ciaux est essentiel pour le chasseur moderne. Avec le Nocpix LUMI, vous pouvez non seulement partager facilement vos enregistrements via l&rsquo;application, mais aussi les lire directement sur l&rsquo;appareil &#8211; parfait pour partager instantan\u00e9ment vos exp\u00e9riences avec les autres.<\/p>\n<h2>Peut \u00eatre utilis\u00e9 de mani\u00e8re flexible gr\u00e2ce au syst\u00e8me de batterie amovible<\/h2>\n<p>La s\u00e9rie LUMI est \u00e9quip\u00e9e de batteries standard 18650, vous offrant une flexibilit\u00e9 maximale. O\u00f9 que vous alliez, avec le chargeur de batterie inclus, vous serez de nouveau pr\u00eat en un rien de temps &#8211; et vous pourrez poursuivre votre mission.<\/p>\n","protected":false},"excerpt":{"rendered":"<p>Performances maximales avec un poids minimal &#8211; Nocpix LUMI L19 : Votre observateur pour les for\u00eats et les prairies<\/p>\n","protected":false},"featured_media":685556,"template":"","meta":{"_acf_changed":false},"product_brand":[14455],"product_cat":[12164],"product_tag":[],"class_list":{"0":"post-685316","1":"product","2":"type-product","3":"status-publish","4":"has-post-thumbnail","6":"product_brand-nocpix","7":"product_cat-thermique","9":"first","10":"outofstock","11":"taxable","12":"shipping-taxable","13":"purchasable","14":"product-type-simple"},"acf":[],"_links":{"self":[{"href":"https:\/\/nbg.eu\/fr\/wp-json\/wp\/v2\/product\/685316","targetHints":{"allow":["GET"]}}],"collection":[{"href":"https:\/\/nbg.eu\/fr\/wp-json\/wp\/v2\/product"}],"about":[{"href":"https:\/\/nbg.eu\/fr\/wp-json\/wp\/v2\/types\/product"}],"wp:featuredmedia":[{"embeddable":true,"href":"https:\/\/nbg.eu\/fr\/wp-json\/wp\/v2\/media\/685556"}],"wp:attachment":[{"href":"https:\/\/nbg.eu\/fr\/wp-json\/wp\/v2\/media?parent=685316"}],"wp:term":[{"taxonomy":"product_brand","embeddable":true,"href":"https:\/\/nbg.eu\/fr\/wp-json\/wp\/v2\/product_brand?post=685316"},{"taxonomy":"product_cat","embeddable":true,"href":"https:\/\/nbg.eu\/fr\/wp-json\/wp\/v2\/product_cat?post=685316"},{"taxonomy":"product_tag","embeddable":true,"href":"https:\/\/nbg.eu\/fr\/wp-json\/wp\/v2\/product_tag?post=685316"}],"curies":[{"name":"wp","href":"https:\/\/api.w.org\/{rel}","templated":true}]}}