{"id":685626,"date":"2025-12-17T17:47:09","date_gmt":"2025-12-17T14:47:09","guid":{"rendered":"https:\/\/nbg.eu\/product\/lunette-thermique-lumi-h35r-avec-telemetre-laser\/"},"modified":"2026-01-21T11:58:52","modified_gmt":"2026-01-21T08:58:52","slug":"lunette-thermique-lumi-h35r-avec-telemetre-laser","status":"publish","type":"product","link":"https:\/\/nbg.eu\/fr\/produit\/lunette-thermique-lumi-h35r-avec-telemetre-laser\/","title":{"rendered":"Lunette thermique LUMI H35R avec t\u00e9l\u00e9m\u00e8tre laser"},"content":{"rendered":"<h2>Monoculaire thermique avec port\u00e9e de d\u00e9tection jusqu&rsquo;\u00e0 1800m, extr\u00eamement compact et l\u00e9ger !<\/h2>\n<p>T\u00e9l\u00e9m\u00e8tre laser int\u00e9gr\u00e9.<\/p>\n<p>Capteur haute r\u00e9solution et particuli\u00e8rement puissant : \u2264 18 mK NETD.<\/p>\n<p>Syst\u00e8me de batterie amovible avec batteries 18650<\/p>\n<p>Enregistrement vid\u00e9o, \u00e9tanche et fonctionnement particuli\u00e8rement silencieux.<\/p>\n<p>3 ans de garantie fabricant compl\u00e8te !<\/p>\n<h2>Autres fonctionnalit\u00e9s :<\/h2>\n<p>-T\u00e9l\u00e9m\u00e8tre laser int\u00e9gr\u00e9 pour une d\u00e9termination pr\u00e9cise de la distance de la cible<\/p>\n<p>-Haute qualit\u00e9 d&rsquo;image : M\u00eame dans des conditions m\u00e9t\u00e9orologiques extr\u00eames, la qualit\u00e9 de l&rsquo;image reste stable.<\/p>\n<p>-Capteur con\u00e7u sp\u00e9cialement pour la chasse : Assure un fonctionnement stable avec un NETD \u2264 18mK pour une qualit\u00e9 d&rsquo;image sup\u00e9rieure.<\/p>\n<p>-Objectif F0.9 : 20% de transmission de lumi\u00e8re en plus par rapport \u00e0 un objectif F1.0 pour des images plus lumineuses et plus claires.<\/p>\n<p>-Optimisation d&rsquo;image Reality+ : Des algorithmes avanc\u00e9s am\u00e9liorent la qualit\u00e9 de l&rsquo;image et \u00e9liminent le bruit d&rsquo;image.<\/p>\n<p>-Stabilisation \u00e9lectronique de l&rsquo;image : Pour des vid\u00e9os fluides et stables.<\/p>\n<p>-Palettes de couleurs confort oculaire : Des palettes rouges et vertes sp\u00e9ciales r\u00e9duisent la fatigue oculaire lors d&rsquo;une utilisation prolong\u00e9e.<\/p>\n<p>-Batterie 18650 amovible : Avec polarit\u00e9 invers\u00e9e pour un remplacement facile, id\u00e9al la nuit.<\/p>\n<p>-Boutons ultra-silencieux : Fonctionnement silencieux qui ne d\u00e9range pas la faune.<\/p>\n<p>-Design compact : L&rsquo;appareil est plus petit qu&rsquo;un t\u00e9l\u00e9phone portable et facile \u00e0 transporter.<\/p>\n<p>-Classe de protection IP67 : \u00c9tanche \u00e0 la poussi\u00e8re et \u00e0 l&rsquo;eau pour une utilisation dans des environnements extr\u00eames.<\/p>\n<p>-Conception ergonomique : Id\u00e9ale pour une utilisation en ext\u00e9rieur, confortable et conviviale.<\/p>\n<p>-L\u00e9ger : L&rsquo;appareil p\u00e8se moins de 345g.<\/p>\n<p>-Pupille de sortie de 10 mm : Offre une visibilit\u00e9 optimale et un angle de vision confortable.<\/p>\n<p>-Fiable la nuit : Gr\u00e2ce \u00e0 son fonctionnement silencieux et facile, il peut \u00eatre utilis\u00e9 de mani\u00e8re optimale m\u00eame dans les environnements sombres.<\/p>\n<p>-Batterie amovible : Permet d&rsquo;augmenter le temps de fonctionnement en rempla\u00e7ant les batteries.<\/p>\n<p>-Grande ouverture : Augmente la capture de lumi\u00e8re et la luminosit\u00e9 de l&rsquo;image dans des conditions d&rsquo;\u00e9clairage difficiles.<\/p>\n<p>-Microphone int\u00e9gr\u00e9 : Permet l&rsquo;enregistrement audio.<\/p>\n<p>-M\u00e9moire 32 Go : Pour les photos, les vid\u00e9os et les enregistrements audio.<\/p>\n<p>-Facile \u00e0 utiliser : Id\u00e9al pour les utilisateurs qui pr\u00e9f\u00e8rent un appareil compact et l\u00e9ger.<\/p>\n<p>-Algorithmes d&rsquo;imagerie IA R+ : Am\u00e9liore les d\u00e9tails de l&rsquo;image et exploite pleinement le potentiel du capteur.<\/p>\n","protected":false},"excerpt":{"rendered":"<p>Le capteur le plus avanc\u00e9 de sa cat\u00e9gorie (&lt;18 mK NETD). T\u00e9l\u00e9m\u00e8tre laser int\u00e9gr\u00e9. Particuli\u00e8rement facile \u00e0 utiliser : bo\u00eetier l\u00e9ger et compact. Syst\u00e8me de batterie rempla\u00e7able avec des batteries standard 18650.<\/p>\n<p>Si l&#039;article n&#039;est pas disponible, veuillez nous contacter : shop@nbg.eu ou +359896147790<\/p>\n","protected":false},"featured_media":685684,"template":"","meta":{"_acf_changed":false},"product_brand":[14455],"product_cat":[12164],"product_tag":[],"class_list":{"0":"post-685626","1":"product","2":"type-product","3":"status-publish","4":"has-post-thumbnail","6":"product_brand-nocpix","7":"product_cat-thermique","9":"first","10":"instock","11":"taxable","12":"shipping-taxable","13":"purchasable","14":"product-type-simple"},"acf":[],"_links":{"self":[{"href":"https:\/\/nbg.eu\/fr\/wp-json\/wp\/v2\/product\/685626","targetHints":{"allow":["GET"]}}],"collection":[{"href":"https:\/\/nbg.eu\/fr\/wp-json\/wp\/v2\/product"}],"about":[{"href":"https:\/\/nbg.eu\/fr\/wp-json\/wp\/v2\/types\/product"}],"wp:featuredmedia":[{"embeddable":true,"href":"https:\/\/nbg.eu\/fr\/wp-json\/wp\/v2\/media\/685684"}],"wp:attachment":[{"href":"https:\/\/nbg.eu\/fr\/wp-json\/wp\/v2\/media?parent=685626"}],"wp:term":[{"taxonomy":"product_brand","embeddable":true,"href":"https:\/\/nbg.eu\/fr\/wp-json\/wp\/v2\/product_brand?post=685626"},{"taxonomy":"product_cat","embeddable":true,"href":"https:\/\/nbg.eu\/fr\/wp-json\/wp\/v2\/product_cat?post=685626"},{"taxonomy":"product_tag","embeddable":true,"href":"https:\/\/nbg.eu\/fr\/wp-json\/wp\/v2\/product_tag?post=685626"}],"curies":[{"name":"wp","href":"https:\/\/api.w.org\/{rel}","templated":true}]}}