{"id":685789,"date":"2025-12-18T16:23:59","date_gmt":"2025-12-18T13:23:59","guid":{"rendered":"https:\/\/nbg.eu\/product\/jumelles-thermiques-nocpix-quest-h35r-lrf-640x512-netd-15mk\/"},"modified":"2026-01-21T12:22:39","modified_gmt":"2026-01-21T09:22:39","slug":"jumelles-thermiques-nocpix-quest-h35r-lrf-640x512-netd-15mk","status":"publish","type":"product","link":"https:\/\/nbg.eu\/fr\/produit\/jumelles-thermiques-nocpix-quest-h35r-lrf-640x512-netd-15mk\/","title":{"rendered":"Jumelles thermiques Nocpix Quest H35R LRF 640&#215;512 NETD &lt;15mK"},"content":{"rendered":"<h2>Nocpix QUEST H35R LRF 640&#215;512 Jumelles thermiques<\/h2>\n<p>QUEST est l\u00e9ger et portable, offrant une port\u00e9e de d\u00e9tection allant jusqu&rsquo;\u00e0 2600 m et un t\u00e9l\u00e9m\u00e8tre laser int\u00e9gr\u00e9 avec une port\u00e9e de 1000 m pour une pr\u00e9cision et une visibilit\u00e9 sup\u00e9rieures. Sa conception de jumelles traditionnelle comporte un rev\u00eatement en caoutchouc int\u00e9gral et une certification IP67 pour la durabilit\u00e9 et le confort dans des conditions difficiles. \u00c9quip\u00e9 d&rsquo;un capteur haute performance 640&#215;512 (NETD \u226415 mK, 60 Hz), QUEST offre une clart\u00e9 d&rsquo;image exceptionnelle, une sensibilit\u00e9 thermique sup\u00e9rieure et un fonctionnement sans probl\u00e8me dans des environnements difficiles.<\/p>\n<h2>Excellente exp\u00e9rience visuelle<\/h2>\n<p>Nocpix QUEST dispose de l&rsquo;am\u00e9lioration d&rsquo;image R+ pour une clart\u00e9 et une pr\u00e9cision sup\u00e9rieures, combin\u00e9es \u00e0 un \u00e9cran AMOLED 1920&#215;1200 pour une exp\u00e9rience d&rsquo;observation immersive et agr\u00e9able pour les yeux.<\/p>\n<h2>Un capteur sup\u00e9rieur assure l&rsquo;excellence<\/h2>\n<p>Nocpix QUEST est \u00e9quip\u00e9 d&rsquo;un capteur haute performance (640&#215;512@12\u00b5m) qui offre une clart\u00e9 d&rsquo;image exceptionnelle. Avec un NETD \u226415 mK et un taux de rafra\u00eechissement de 60 Hz, il offre une sensibilit\u00e9 thermique sup\u00e9rieure, produisant des images claires et visuelles m\u00eame dans les environnements les plus difficiles.<\/p>\n<h2>Capacit\u00e9s de d\u00e9tection puissantes<\/h2>\n<p>Nocpix QUEST offre une port\u00e9e de d\u00e9tection allant jusqu&rsquo;\u00e0 2600 m et un t\u00e9l\u00e9m\u00e8tre laser int\u00e9gr\u00e9 et discret avec une port\u00e9e jusqu&rsquo;\u00e0 1000 m, vous permettant de voir plus loin et avec plus de pr\u00e9cision que jamais. Il prend \u00e9galement en charge les calculs balistiques, fournissant un support de donn\u00e9es pour la chasse coop\u00e9rative.<\/p>\n<h2>Fonctionnement \u00e0 une main<\/h2>\n<p>Nocpix QUEST offre une pr\u00e9hension ergonomique et antid\u00e9rapante avec une disposition simplifi\u00e9e de 4 boutons et des molettes centrales pour une utilisation facile \u00e0 une main et une prise en main s\u00fbre dans toutes les conditions.<\/p>\n<h2>L\u00e9ger et portable<\/h2>\n<p>QUEST ne p\u00e8se que 700 g et est livr\u00e9 avec un sac de transport personnalis\u00e9, offrant une portabilit\u00e9 et un confort faciles pour les activit\u00e9s de plein air comme la chasse et l&rsquo;exploration.<\/p>\n<h2>\u00c9liminer l&rsquo;anxi\u00e9t\u00e9 concernant l&rsquo;alimentation<\/h2>\n<p>La s\u00e9rie QUEST comporte une conception \u00e0 double batterie avec une batterie int\u00e9gr\u00e9e et rempla\u00e7able 18650, assurant un remplacement sans probl\u00e8me et une utilisation continue pendant votre aventure.<\/p>\n<h2>La meilleure exp\u00e9rience de jumelles<\/h2>\n<p>QUEST dispose d&rsquo;une conception de jumelles traditionnelle avec un rev\u00eatement en caoutchouc sophistiqu\u00e9 et une certification IP67 pour la r\u00e9sistance \u00e0 l&rsquo;eau et \u00e0 la poussi\u00e8re, garantissant \u00e0 la fois la durabilit\u00e9 et le confort global.<\/p>\n","protected":false},"excerpt":{"rendered":"<p>Jumelles thermiques l\u00e9g\u00e8res et portatives avec une port\u00e9e de d\u00e9tection de 2600 m, un t\u00e9l\u00e9m\u00e8tre laser de 1000 m et une exceptionnelle clart\u00e9 d&rsquo;image.<\/p>\n","protected":false},"featured_media":686411,"template":"","meta":{"_acf_changed":false},"product_brand":[14455],"product_cat":[14682,12164],"product_tag":[],"class_list":{"0":"post-685789","1":"product","2":"type-product","3":"status-publish","4":"has-post-thumbnail","6":"product_brand-nocpix","7":"product_cat-jumelles","8":"product_cat-thermique","10":"first","11":"instock","12":"taxable","13":"shipping-taxable","14":"purchasable","15":"product-type-simple"},"acf":[],"_links":{"self":[{"href":"https:\/\/nbg.eu\/fr\/wp-json\/wp\/v2\/product\/685789","targetHints":{"allow":["GET"]}}],"collection":[{"href":"https:\/\/nbg.eu\/fr\/wp-json\/wp\/v2\/product"}],"about":[{"href":"https:\/\/nbg.eu\/fr\/wp-json\/wp\/v2\/types\/product"}],"wp:featuredmedia":[{"embeddable":true,"href":"https:\/\/nbg.eu\/fr\/wp-json\/wp\/v2\/media\/686411"}],"wp:attachment":[{"href":"https:\/\/nbg.eu\/fr\/wp-json\/wp\/v2\/media?parent=685789"}],"wp:term":[{"taxonomy":"product_brand","embeddable":true,"href":"https:\/\/nbg.eu\/fr\/wp-json\/wp\/v2\/product_brand?post=685789"},{"taxonomy":"product_cat","embeddable":true,"href":"https:\/\/nbg.eu\/fr\/wp-json\/wp\/v2\/product_cat?post=685789"},{"taxonomy":"product_tag","embeddable":true,"href":"https:\/\/nbg.eu\/fr\/wp-json\/wp\/v2\/product_tag?post=685789"}],"curies":[{"name":"wp","href":"https:\/\/api.w.org\/{rel}","templated":true}]}}