{"id":686434,"date":"2026-01-08T18:14:39","date_gmt":"2026-01-08T15:14:39","guid":{"rendered":"https:\/\/nbg.eu\/product\/embase-thermique-nocpix-mate-ultra-s60r\/"},"modified":"2026-04-14T15:55:21","modified_gmt":"2026-04-14T12:55:21","slug":"embase-thermique-nocpix-mate-ultra-s60r","status":"publish","type":"product","link":"https:\/\/nbg.eu\/fr\/produit\/embase-thermique-nocpix-mate-ultra-s60r\/","title":{"rendered":"Nocpix Adaptateur Thermique Mate Ultra S60R"},"content":{"rendered":"<h2>Transformez votre port\u00e9e de jour en un viseur thermique moderne avec le seul support thermique Nocpix MATE Ultra S60R 1280&#215;1024 &#8211; le meilleur support thermique \u00e0 montage avant con\u00e7u pour les chasseurs professionnels, les observateurs de la faune et les tireurs qui exigent la pr\u00e9cision.<\/h2>\n<p>Construit avec une technologie d&rsquo;imagerie de nouvelle g\u00e9n\u00e9ration, le Nocpix MATE Ultra S60R offre une clart\u00e9 in\u00e9gal\u00e9e, une d\u00e9tection longue port\u00e9e et des fonctionnalit\u00e9s de pointe pour des performances sup\u00e9rieures dans n&rsquo;importe quel environnement.<\/p>\n<h2>Qualit\u00e9 d&rsquo;image et port\u00e9e de d\u00e9tection exceptionnelles<\/h2>\n<p>Au c\u0153ur du Nocpix MATE Ultra S60R se trouve un capteur thermique HD 1280\u00d71024 de 2e g\u00e9n\u00e9ration avec un pas de pixel ultra-fin de 12 \u03bcm et une sensibilit\u00e9 de NETD \u226415mK, garantissant que m\u00eame les plus faibles diff\u00e9rences thermiques sont d\u00e9tect\u00e9es. Le grand objectif de 60 mm F1.0 capture plus d&rsquo;\u00e9nergie thermique pour des images cristallines et une port\u00e9e \u00e9tendue, offrant des distances de d\u00e9tection allant jusqu&rsquo;\u00e0 3 100 m. Que vous soyez \u00e0 l&rsquo;aff\u00fbt de cerfs \u00e0 l&rsquo;aube ou que vous scrutiez de vastes champs la nuit, le S60R veille \u00e0 ce qu&rsquo;aucun d\u00e9tail ne passe inaper\u00e7u.<\/p>\n<h2>Traitement d&rsquo;image avanc\u00e9 avec Reality+ AI<\/h2>\n<p>\u00c9quip\u00e9 de deux algorithmes d&rsquo;imagerie &#8211; un processeur d&rsquo;images puissant combin\u00e9 \u00e0 la technologie intelligente Reality+ &#8211; le MATE Ultra S60R s&rsquo;adapte automatiquement au grossissement de votre lunette. Cela garantit des images nettes, un zoom pr\u00e9cis et une stabilit\u00e9 d&rsquo;image constante, m\u00eame dans le brouillard, la bruine ou des conditions de faible luminosit\u00e9 difficiles.<\/p>\n<p>Magic Zoom (sans LITE) &#8211; Ajustement automatique de l&rsquo;image et de l&rsquo;interface en temps r\u00e9el pour un zoom fluide.<\/p>\n<p>7 palettes de couleurs diff\u00e9rentes &#8211; Choisissez la meilleure vue thermique pour chaque sc\u00e9nario.<\/p>\n<p>Affichage AMOLED 1920\u00d71080 &#8211; Images extr\u00eamement nettes avec un contraste vif.<\/p>\n<h2>Con\u00e7u pour la pr\u00e9cision et la chasse \u00e9thique<\/h2>\n<p>Avec un t\u00e9l\u00e9m\u00e8tre laser int\u00e9gr\u00e9 (jusqu&rsquo;\u00e0 1 200 m) et un calculateur balistique int\u00e9gr\u00e9, le S60R vous aide \u00e0 prendre des d\u00e9cisions de tir inform\u00e9es et \u00e9thiques. Le mode image dans l&rsquo;image (PIP) am\u00e9liore la pr\u00e9cision de vis\u00e9e, et la vid\u00e9o activ\u00e9e par le recul (RAV) garantit que chaque moment critique est captur\u00e9.<\/p>\n<p>Enregistrez des photos, des vid\u00e9os et de l&rsquo;audio avec une m\u00e9moire de 64 Go<\/p>\n<p>Wi-Fi et connectivit\u00e9 \u00e0 distance avec N-Link<\/p>\n<p>Technologie sans obturateur pour un fonctionnement silencieux et fiable<\/p>\n<h2>Solide, pratique et fiable<\/h2>\n<p>Con\u00e7u pour le terrain, le MATE Ultra S60R est \u00e0 la fois robuste et facile \u00e0 utiliser. Il pr\u00e9sente un grand oculaire de 60 mm avec une distorsion &lt;1 %, maintenant un point d&#039;impact stable et un alignement constant jusqu&#039;\u00e0 un grossissement de 16x. Aliment\u00e9 par des batteries rempla\u00e7ables 18650 (4 incluses pour l&#039;ULTRA), il offre une fiabilit\u00e9 durable pour des s\u00e9ances prolong\u00e9es en ext\u00e9rieur.<\/p>\n<h2>Principales sp\u00e9cifications<\/h2>\n<p>-Capteur Ultra 1280\u00d71024 60Hz Sub 15mk de 2e g\u00e9n\u00e9ration<\/p>\n<p>-Objectif F1.0 &#8211; capture de lumi\u00e8re sup\u00e9rieure<\/p>\n<p>-Port\u00e9e de d\u00e9tection jusqu&rsquo;\u00e0 3 100 m<\/p>\n<p>-T\u00e9l\u00e9m\u00e8tre laser int\u00e9gr\u00e9 1 200 m (sans LITE)<\/p>\n<p>-Traitement d&rsquo;image Reality+ avec intelligence artificielle<\/p>\n<p>-Prise en charge du calcul balistique<\/p>\n<p>-Enregistrement photo\/vid\u00e9o\/audio, m\u00e9moire 64 Go<\/p>\n<p>-Vid\u00e9o activ\u00e9e par le recul (RAV)<\/p>\n<p>-\u00c9cran AMOLED 1920\u00d71080<\/p>\n<p>-7 palettes de couleurs<\/p>\n<p>-Compatibilit\u00e9 Wi-Fi\/N-Link pour le contr\u00f4le \u00e0 distance<\/p>\n<p>-Batteries rempla\u00e7ables 18650<\/p>\n<h2>Pourquoi choisir le Nocpix MATE Ultra S60R ?<\/h2>\n<p>Si vous recherchez le support d&rsquo;imagerie thermique ultime pour votre lunette de vis\u00e9e, le MATE Ultra S60R offre la combinaison parfaite de d\u00e9tection longue port\u00e9e, de technologie d&rsquo;imagerie IA de pointe et de fiabilit\u00e9 sur le terrain. Qu&rsquo;il soit utilis\u00e9 pour la chasse, l&rsquo;observation de la faune ou les applications tactiques, il red\u00e9finit ce qu&rsquo;un support d&rsquo;imagerie thermique peut accomplir.<\/p>\n","protected":false},"excerpt":{"rendered":"<p>Transformez votre jour port\u00e9e en un viseur thermique moderne avec le seul support thermique Nocpix MATE Ultra S60R 1280&#215;1024 &#8211; le meilleur support thermique avant con\u00e7u pour les chasseurs professionnels, les observateurs de la faune et les tireurs qui exigent la pr\u00e9cision.<\/p>\n<p>Si l&rsquo;article n&rsquo;est pas disponible, veuillez nous contacter : shop@nbg.eu ou +359896147790<\/p>\n","protected":false},"featured_media":686537,"template":"","meta":{"_acf_changed":false},"product_brand":[14455],"product_cat":[16074,12164],"product_tag":[],"class_list":{"0":"post-686434","1":"product","2":"type-product","3":"status-publish","4":"has-post-thumbnail","6":"product_brand-nocpix","7":"product_cat-thermal-cameras-fr","8":"product_cat-thermique","10":"first","11":"instock","12":"taxable","13":"shipping-taxable","14":"purchasable","15":"product-type-simple"},"acf":[],"_links":{"self":[{"href":"https:\/\/nbg.eu\/fr\/wp-json\/wp\/v2\/product\/686434","targetHints":{"allow":["GET"]}}],"collection":[{"href":"https:\/\/nbg.eu\/fr\/wp-json\/wp\/v2\/product"}],"about":[{"href":"https:\/\/nbg.eu\/fr\/wp-json\/wp\/v2\/types\/product"}],"wp:featuredmedia":[{"embeddable":true,"href":"https:\/\/nbg.eu\/fr\/wp-json\/wp\/v2\/media\/686537"}],"wp:attachment":[{"href":"https:\/\/nbg.eu\/fr\/wp-json\/wp\/v2\/media?parent=686434"}],"wp:term":[{"taxonomy":"product_brand","embeddable":true,"href":"https:\/\/nbg.eu\/fr\/wp-json\/wp\/v2\/product_brand?post=686434"},{"taxonomy":"product_cat","embeddable":true,"href":"https:\/\/nbg.eu\/fr\/wp-json\/wp\/v2\/product_cat?post=686434"},{"taxonomy":"product_tag","embeddable":true,"href":"https:\/\/nbg.eu\/fr\/wp-json\/wp\/v2\/product_tag?post=686434"}],"curies":[{"name":"wp","href":"https:\/\/api.w.org\/{rel}","templated":true}]}}