{"id":686575,"date":"2026-01-08T18:15:06","date_gmt":"2026-01-08T15:15:06","guid":{"rendered":"https:\/\/nbg.eu\/product\/lunette-thermique-nocpix-mate-h50r\/"},"modified":"2026-04-14T15:55:18","modified_gmt":"2026-04-14T12:55:18","slug":"lunette-thermique-nocpix-mate-h50r","status":"publish","type":"product","link":"https:\/\/nbg.eu\/fr\/produit\/lunette-thermique-nocpix-mate-h50r\/","title":{"rendered":"Nocpix Viseur Thermique Mate H50R"},"content":{"rendered":"<h2>Transformez votre lunette de jour en lunette de vis\u00e9e thermique moderne avec le Nocpix MATE H50R<\/h2>\n<p>Transformez votre lunette de jour en lunette de vis\u00e9e thermique moderne avec le seul Nocpix MATE H50R avec un capteur thermique 640X512 &#8211; la meilleure lunette de vis\u00e9e thermique mont\u00e9e \u00e0 l&rsquo;avant, con\u00e7ue pour les chasseurs professionnels, les observateurs de la faune et les tireurs qui exigent la pr\u00e9cision.<\/p>\n<p>\u00c9quip\u00e9 d&rsquo;une technologie d&rsquo;imagerie de nouvelle g\u00e9n\u00e9ration, le Nocpix MATE H50R offre une clart\u00e9 in\u00e9gal\u00e9e, une d\u00e9tection longue port\u00e9e et des fonctionnalit\u00e9s de pointe pour des performances sup\u00e9rieures dans n&rsquo;importe quel environnement.<\/p>\n<h2>Qualit\u00e9 d&rsquo;image exceptionnelle et port\u00e9e de d\u00e9tection<\/h2>\n<p>Au c\u0153ur du Nocpix MATE Ultra H50R se trouve un capteur thermique HD 640X512 de 2e g\u00e9n\u00e9ration avec un pas de pixels ultra-fin de 12 \u03bcm et une sensibilit\u00e9 de NETD \u226415 mK, garantissant que m\u00eame les plus faibles diff\u00e9rences thermiques seront d\u00e9tect\u00e9es. L&rsquo;objectif grand angle de 50 mm F1.0 capture plus d&rsquo;\u00e9nergie thermique pour des images cristallines et une port\u00e9e \u00e9tendue, offrant des distances de d\u00e9tection allant jusqu&rsquo;\u00e0 2600 m. Que vous traquez des cerfs \u00e0 l&rsquo;aube ou que vous scrutiez de vastes champs la nuit, le H50R garantit qu&rsquo;aucun d\u00e9tail ne vous \u00e9chappera.<\/p>\n<h2>Traitement d&rsquo;image avanc\u00e9 avec Reality+ AI<\/h2>\n<p>\u00c9quip\u00e9 de deux algorithmes d&rsquo;imagerie &#8211; un processeur d&rsquo;image puissant combin\u00e9 \u00e0 la technologie intelligente Reality+ &#8211; le MATE Ultra H50R s&rsquo;adapte automatiquement au grossissement de votre lunette. Cela garantit des images nettes, un zoom pr\u00e9cis et une stabilit\u00e9 d&rsquo;image constante, m\u00eame dans le brouillard, la bruine ou des conditions de faible luminosit\u00e9 difficiles.<\/p>\n<h2>Con\u00e7u pour la pr\u00e9cision et la chasse \u00e9thique<\/h2>\n<p>Avec un t\u00e9l\u00e9m\u00e8tre laser int\u00e9gr\u00e9 (jusqu&rsquo;\u00e0 1200 m) et un calculateur balistique int\u00e9gr\u00e9, le H50R vous aide \u00e0 prendre des d\u00e9cisions de tir inform\u00e9es et \u00e9thiques. Le mode image-dans-image (PIP) am\u00e9liore la pr\u00e9cision de vis\u00e9e et l&rsquo;enregistrement vid\u00e9o activ\u00e9 par le recul (RAV) garantit que chaque moment critique est captur\u00e9.<\/p>\n<h2>Robuste, pratique et fiable<\/h2>\n<p>Con\u00e7u pour le terrain, le MATE Ultra H50R est \u00e0 la fois robuste et facile \u00e0 utiliser. Il dispose d&rsquo;un grand oculaire de 60 mm avec une distorsion &lt;1%, maintenant un point d&#039;impact stable et un alignement constant jusqu&#039;\u00e0 un grossissement de 16x. Aliment\u00e9 par des batteries rempla\u00e7ables 18650 (4 incluses pour l&#039;ULTRA), il offre une fiabilit\u00e9 durable pour des sessions ext\u00e9rieures prolong\u00e9es.<\/p>\n","protected":false},"excerpt":{"rendered":"<p>Transformez votre jour en une lunette de vis\u00e9e thermique moderne avec le seul support thermique Nocpix MATE H50R 640X512 &#8211; le meilleur support thermique avant con\u00e7u pour les chasseurs professionnels, les observateurs de la faune et les tireurs qui exigent la pr\u00e9cision.<\/p>\n<p>Si l&rsquo;article n&rsquo;est pas disponible, veuillez nous contacter : shop@nbg.eu ou +359896147790<\/p>\n","protected":false},"featured_media":686666,"template":"","meta":{"_acf_changed":false},"product_brand":[14455],"product_cat":[12164],"product_tag":[],"class_list":{"0":"post-686575","1":"product","2":"type-product","3":"status-publish","4":"has-post-thumbnail","6":"product_brand-nocpix","7":"product_cat-thermique","9":"first","10":"instock","11":"taxable","12":"shipping-taxable","13":"purchasable","14":"product-type-simple"},"acf":[],"_links":{"self":[{"href":"https:\/\/nbg.eu\/fr\/wp-json\/wp\/v2\/product\/686575","targetHints":{"allow":["GET"]}}],"collection":[{"href":"https:\/\/nbg.eu\/fr\/wp-json\/wp\/v2\/product"}],"about":[{"href":"https:\/\/nbg.eu\/fr\/wp-json\/wp\/v2\/types\/product"}],"wp:featuredmedia":[{"embeddable":true,"href":"https:\/\/nbg.eu\/fr\/wp-json\/wp\/v2\/media\/686666"}],"wp:attachment":[{"href":"https:\/\/nbg.eu\/fr\/wp-json\/wp\/v2\/media?parent=686575"}],"wp:term":[{"taxonomy":"product_brand","embeddable":true,"href":"https:\/\/nbg.eu\/fr\/wp-json\/wp\/v2\/product_brand?post=686575"},{"taxonomy":"product_cat","embeddable":true,"href":"https:\/\/nbg.eu\/fr\/wp-json\/wp\/v2\/product_cat?post=686575"},{"taxonomy":"product_tag","embeddable":true,"href":"https:\/\/nbg.eu\/fr\/wp-json\/wp\/v2\/product_tag?post=686575"}],"curies":[{"name":"wp","href":"https:\/\/api.w.org\/{rel}","templated":true}]}}