{"id":686684,"date":"2026-01-08T18:14:07","date_gmt":"2026-01-08T15:14:07","guid":{"rendered":"https:\/\/nbg.eu\/product\/camera-thermique-nocpix-ace-l35-capteur-384x288-objectif-35mm\/"},"modified":"2026-04-14T15:55:35","modified_gmt":"2026-04-14T12:55:35","slug":"camera-thermique-nocpix-ace-l35-capteur-384x288-objectif-35mm","status":"publish","type":"product","link":"https:\/\/nbg.eu\/fr\/produit\/camera-thermique-nocpix-ace-l35-capteur-384x288-objectif-35mm\/","title":{"rendered":"Nocpix Cam\u00e9ra Thermique ACE L35"},"content":{"rendered":"<h2>Cam\u00e9ra thermique Nocpix ACE L35<\/h2>\n<p>Le Nocpix ACE L35 est con\u00e7u autour de l&rsquo;id\u00e9e de combiner les fonctionnalit\u00e9s de pointe demand\u00e9es par les utilisateurs dans une optique simplifi\u00e9e qui \u00e9quilibre les capacit\u00e9s avanc\u00e9es avec la facilit\u00e9 d&rsquo;utilisation sur le terrain. Con\u00e7u pour ressembler \u00e0 une optique de jour traditionnelle, l&rsquo;ACE est compatible avec les fusils \u00e0 verrou ou semi-automatiques utilisant des supports et des anneaux standard de 30 mm. La combinaison d&rsquo;une batterie de charge interne USB-C et d&rsquo;une batterie rechargeable amovible 18650 permet aux utilisateurs d&rsquo;\u00e9changer des batteries en cours de route pour une autonomie illimit\u00e9e. Un oculaire de grossissement de 1x \u00e0 3x fournit un grossissement optique de l&rsquo;affichage AMOLED circulaire de 2560 x 2560 \u00e0 l&rsquo;int\u00e9rieur de l&rsquo;oculaire. Le syst\u00e8me Vision+ combine cet \u00e9cran haute r\u00e9solution avec un capteur NETD de 18 mK pour une imagerie incroyablement d\u00e9taill\u00e9e et pr\u00e9cise.<\/p>\n<p>Le Nocpix ACE L35 offre une option plus abordable dans la gamme ACE pour les chasseurs de pr\u00e9dateurs et de faune sauvage qui n&rsquo;ont pas besoin d&rsquo;un t\u00e9l\u00e9m\u00e8tre laser ou d&rsquo;un capteur \u00e0 plus haute r\u00e9solution. Avec un prix extr\u00eamement int\u00e9ressant, l&rsquo;ACE L35 conserve toutes les autres fonctionnalit\u00e9s de la gamme de lunettes de tir thermiques ACE.<\/p>\n<p>Un oculaire optique avec un grossissement de 1 \u00e0 3x fournit un grossissement suppl\u00e9mentaire de l&rsquo;affichage sans changer l&rsquo;\u00e9chelle ou le zoom num\u00e9rique. Un affichage AMOLED circulaire haute-contraste avec une r\u00e9solution de 2560 x 2560 offre une clart\u00e9 et un d\u00e9tail accrus. Des commandes simplifi\u00e9es offrent une meilleure ergonomie et une meilleure exp\u00e9rience utilisateur sur le terrain. Il utilise des batteries rechargeables 18650 standard. La fonction de calculateur balistique affiche les valeurs de chute de balle en fonction des donn\u00e9es du t\u00e9l\u00e9m\u00e8tre laser et d&rsquo;un profil de munition personnalis\u00e9 par l&rsquo;utilisateur. Rechargez l&rsquo;appareil via un port USB-C verrouillable sp\u00e9cialement con\u00e7u.<\/p>\n","protected":false},"excerpt":{"rendered":"<p>La cam\u00e9ra thermique Nocpix ACE L35 dispose d&rsquo;un capteur de 384&#215;288, d&rsquo;un objectif de 35 mm, d&rsquo;un zoom num\u00e9rique 4x et d&rsquo;un taux de rafra\u00eechissement de 60 Hz, avec une port\u00e9e de d\u00e9tection de 1 800 m\u00e8tres.<\/p>\n<p>Si l&rsquo;article n&rsquo;est pas disponible, veuillez nous contacter : shop@nbg.eu ou +359896147790<\/p>\n","protected":false},"featured_media":686746,"template":"","meta":{"_acf_changed":false},"product_brand":[14455],"product_cat":[16074],"product_tag":[],"class_list":{"0":"post-686684","1":"product","2":"type-product","3":"status-publish","4":"has-post-thumbnail","6":"product_brand-nocpix","7":"product_cat-thermal-cameras-fr","9":"first","10":"instock","11":"taxable","12":"shipping-taxable","13":"purchasable","14":"product-type-simple"},"acf":[],"_links":{"self":[{"href":"https:\/\/nbg.eu\/fr\/wp-json\/wp\/v2\/product\/686684","targetHints":{"allow":["GET"]}}],"collection":[{"href":"https:\/\/nbg.eu\/fr\/wp-json\/wp\/v2\/product"}],"about":[{"href":"https:\/\/nbg.eu\/fr\/wp-json\/wp\/v2\/types\/product"}],"wp:featuredmedia":[{"embeddable":true,"href":"https:\/\/nbg.eu\/fr\/wp-json\/wp\/v2\/media\/686746"}],"wp:attachment":[{"href":"https:\/\/nbg.eu\/fr\/wp-json\/wp\/v2\/media?parent=686684"}],"wp:term":[{"taxonomy":"product_brand","embeddable":true,"href":"https:\/\/nbg.eu\/fr\/wp-json\/wp\/v2\/product_brand?post=686684"},{"taxonomy":"product_cat","embeddable":true,"href":"https:\/\/nbg.eu\/fr\/wp-json\/wp\/v2\/product_cat?post=686684"},{"taxonomy":"product_tag","embeddable":true,"href":"https:\/\/nbg.eu\/fr\/wp-json\/wp\/v2\/product_tag?post=686684"}],"curies":[{"name":"wp","href":"https:\/\/api.w.org\/{rel}","templated":true}]}}