{"id":686819,"date":"2026-01-08T18:13:27","date_gmt":"2026-01-08T15:13:27","guid":{"rendered":"https:\/\/nbg.eu\/product\/camera-thermique-nocpix-ace-h50r-12um-640x512-zeiss-rail\/"},"modified":"2026-04-14T17:19:09","modified_gmt":"2026-04-14T14:19:09","slug":"camera-thermique-nocpix-ace-h50r-12um-640x512-zeiss-rail","status":"publish","type":"product","link":"https:\/\/nbg.eu\/fr\/produit\/camera-thermique-nocpix-ace-h50r-12um-640x512-zeiss-rail\/","title":{"rendered":"Nocpix Cam\u00e9ra Thermique ACE H50R ZEISS RAIL"},"content":{"rendered":"<h2>Nocpix ACE H50R Port\u00e9e Thermique de Carabine: Pr\u00e9cision et Clart\u00e9 de Chasse In\u00e9gal\u00e9es<\/h2>\n<p>La port\u00e9e thermique de carabine Nocpix ACE H50R allie technologie de pointe et durabilit\u00e9 robuste pour une exp\u00e9rience de chasse in\u00e9gal\u00e9e. Elle dispose d&rsquo;un capteur thermique de r\u00e9solution 640&#215;512 avec un NETD \u226412mK pour une clart\u00e9 d&rsquo;image exceptionnelle, une port\u00e9e de d\u00e9tection de 3100 m\u00e8tres et un t\u00e9l\u00e9m\u00e8tre laser int\u00e9gr\u00e9 pour des mesures pr\u00e9cises jusqu&rsquo;\u00e0 1200 m\u00e8tres. Le syst\u00e8me innovant Vision+ offre un grossissement oculaire pour des gros plans nets, tandis qu&rsquo;un syst\u00e8me de double batterie assure une utilisation durable. Fabriqu\u00e9e en alliage d&rsquo;aluminium haute r\u00e9sistance et class\u00e9e IP67, cette port\u00e9e est con\u00e7ue pour exceller dans n&rsquo;importe quel environnement ext\u00e9rieur et s&rsquo;adapter \u00e0 toute situation.<\/p>\n<p>La port\u00e9e thermique de carabine Nocpix ACE H50 est un outil de pointe con\u00e7u pour red\u00e9finir l&rsquo;exp\u00e9rience de chasse, que ce soit dans l&rsquo;obscurit\u00e9 de la nuit ou en traquant une proie \u00e0 travers un terrain difficile. Faisant partie de la s\u00e9rie phare ACE de Nocpix, cette port\u00e9e optique thermique se distingue par sa qualit\u00e9 d&rsquo;image et sa pr\u00e9cision sup\u00e9rieures, gr\u00e2ce \u00e0 son capteur thermique haute r\u00e9solution d\u00e9velopp\u00e9 en interne et \u00e0 ses syst\u00e8mes avanc\u00e9s Reality+ et Vision+.<\/p>\n<p>Au c\u0153ur de l&rsquo;ACE H50R de Nocpix se trouve son capteur thermique HD de 2e g\u00e9n\u00e9ration, qui affiche une r\u00e9solution de 640&#215;512 et un taux de rafra\u00eechissement de 60 Hz, offrant des performances incroyablement stables. Avec un NETD \u226412mK, cette port\u00e9e d\u00e9tecte m\u00eame les plus petites diff\u00e9rences de temp\u00e9rature, fournissant des images thermiques d\u00e9taill\u00e9es et fluides, id\u00e9ales pour suivre des cibles rapides en temps r\u00e9el. L&rsquo;algorithme d&rsquo;imagerie avanc\u00e9 Reality+ am\u00e9liore encore cela en \u00e9liminant le bruit de temp\u00e9rature ambiante, offrant un contraste et une clart\u00e9 sup\u00e9rieurs, m\u00eame dans des conditions de chasse difficiles.<\/p>\n<p>L&rsquo;ACE H50R est \u00e9quip\u00e9 d&rsquo;un objectif de 50 mm\/F0,9 qui permet \u00e0 20% de lumi\u00e8re suppl\u00e9mentaire d&rsquo;atteindre le capteur, cr\u00e9ant des images plus lumineuses et plus claires. Cela est crucial pour les chasseurs qui recherchent la pr\u00e9cision, car la meilleure transmission de la lumi\u00e8re offre une meilleure visibilit\u00e9 dans les environnements peu \u00e9clair\u00e9s. De plus, la port\u00e9e de d\u00e9tection de 3100 m\u00e8tres distingue l&rsquo;ACE, rendant l&rsquo;identification et le suivi de cibles distantes plus faciles et plus efficaces que jamais.<\/p>\n<p>Le syst\u00e8me Vision+ int\u00e9gr\u00e9 am\u00e9liore l&rsquo;exp\u00e9rience visuelle avec un affichage AMOLED circulaire de 1,03 pouce et une r\u00e9solution de 2560&#215;2560. Son syst\u00e8me de zoom optique, con\u00e7u pour \u00e9viter le flou et la distorsion typiquement associ\u00e9s aux zooms \u00e9lectroniques traditionnels, garantit aux chasseurs des vues de pr\u00e8s en haute r\u00e9solution sans perte de d\u00e9tail. Cela offre une exp\u00e9rience de visionnage immersive et confortable, que vous soyez en train de rep\u00e9rer une proie \u00e0 distance ou de viser avec pr\u00e9cision.<\/p>\n<p>Con\u00e7u pour une utilisation prolong\u00e9e sur le terrain, l&rsquo;ACE dispose d&rsquo;un syst\u00e8me \u00e0 double batterie avec une batterie int\u00e9gr\u00e9e de 4000 mAh et une batterie amovible suppl\u00e9mentaire de 18650, permettant un fonctionnement ininterrompu pendant les longues sessions de chasse. La conception robuste, en alliage d&rsquo;aluminium haute r\u00e9sistance, garantit que l&rsquo;ACE peut r\u00e9sister aux environnements ext\u00e9rieurs difficiles et \u00e0 une utilisation intensive, ayant pass\u00e9 des tests de r\u00e9sistance aux chocs rigoureux. Avec une classification d&rsquo;\u00e9tanch\u00e9it\u00e9 IP67, la port\u00e9e reste fiable dans des conditions m\u00e9t\u00e9orologiques d\u00e9favorables, offrant aux chasseurs la tranquillit\u00e9 d&rsquo;esprit quel que soit l&rsquo;environnement.<\/p>\n<p>Con\u00e7ue pour les chasseurs, la Nocpix ACE H50R comprend des fonctionalit\u00e9s essentielles comme l&rsquo;enregistrement vid\u00e9o activ\u00e9 par les reculs et une conception sans obturateur pour une utilisation sans tracas sur le terrain. Avec des ajouts pratiques comme un ajusteur de mise au point, un couvercle de charge et la possibilit\u00e9 de lire directement les vid\u00e9os via la fonction Galerie, cette port\u00e9e associe hautes performances et commodit\u00e9 pour une exp\u00e9rience de chasse optimale.<\/p>\n","protected":false},"excerpt":{"rendered":"<p>Lunette de tir thermique Nocpix ACE H50R combinant un capteur avanc\u00e9 de 640&#215;512 12um, une d\u00e9tection de 3100m et un t\u00e9l\u00e9m\u00e8tre laser int\u00e9gr\u00e9 pour une chasse sans \u00e9gale.<\/p>\n<p>Si l&rsquo;article n&rsquo;est pas disponible, veuillez nous contacter : shop@nbg.eu ou +359896147790<\/p>\n<p>\n","protected":false},"featured_media":686918,"template":"","meta":{"_acf_changed":false},"product_brand":[14455],"product_cat":[16074],"product_tag":[],"class_list":{"0":"post-686819","1":"product","2":"type-product","3":"status-publish","4":"has-post-thumbnail","6":"product_brand-nocpix","7":"product_cat-thermal-cameras-fr","9":"first","10":"instock","11":"taxable","12":"shipping-taxable","13":"purchasable","14":"product-type-simple"},"acf":[],"_links":{"self":[{"href":"https:\/\/nbg.eu\/fr\/wp-json\/wp\/v2\/product\/686819","targetHints":{"allow":["GET"]}}],"collection":[{"href":"https:\/\/nbg.eu\/fr\/wp-json\/wp\/v2\/product"}],"about":[{"href":"https:\/\/nbg.eu\/fr\/wp-json\/wp\/v2\/types\/product"}],"wp:featuredmedia":[{"embeddable":true,"href":"https:\/\/nbg.eu\/fr\/wp-json\/wp\/v2\/media\/686918"}],"wp:attachment":[{"href":"https:\/\/nbg.eu\/fr\/wp-json\/wp\/v2\/media?parent=686819"}],"wp:term":[{"taxonomy":"product_brand","embeddable":true,"href":"https:\/\/nbg.eu\/fr\/wp-json\/wp\/v2\/product_brand?post=686819"},{"taxonomy":"product_cat","embeddable":true,"href":"https:\/\/nbg.eu\/fr\/wp-json\/wp\/v2\/product_cat?post=686819"},{"taxonomy":"product_tag","embeddable":true,"href":"https:\/\/nbg.eu\/fr\/wp-json\/wp\/v2\/product_tag?post=686819"}],"curies":[{"name":"wp","href":"https:\/\/api.w.org\/{rel}","templated":true}]}}